{"id":11812,"date":"2025-12-18T10:25:51","date_gmt":"2025-12-18T10:25:51","guid":{"rendered":"https:\/\/sabanadelamartours.com\/?post_type=product&#038;p=11812"},"modified":"2026-01-06T12:01:58","modified_gmt":"2026-01-06T12:01:58","slug":"-83","status":"publish","type":"product","link":"https:\/\/sabanadelamartours.com\/de\/tour\/-83\/","title":{"rendered":"Nationalpark Los Haitises: Boots- und Wandertour mit Mittagessen"},"content":{"rendered":"<p>Embark on a full-day trip from Saman\u00e1 to Los Haitises National park, and explore the park&#8217;s natural beauty. See the park&#8217;s beautiful scenery, and look for a variety of species while you explore. Enjoy a typical Dominican lunch buffet on Cayo Levantado.<\/p>\n<p>Slalom by the many islets that form this amazing National Park. See the park&#8217;s natural attractions, like the mangroves, and some of the park&#8217;s various bird species like pelicans, herons, and the Ridgway&#8217;s hawk.<\/p>\n<p>Take the time to see historic caves and spectacular scenery. Marvel at the caves, which have some of the highest numbers of indigenous petroglyphs and pictographs in the country.<\/p>\n<div class=\"toggle-content__content toggle-content__content--expanded toggle-content__content--packable\" data-v-59485d64=\"\">\n<div data-test-id=\"activity-full-description-text\" data-v-5835c99c=\"\">Travel to Cayo Levantado, also known as Bacardi Island, and enjoy the picturesque destination&#8217;s warm beaches, and a buffet lunch of typical Dominican food.<\/div>\n<\/div>\n<div class=\"toggle-content__label-placeholder\" data-v-59485d64=\"\"><\/div>","protected":false},"excerpt":{"rendered":"<div data-track=\"overview\" data-v-83a2b402=\"\">\n<section id=\"activity-overview\" class=\"activity-overview\" data-component=\"overview\" data-v-83a2b402=\"\" data-v-f3236c42=\"\">\n<p class=\"activity-overview__content\" data-test-id=\"activity-overview-content\" data-v-f3236c42=\"\">Besuchen Sie den Nationalpark Los Haitises mit einem Bootsf\u00fchrer auf einem Ganztagesausflug von Saman\u00e1 aus. Erkunden Sie H\u00f6hlen zu Fu\u00df und genie\u00dfen Sie ein typisch dominikanisches Mittagsbuffet auf der malerischen Insel Cayo Levantado.<\/p>\n<\/section>\n<\/div>\n<div data-track=\"key-details\" data-v-83a2b402=\"\"><\/div>","protected":false},"featured_media":12106,"template":"","meta":[],"product_brand":[],"product_cat":[97],"product_tag":[101,102],"class_list":{"0":"post-11812","1":"product","2":"type-product","3":"status-publish","4":"has-post-thumbnail","6":"product_cat-dominican-republic","7":"product_tag-excursion","8":"product_tag-tour","10":"first","11":"instock","12":"shipping-taxable","13":"product-type-external"},"_links":{"self":[{"href":"https:\/\/sabanadelamartours.com\/de\/wp-json\/wp\/v2\/product\/11812","targetHints":{"allow":["GET"]}}],"collection":[{"href":"https:\/\/sabanadelamartours.com\/de\/wp-json\/wp\/v2\/product"}],"about":[{"href":"https:\/\/sabanadelamartours.com\/de\/wp-json\/wp\/v2\/types\/product"}],"version-history":[{"count":1,"href":"https:\/\/sabanadelamartours.com\/de\/wp-json\/wp\/v2\/product\/11812\/revisions"}],"predecessor-version":[{"id":18523,"href":"https:\/\/sabanadelamartours.com\/de\/wp-json\/wp\/v2\/product\/11812\/revisions\/18523"}],"wp:featuredmedia":[{"embeddable":true,"href":"https:\/\/sabanadelamartours.com\/de\/wp-json\/wp\/v2\/media\/12106"}],"wp:attachment":[{"href":"https:\/\/sabanadelamartours.com\/de\/wp-json\/wp\/v2\/media?parent=11812"}],"wp:term":[{"taxonomy":"product_brand","embeddable":true,"href":"https:\/\/sabanadelamartours.com\/de\/wp-json\/wp\/v2\/product_brand?post=11812"},{"taxonomy":"product_cat","embeddable":true,"href":"https:\/\/sabanadelamartours.com\/de\/wp-json\/wp\/v2\/product_cat?post=11812"},{"taxonomy":"product_tag","embeddable":true,"href":"https:\/\/sabanadelamartours.com\/de\/wp-json\/wp\/v2\/product_tag?post=11812"}],"curies":[{"name":"wp","href":"https:\/\/api.w.org\/{rel}","templated":true}]}}