{"id":11922,"date":"2025-12-18T10:30:41","date_gmt":"2025-12-18T10:30:41","guid":{"rendered":"https:\/\/sabanadelamartours.com\/?post_type=product&#038;p=11922"},"modified":"2026-02-14T05:56:36","modified_gmt":"2026-02-14T05:56:36","slug":"-93","status":"publish","type":"product","link":"https:\/\/sabanadelamartours.com\/de\/tour\/-93\/","title":{"rendered":"Juan Dolio: Samana, Wasserfall El Limon und Cayo Levantado"},"content":{"rendered":"<p>Saman\u00e1 ist ein Eldorado f\u00fcr alle, die die Natur sch\u00e4tzen und den Nervenkitzel des Abenteuers suchen. Hier finden Sie majest\u00e4tische gr\u00fcne Berge, wundersch\u00f6ne Str\u00e4nde sowie charmante, malerische St\u00e4dte, die es Ihnen erm\u00f6glichen, in die lokale Authentizit\u00e4t einzutauchen und die reiche traditionelle dominikanische Lebensweise und Kultur zu erkunden.<\/p>\n<p>Dieses Erlebnis in Saman\u00e1 ist ein ganzer Tag, der der Entdeckung eines weiteren der erstaunlichen Ziele gewidmet ist, die die Dominikanische Republik f\u00fcr ihre Besucher bereith\u00e4lt.<\/p>\n<p>Wir besuchen den Salto del Lim\u00f3n, wo wir auf dem R\u00fccken eines Maultiers oder eines Pferdes einen ruhigen Ritt durch einen \u00fcppigen tropischen Feuchtwald unternehmen werden. W\u00e4hrend dieser Reise haben wir die M\u00f6glichkeit, in die \u00fcppige l\u00e4ndliche Landschaft einzutauchen, die von einer dichten Vegetation mit tropischen Pflanzen umgeben ist.<\/p>\n<p>Der Lim\u00f3n-Wasserfall besteht aus drei Wasserf\u00e4llen, durch die das Wasser eine massive Wand mit gr\u00fcnlichem Farbton hinunterrutscht, was auf das Vorhandensein zahlreicher Farne und die f\u00fcr die Region charakteristische hohe Luftfeuchtigkeit zur\u00fcckzuf\u00fchren ist. Der Wasserfall m\u00fcndet in ein nat\u00fcrliches Becken mit frischem, kristallklarem Wasser, in dem der Besucher ein entspannendes Bad nehmen kann.<\/p>\n<div class=\"toggle-content__content toggle-content__content--expanded toggle-content__content--packable\" data-v-59485d64=\"\">\n<div data-test-id=\"activity-full-description-text\" data-v-5835c99c=\"\">Nach etwa 40 Minuten am Wasserfall kehrten wir zur Ranch zur\u00fcck und machten uns auf den Weg zum Restaurant, um ein typisch dominikanisches Mittagessen zu genie\u00dfen. Nach dem Essen fahren wir zur Insel Cayo Levantado oder Bacardi, wo wir uns an den wei\u00dfen Sandstr\u00e4nden und dem kristallklaren Wasser erfreuen oder einfach im Schatten der Kokospalmen entspannen k\u00f6nnen. Au\u00dferdem haben Sie die M\u00f6glichkeit, Souvenirs aus lokalem Kunsthandwerk als Zeugnis Ihres Besuchs zu erwerben. Nach 1 Stunde und 30 Minuten machen wir uns auf den Weg nach Las Ca\u00f1itas, um unsere Erkundung fortzusetzen.<\/div>\n<\/div>\n<div class=\"toggle-content__label-placeholder\" data-v-59485d64=\"\"><\/div>","protected":false},"excerpt":{"rendered":"<div data-track=\"overview\" data-v-83a2b402=\"\">\n<section id=\"activity-overview\" class=\"activity-overview\" data-component=\"overview\" data-v-83a2b402=\"\" data-v-f3236c42=\"\">\n<p class=\"activity-overview__content\" data-test-id=\"activity-overview-content\" data-v-f3236c42=\"\">Lernen Sie Saman\u00e1 kennen, unternehmen Sie einen Ausritt zum beeindruckenden Wasserfall El Lim\u00f3n, entspannen Sie sich unter der Sonne und im Wasser von Cayo Levantado.<\/p>\n<\/section>\n<\/div>\n<div data-track=\"key-details\" data-v-83a2b402=\"\"><\/div>","protected":false},"featured_media":12248,"template":"","meta":[],"product_brand":[],"product_cat":[97],"product_tag":[101,102],"class_list":{"0":"post-11922","1":"product","2":"type-product","3":"status-publish","4":"has-post-thumbnail","6":"product_cat-dominican-republic","7":"product_tag-excursion","8":"product_tag-tour","10":"first","11":"instock","12":"shipping-taxable","13":"product-type-external"},"_links":{"self":[{"href":"https:\/\/sabanadelamartours.com\/de\/wp-json\/wp\/v2\/product\/11922","targetHints":{"allow":["GET"]}}],"collection":[{"href":"https:\/\/sabanadelamartours.com\/de\/wp-json\/wp\/v2\/product"}],"about":[{"href":"https:\/\/sabanadelamartours.com\/de\/wp-json\/wp\/v2\/types\/product"}],"version-history":[{"count":1,"href":"https:\/\/sabanadelamartours.com\/de\/wp-json\/wp\/v2\/product\/11922\/revisions"}],"predecessor-version":[{"id":19262,"href":"https:\/\/sabanadelamartours.com\/de\/wp-json\/wp\/v2\/product\/11922\/revisions\/19262"}],"wp:featuredmedia":[{"embeddable":true,"href":"https:\/\/sabanadelamartours.com\/de\/wp-json\/wp\/v2\/media\/12248"}],"wp:attachment":[{"href":"https:\/\/sabanadelamartours.com\/de\/wp-json\/wp\/v2\/media?parent=11922"}],"wp:term":[{"taxonomy":"product_brand","embeddable":true,"href":"https:\/\/sabanadelamartours.com\/de\/wp-json\/wp\/v2\/product_brand?post=11922"},{"taxonomy":"product_cat","embeddable":true,"href":"https:\/\/sabanadelamartours.com\/de\/wp-json\/wp\/v2\/product_cat?post=11922"},{"taxonomy":"product_tag","embeddable":true,"href":"https:\/\/sabanadelamartours.com\/de\/wp-json\/wp\/v2\/product_tag?post=11922"}],"curies":[{"name":"wp","href":"https:\/\/api.w.org\/{rel}","templated":true}]}}