{"id":11956,"date":"2025-12-18T10:32:40","date_gmt":"2025-12-18T10:32:40","guid":{"rendered":"https:\/\/sabanadelamartours.com\/?post_type=product&#038;p=11956"},"modified":"2026-02-14T05:55:37","modified_gmt":"2026-02-14T05:55:37","slug":"-95","status":"publish","type":"product","link":"https:\/\/sabanadelamartours.com\/de\/tour\/-95\/","title":{"rendered":"Bavaro Abenteuer: Buggy, Pferd, Splash, Zip Line &amp; Polaris"},"content":{"rendered":"<p>Machen Sie sich bereit f\u00fcr einen Tag voller Spa\u00df und Adrenalin! Wir holen Sie von Ihrem Hotel ab, damit Ihr Abenteuer im besten Freizeitpark von Punta Cana beginnen kann.<\/p>\n<p>Wenn Sie Adrenalin und Herausforderungen lieben, ist dieser Outdoor-Abenteuerpark genau das Richtige f\u00fcr Sie. Der Park liegt in einer nat\u00fcrlichen, umweltfreundlichen Umgebung und erstreckt sich \u00fcber 44 Hektar mit 5,5 Kilometern Wanderwegen, Rastpl\u00e4tzen, einem Raum f\u00fcr die Fotobearbeitung, einem Spielbereich f\u00fcr Kinder, Duschen und Schlie\u00dff\u00e4chern.<\/p>\n<p>Ob Sie nun ein erfahrener Abenteurer sind oder eine entspannte Aktivit\u00e4t suchen, Sie k\u00f6nnen familienfreundliche Angebote wie Fahrradtouren, Seilspiele und Spielbereiche f\u00fcr Kinder nutzen.<\/p>\n<p>Tauchen Sie in erfrischende Naturpools ein und genie\u00dfen Sie ein entspannendes Bad inmitten der Natur. Erleben Sie einen Tag voller unvergesslicher Momente, Lachen, Spa\u00df und Herausforderungen.<\/p>\n<div class=\"toggle-content__content toggle-content__content--expanded toggle-content__content--packable\" data-v-59485d64=\"\">\n<div data-test-id=\"activity-full-description-text\" data-v-5835c99c=\"\">Jede Option bietet unterschiedliche Aktivit\u00e4ten. Vergessen Sie nicht, sich mit einem k\u00f6stlichen Fr\u00fchst\u00fcck zu st\u00e4rken, bevor Sie dieses aufregende Dschungelziel weiter erkunden.<\/div>\n<\/div>\n<div class=\"toggle-content__label-placeholder\" data-v-59485d64=\"\"><\/div>","protected":false},"excerpt":{"rendered":"<div data-track=\"overview\" data-v-83a2b402=\"\">\n<section id=\"activity-overview\" class=\"activity-overview\" data-component=\"overview\" data-v-83a2b402=\"\" data-v-f3236c42=\"\">\n<p class=\"activity-overview__content\" data-test-id=\"activity-overview-content\" data-v-f3236c42=\"\">Der Bavaro Adventure Park ist der perfekte Ort f\u00fcr Adrenalins\u00fcchtige und Naturliebhaber. Eingebettet in die \u00fcppige Landschaft der Region, bietet der Park eine breite Palette an unterhaltsamen Aktivit\u00e4ten.<\/p>\n<\/section>\n<\/div>\n<div data-track=\"key-details\" data-v-83a2b402=\"\"><\/div>","protected":false},"featured_media":12285,"template":"","meta":[],"product_brand":[],"product_cat":[97],"product_tag":[101,102],"class_list":{"0":"post-11956","1":"product","2":"type-product","3":"status-publish","4":"has-post-thumbnail","6":"product_cat-dominican-republic","7":"product_tag-excursion","8":"product_tag-tour","10":"first","11":"instock","12":"shipping-taxable","13":"product-type-external"},"_links":{"self":[{"href":"https:\/\/sabanadelamartours.com\/de\/wp-json\/wp\/v2\/product\/11956","targetHints":{"allow":["GET"]}}],"collection":[{"href":"https:\/\/sabanadelamartours.com\/de\/wp-json\/wp\/v2\/product"}],"about":[{"href":"https:\/\/sabanadelamartours.com\/de\/wp-json\/wp\/v2\/types\/product"}],"version-history":[{"count":1,"href":"https:\/\/sabanadelamartours.com\/de\/wp-json\/wp\/v2\/product\/11956\/revisions"}],"predecessor-version":[{"id":19261,"href":"https:\/\/sabanadelamartours.com\/de\/wp-json\/wp\/v2\/product\/11956\/revisions\/19261"}],"wp:featuredmedia":[{"embeddable":true,"href":"https:\/\/sabanadelamartours.com\/de\/wp-json\/wp\/v2\/media\/12285"}],"wp:attachment":[{"href":"https:\/\/sabanadelamartours.com\/de\/wp-json\/wp\/v2\/media?parent=11956"}],"wp:term":[{"taxonomy":"product_brand","embeddable":true,"href":"https:\/\/sabanadelamartours.com\/de\/wp-json\/wp\/v2\/product_brand?post=11956"},{"taxonomy":"product_cat","embeddable":true,"href":"https:\/\/sabanadelamartours.com\/de\/wp-json\/wp\/v2\/product_cat?post=11956"},{"taxonomy":"product_tag","embeddable":true,"href":"https:\/\/sabanadelamartours.com\/de\/wp-json\/wp\/v2\/product_tag?post=11956"}],"curies":[{"name":"wp","href":"https:\/\/api.w.org\/{rel}","templated":true}]}}