{"id":12131,"date":"2025-12-18T10:39:50","date_gmt":"2025-12-18T10:39:50","guid":{"rendered":"https:\/\/sabanadelamartours.com\/?post_type=product&#038;p=12131"},"modified":"2026-02-10T02:56:28","modified_gmt":"2026-02-10T02:56:28","slug":"-109","status":"publish","type":"product","link":"https:\/\/sabanadelamartours.com\/de\/tour\/-109\/","title":{"rendered":"3in1 Ganztagesausflug Los Haitises &amp; Waterfal SPA ab Punta Cana"},"content":{"rendered":"<p>Los Haitises Tagesausflug<\/p>\n<p>Wir holen Sie ab 6:30 Uhr in Ihrem Hotel in Punta Cana ab und fahren zum Nationalpark Los Haitises, einer einzigartigen Karstlandschaft, die von den Gew\u00e4ssern der Saman\u00e1-Bucht umsp\u00fclt wird.<\/p>\n<p>&nbsp;<\/p>\n<p>Nach der Ankunft gehen wir an Bord eines Bootes und fahren auf dem Ca\u00f1o Hondo-Fluss in Richtung San Lorenzo-Bucht, w\u00e4hrend wir am Ufer nach roten Mangrovenb\u00e4umen Ausschau halten. Auf offenem Wasser k\u00f6nnen wir felsige Mogoten entdecken, in denen es von Pelikanen und Gabelschwanzschn\u00e4ppern wimmelt.<\/p>\n<p>Die Expedition geht weiter zu den H\u00f6hlen Arena und Linea, die einst von den Ta\u00edno-Indianern genutzt wurden. Im Inneren der H\u00f6hlen sind Piktogramme und Petroglyphen der Eingeborenen zu sehen.<\/p>\n<p>Unser n\u00e4chster Halt ist das Ca\u00f1o Hondo Paradise Hotel, wo wir das Boot verlassen und die wundersch\u00f6nen nat\u00fcrlichen Pools auf dem Hotelgel\u00e4nde besichtigen werden. Sie k\u00f6nnen ein erfrischendes Bad im Fluss Jivales nehmen, bevor Sie ein traditionelles dominikanisches Mittagessen einnehmen, das wir an diesem idyllischen Ort einnehmen werden.<\/p>\n<p>Frisch gest\u00e4rkt steigen wir in einen Jeep und fahren zum Gipfel des Berges Redonda, der sich zwischen zwei Lagunen befindet: Lim\u00f3n und Redonda. Vom Gipfel aus wird die Aussicht auf den Dschungel wie aus einem M\u00e4rchen wirken.<\/p>\n<p>Schlie\u00dflich kehren wir auf das Festland zur\u00fcck und fahren zur\u00fcck nach Punta Cana, wo wir zwischen 16:30 und 18:30 Uhr in Ihrem Hotel ankommen.<\/p>","protected":false},"excerpt":{"rendered":"<div data-track=\"overview\" data-v-83a2b402=\"\">\n<section id=\"activity-overview\" class=\"activity-overview\" data-component=\"overview\" data-v-83a2b402=\"\" data-v-f3236c42=\"\">\n<p class=\"activity-overview__content\" data-test-id=\"activity-overview-content\" data-v-f3236c42=\"\">Erkunden Sie die Naturwunder des Nationalparks Los Haitises bei einem Ausflug von Punta Cana aus. Fahren Sie mit einem Boot den Fluss entlang, besuchen Sie nat\u00fcrliche H\u00f6hlen und Pools und fahren Sie mit dem Jeep auf den Gipfel des Monta\u00f1a Redonda.<\/p>\n<\/section>\n<\/div>\n<div data-track=\"key-details\" data-v-83a2b402=\"\"><\/div>","protected":false},"featured_media":12464,"template":"","meta":[],"product_brand":[],"product_cat":[97,103],"product_tag":[101,102],"class_list":{"0":"post-12131","1":"product","2":"type-product","3":"status-publish","4":"has-post-thumbnail","6":"product_cat-dominican-republic","7":"product_cat-los-haitises","8":"product_tag-excursion","9":"product_tag-tour","11":"first","12":"instock","13":"shipping-taxable","14":"product-type-external"},"_links":{"self":[{"href":"https:\/\/sabanadelamartours.com\/de\/wp-json\/wp\/v2\/product\/12131","targetHints":{"allow":["GET"]}}],"collection":[{"href":"https:\/\/sabanadelamartours.com\/de\/wp-json\/wp\/v2\/product"}],"about":[{"href":"https:\/\/sabanadelamartours.com\/de\/wp-json\/wp\/v2\/types\/product"}],"version-history":[{"count":1,"href":"https:\/\/sabanadelamartours.com\/de\/wp-json\/wp\/v2\/product\/12131\/revisions"}],"predecessor-version":[{"id":18880,"href":"https:\/\/sabanadelamartours.com\/de\/wp-json\/wp\/v2\/product\/12131\/revisions\/18880"}],"wp:featuredmedia":[{"embeddable":true,"href":"https:\/\/sabanadelamartours.com\/de\/wp-json\/wp\/v2\/media\/12464"}],"wp:attachment":[{"href":"https:\/\/sabanadelamartours.com\/de\/wp-json\/wp\/v2\/media?parent=12131"}],"wp:term":[{"taxonomy":"product_brand","embeddable":true,"href":"https:\/\/sabanadelamartours.com\/de\/wp-json\/wp\/v2\/product_brand?post=12131"},{"taxonomy":"product_cat","embeddable":true,"href":"https:\/\/sabanadelamartours.com\/de\/wp-json\/wp\/v2\/product_cat?post=12131"},{"taxonomy":"product_tag","embeddable":true,"href":"https:\/\/sabanadelamartours.com\/de\/wp-json\/wp\/v2\/product_tag?post=12131"}],"curies":[{"name":"wp","href":"https:\/\/api.w.org\/{rel}","templated":true}]}}