{"id":12392,"date":"2025-12-18T10:50:44","date_gmt":"2025-12-18T10:50:44","guid":{"rendered":"https:\/\/sabanadelamartours.com\/?post_type=product&#038;p=12392"},"modified":"2026-02-10T03:14:28","modified_gmt":"2026-02-10T03:14:28","slug":"-127","status":"publish","type":"product","link":"https:\/\/sabanadelamartours.com\/de\/tour\/-127\/","title":{"rendered":"Ron Barcerl\u00f3: Rumfabrik-Tour mit Rum-Verkostung"},"content":{"rendered":"<p>Ron Barcerl\u00f3: Rumfabrik-Tour mit Rum-Verkostung<\/p>\n<p>Besuchen Sie die Rumfabrik Ron Barcelo, wo Sie den Produktionsprozess live miterleben, etwas \u00fcber die Geschichte des Unternehmens erfahren und ausgezeichnete Produkte verkosten k\u00f6nnen. Genie\u00dfen Sie ein einzigartiges Erlebnis in einem umweltfreundlichen Unternehmen, das sich durch die Herstellung von hochwertigem Rum auszeichnet.<\/p>\n<p>Zuerst sehen Sie den gesamten Produktionsprozess, wo Sie den Reifekeller besuchen, um den Verdampfungsprozess zu sehen, dann die Fasswerkstatt, wo der Wein vor der Reifung gekratzt und gebrannt wird, und schlie\u00dflich den Abf\u00fcll- und Verpackungsprozess.<\/p>\n<p>Zum Schluss besuchen Sie das Besucherzentrum, das Museum, das die Geschichte des Rums zeigt, die Verkostungsbar und den Souvenirladen.<\/p>\n<p>Alternativ k\u00f6nnen Sie die Imperial-Option w\u00e4hlen und eine Verkostung im Reifekeller genie\u00dfen. Bei dieser 90-min\u00fctigen Tour erhalten Sie Zugang zu einem Premium-Rum - dem Barcelo Imperial Rum. Sie haben einen privaten, leidenschaftlichen F\u00fchrer, der Ihnen beibringt, wie Sie den Rum am besten genie\u00dfen k\u00f6nnen.<\/p>\n<p>Wichtig: Diese Geb\u00fchr beinhaltet nur die Besichtigung der Fabrik, wir bieten keinen Transport von Ihrem Standort an.<\/p>","protected":false},"excerpt":{"rendered":"<div data-track=\"overview\" data-v-83a2b402=\"\">\n<section id=\"activity-overview\" class=\"activity-overview\" data-component=\"overview\" data-v-83a2b402=\"\" data-v-f3236c42=\"\">\n<p class=\"activity-overview__content\" data-test-id=\"activity-overview-content\" data-v-f3236c42=\"\">Entdecken Sie auf dieser Tour durch die Rumfabrik Ron Barcel\u00f3, wie dominikanisches Zuckerrohr in k\u00f6stlichen Rum verwandelt wird. Erfahren Sie mehr \u00fcber Ernte, Destillation und Reifung und probieren Sie das preisgekr\u00f6nte Produkt<\/p>\n<\/section>\n<\/div>\n<div data-track=\"key-details\" data-v-83a2b402=\"\"><\/div>","protected":false},"featured_media":12642,"template":"","meta":[],"product_brand":[],"product_cat":[97],"product_tag":[101,102],"class_list":{"0":"post-12392","1":"product","2":"type-product","3":"status-publish","4":"has-post-thumbnail","6":"product_cat-dominican-republic","7":"product_tag-excursion","8":"product_tag-tour","10":"first","11":"instock","12":"shipping-taxable","13":"product-type-external"},"_links":{"self":[{"href":"https:\/\/sabanadelamartours.com\/de\/wp-json\/wp\/v2\/product\/12392","targetHints":{"allow":["GET"]}}],"collection":[{"href":"https:\/\/sabanadelamartours.com\/de\/wp-json\/wp\/v2\/product"}],"about":[{"href":"https:\/\/sabanadelamartours.com\/de\/wp-json\/wp\/v2\/types\/product"}],"version-history":[{"count":2,"href":"https:\/\/sabanadelamartours.com\/de\/wp-json\/wp\/v2\/product\/12392\/revisions"}],"predecessor-version":[{"id":18894,"href":"https:\/\/sabanadelamartours.com\/de\/wp-json\/wp\/v2\/product\/12392\/revisions\/18894"}],"wp:featuredmedia":[{"embeddable":true,"href":"https:\/\/sabanadelamartours.com\/de\/wp-json\/wp\/v2\/media\/12642"}],"wp:attachment":[{"href":"https:\/\/sabanadelamartours.com\/de\/wp-json\/wp\/v2\/media?parent=12392"}],"wp:term":[{"taxonomy":"product_brand","embeddable":true,"href":"https:\/\/sabanadelamartours.com\/de\/wp-json\/wp\/v2\/product_brand?post=12392"},{"taxonomy":"product_cat","embeddable":true,"href":"https:\/\/sabanadelamartours.com\/de\/wp-json\/wp\/v2\/product_cat?post=12392"},{"taxonomy":"product_tag","embeddable":true,"href":"https:\/\/sabanadelamartours.com\/de\/wp-json\/wp\/v2\/product_tag?post=12392"}],"curies":[{"name":"wp","href":"https:\/\/api.w.org\/{rel}","templated":true}]}}