{"id":12448,"date":"2025-12-18T10:53:07","date_gmt":"2025-12-18T10:53:07","guid":{"rendered":"https:\/\/sabanadelamartours.com\/?post_type=product&#038;p=12448"},"modified":"2026-01-06T12:53:19","modified_gmt":"2026-01-06T12:53:19","slug":"-131","status":"publish","type":"product","link":"https:\/\/sabanadelamartours.com\/de\/tour\/-131\/","title":{"rendered":"Bayahibe: Tagesausflug nach Saman\u00e1 und Miches zur Walbeobachtung"},"content":{"rendered":"<p>Bayahibe: Saman\u00e1 und Miches Whale Watching Day Trip, Durchqueren Sie die Buchten von Miches und Saman\u00e1 mit dem Boot und genie\u00dfen Sie ein Paradies mit Buckelwalen. Das Design dieser Tour und ihre Elemente machen sie zur gr\u00f6\u00dften und umfassendsten Walbeobachtungstour mit l\u00e4ngerer Dauer, die in der Destination Bavaro Punta Cana angeboten wird. Zu den Kl\u00e4ngen des dominikanischen Rums Brugal begr\u00fc\u00dfen wir Sie auf der Bacardi-Insel. Nach einer aufregenden Reise, bei der Sie die Wale in ihrem Refugium beobachten k\u00f6nnen, wird Sie der wei\u00dfe Sand von Bacardi Island w\u00e4hrend Ihres Aufenthalts mit einem wundersch\u00f6nen Strand verw\u00f6hnen.<\/p>\n<p>Der Ort, an dem Sie zu Mittag essen werden, ist die perfekte Br\u00fccke, um das Monument des Zitronenwasserfalls zu erreichen, wo die Einsamkeit der Umgebung am Nachmittag die perfekte Begleitung sein wird, um den ganzen Zauber und die Frische zu genie\u00dfen.<\/p>\n<p>Beginnen Sie Ihren Tag mit der Abholung von Ihrem Hotel in Bavaro und fahren Sie zum Ca\u00f1itas Pier. Setzen Sie die Segel in Richtung des Walschutzgebiets und genie\u00dfen Sie eine Walbeobachtungstour. Danach fahren Sie zur Insel Cayo Levantado und genie\u00dfen einen Willkommensdrink.<\/p>\n<p>Abfahrt nach Saman\u00e1 f\u00fcr eine Stadtrundfahrt und eine Landschaftssafari in Santa Barbara de Saman\u00e1 und der Gemeinde El Lim\u00f3n. Besuchen Sie eine Ranch inmitten des Dschungels. Reiten Sie unter Anleitung des \u00f6rtlichen Dorfes.<\/p>\n<p>Besuchen Sie den Lim\u00f3n-Wasserfall, einen 50 Meter hohen Wasserfall. Abfahrt von der Anlegestelle Saman\u00e1 zur Anlegestelle Ca\u00f1itas. R\u00fcckkehr zu Ihrem Hotel in Bavaro.<\/p>","protected":false},"excerpt":{"rendered":"<div data-track=\"overview\" data-v-83a2b402=\"\">\n<section id=\"activity-overview\" class=\"activity-overview\" data-component=\"overview\" data-v-83a2b402=\"\" data-v-f3236c42=\"\">\n<p class=\"activity-overview__content\" data-test-id=\"activity-overview-content\" data-v-f3236c42=\"\">Entdecken Sie die Sch\u00f6nheit der Halbinsel Saman\u00e1 bei einem Tagesausflug von Bayahibe aus. Beobachten Sie die Buckelwale in ihrem nat\u00fcrlichen Lebensraum und genie\u00dfen Sie ein Mittagessen in Buffetform in einem lokalen Restaurant in Saman\u00e1.<\/p>\n<\/section>\n<\/div>\n<div data-track=\"key-details\" data-v-83a2b402=\"\"><\/div>","protected":false},"featured_media":12686,"template":"","meta":[],"product_brand":[],"product_cat":[97],"product_tag":[101,102],"class_list":{"0":"post-12448","1":"product","2":"type-product","3":"status-publish","4":"has-post-thumbnail","6":"product_cat-dominican-republic","7":"product_tag-excursion","8":"product_tag-tour","10":"first","11":"instock","12":"shipping-taxable","13":"product-type-external"},"_links":{"self":[{"href":"https:\/\/sabanadelamartours.com\/de\/wp-json\/wp\/v2\/product\/12448","targetHints":{"allow":["GET"]}}],"collection":[{"href":"https:\/\/sabanadelamartours.com\/de\/wp-json\/wp\/v2\/product"}],"about":[{"href":"https:\/\/sabanadelamartours.com\/de\/wp-json\/wp\/v2\/types\/product"}],"version-history":[{"count":1,"href":"https:\/\/sabanadelamartours.com\/de\/wp-json\/wp\/v2\/product\/12448\/revisions"}],"predecessor-version":[{"id":18550,"href":"https:\/\/sabanadelamartours.com\/de\/wp-json\/wp\/v2\/product\/12448\/revisions\/18550"}],"wp:featuredmedia":[{"embeddable":true,"href":"https:\/\/sabanadelamartours.com\/de\/wp-json\/wp\/v2\/media\/12686"}],"wp:attachment":[{"href":"https:\/\/sabanadelamartours.com\/de\/wp-json\/wp\/v2\/media?parent=12448"}],"wp:term":[{"taxonomy":"product_brand","embeddable":true,"href":"https:\/\/sabanadelamartours.com\/de\/wp-json\/wp\/v2\/product_brand?post=12448"},{"taxonomy":"product_cat","embeddable":true,"href":"https:\/\/sabanadelamartours.com\/de\/wp-json\/wp\/v2\/product_cat?post=12448"},{"taxonomy":"product_tag","embeddable":true,"href":"https:\/\/sabanadelamartours.com\/de\/wp-json\/wp\/v2\/product_tag?post=12448"}],"curies":[{"name":"wp","href":"https:\/\/api.w.org\/{rel}","templated":true}]}}