{"id":12463,"date":"2025-12-18T10:53:34","date_gmt":"2025-12-18T10:53:34","guid":{"rendered":"https:\/\/sabanadelamartours.com\/?post_type=product&#038;p=12463"},"modified":"2026-02-09T05:25:02","modified_gmt":"2026-02-09T05:25:02","slug":"-133","status":"publish","type":"product","link":"https:\/\/sabanadelamartours.com\/de\/tour\/-133\/","title":{"rendered":"AMBER COVE-TAINO BAY Super Buggy Tour"},"content":{"rendered":"<p>Ihr Abenteuer beginnt in dem Moment, in dem Sie von Amber Cove oder Taino Bay abgeholt werden. Von Amber Cove aus sind es nur 2 Minuten Fahrt und von Taino Bay aus 12 Minuten Fahrt zu unserer Super Buggy Station. Nach der Ankunft erhalten Sie von Ihrem Guide eine Sicherheitseinweisung und werden f\u00fcr den bevorstehenden Tag ausger\u00fcstet.<\/p>\n<p>Begeben Sie sich auf eine aufregende 75-min\u00fctige Fahrt durch die Landschaft, vorbei an dominikanischen D\u00f6rfern und atemberaubenden Str\u00e4nden, und tauchen Sie ein in das pulsierende Leben der Einheimischen und die atemberaubende Naturkulisse.<\/p>\n<p>Die Reise beinhaltet einen 15-min\u00fctigen Halt in einer Zigarrenfabrik, wo Sie eingeladen sind, MamaJuana-Shots zu probieren und eine hei\u00dfe Schokoladen-Kaffee-Verkostung zu genie\u00dfen, die einen Vorgeschmack auf die dominikanische Tradition bietet.<\/p>\n<p>Anschlie\u00dfend k\u00f6nnen Sie einen 15-min\u00fctigen Stopp am Strand einlegen, um ein erfrischendes Bad im kristallklaren Wasser zu nehmen - die perfekte Art der Abk\u00fchlung.<\/p>\n<div class=\"toggle-content__content toggle-content__content--expanded toggle-content__content--packable\" data-v-59485d64=\"\">\n<div data-test-id=\"activity-full-description-text\" data-v-5835c99c=\"\">Die Tour endet mit der R\u00fcckfahrt zum Hafen Ihres Kreuzfahrtschiffes, entweder Amber Cove oder Taino Bay, und rundet einen unvergesslichen Tag voller Entdeckungen und Spa\u00df ab.<\/div>\n<\/div>\n<div class=\"toggle-content__label-placeholder\" data-v-59485d64=\"\"><\/div>","protected":false},"excerpt":{"rendered":"<div data-track=\"overview\" data-v-83a2b402=\"\">\n<section id=\"activity-overview\" class=\"activity-overview\" data-component=\"overview\" data-v-83a2b402=\"\" data-v-f3236c42=\"\">\n<p class=\"activity-overview__content\" data-test-id=\"activity-overview-content\" data-v-f3236c42=\"\">Erkunden Sie die Dominikanische Republik von D\u00f6rfern auf dem Land bis zu goldenen Sandstr\u00e4nden auf einer Super-Buggy-Tour. Besuchen Sie eine traditionelle Zigarrenfabrik und probieren Sie lokalen Kaffee und Schokolade.<\/p>\n<\/section>\n<\/div>\n<div data-track=\"key-details\" data-v-83a2b402=\"\"><\/div>","protected":false},"featured_media":11646,"template":"","meta":[],"product_brand":[],"product_cat":[97],"product_tag":[101,102],"class_list":{"0":"post-12463","1":"product","2":"type-product","3":"status-publish","4":"has-post-thumbnail","6":"product_cat-dominican-republic","7":"product_tag-excursion","8":"product_tag-tour","10":"first","11":"instock","12":"shipping-taxable","13":"product-type-external"},"_links":{"self":[{"href":"https:\/\/sabanadelamartours.com\/de\/wp-json\/wp\/v2\/product\/12463","targetHints":{"allow":["GET"]}}],"collection":[{"href":"https:\/\/sabanadelamartours.com\/de\/wp-json\/wp\/v2\/product"}],"about":[{"href":"https:\/\/sabanadelamartours.com\/de\/wp-json\/wp\/v2\/types\/product"}],"version-history":[{"count":1,"href":"https:\/\/sabanadelamartours.com\/de\/wp-json\/wp\/v2\/product\/12463\/revisions"}],"predecessor-version":[{"id":18488,"href":"https:\/\/sabanadelamartours.com\/de\/wp-json\/wp\/v2\/product\/12463\/revisions\/18488"}],"wp:featuredmedia":[{"embeddable":true,"href":"https:\/\/sabanadelamartours.com\/de\/wp-json\/wp\/v2\/media\/11646"}],"wp:attachment":[{"href":"https:\/\/sabanadelamartours.com\/de\/wp-json\/wp\/v2\/media?parent=12463"}],"wp:term":[{"taxonomy":"product_brand","embeddable":true,"href":"https:\/\/sabanadelamartours.com\/de\/wp-json\/wp\/v2\/product_brand?post=12463"},{"taxonomy":"product_cat","embeddable":true,"href":"https:\/\/sabanadelamartours.com\/de\/wp-json\/wp\/v2\/product_cat?post=12463"},{"taxonomy":"product_tag","embeddable":true,"href":"https:\/\/sabanadelamartours.com\/de\/wp-json\/wp\/v2\/product_tag?post=12463"}],"curies":[{"name":"wp","href":"https:\/\/api.w.org\/{rel}","templated":true}]}}