{"id":12486,"date":"2025-12-18T10:54:33","date_gmt":"2025-12-18T10:54:33","guid":{"rendered":"https:\/\/sabanadelamartours.com\/?post_type=product&#038;p=12486"},"modified":"2026-01-06T12:55:09","modified_gmt":"2026-01-06T12:55:09","slug":"-135","status":"publish","type":"product","link":"https:\/\/sabanadelamartours.com\/de\/tour\/-135\/","title":{"rendered":"Von Punta Cana aus: Dschungel-Buggy-Fahrt und gef\u00fchrte Tour durch das Affenland"},"content":{"rendered":"<p>Die F\u00fchrer werden Ihnen alles beibringen, was mit der Sicherheit und dem Fahren der Buggys zu tun hat, die sehr einfach zu fahren sind. Entdecken Sie die Landschaften und erkunden Sie eine unglaubliche Reise durch ungew\u00f6hnliches Terrain, k\u00f6nnen Sie mit Ihren Freunden und Familie kommen, um diese einzigartigen Empfindungen zu teilen, die Sie am Steuer bei 4\u00d74 Geschwindigkeiten bekommen werden.<\/p>\n<p>Setzen Sie Ihre Tour mit einem Besuch des Kokosnusshauses oder \u201cCasa del Coco\u201d fort, um zu erfahren, wie Kokosnuss\u00f6l hergestellt wird und um frische Bio-Produkte zu probieren. Die n\u00e4chsten 45 Minuten verbringen Sie mit einer gef\u00fchrten Tour durch das Affenland, wo Sie aus n\u00e4chster N\u00e4he mit freundlichen Totenkopf\u00e4ffchen interagieren k\u00f6nnen. Diese charmanten und intelligenten Affen kommen von den B\u00e4umen herunter, um sich auf Ihre Schulter zu setzen und aus Ihren H\u00e4nden zu essen.<\/p>","protected":false},"excerpt":{"rendered":"<div data-track=\"overview\" data-v-83a2b402=\"\">\n<section id=\"activity-overview\" class=\"activity-overview\" data-component=\"overview\" data-v-83a2b402=\"\" data-v-f3236c42=\"\">\n<p class=\"activity-overview__content\" data-test-id=\"activity-overview-content\" data-v-f3236c42=\"\">Genie\u00dfen Sie den ultimativen Tagesausflug von Punta Cana aus mit einer Dschungel-Buggy-Fahrt, einem Besuch in einem traditionellen Kokosnusshaus und einer gef\u00fchrten Tour durch das Monkeyland, wo Sie den Totenkopf\u00e4ffchen ganz nahe kommen k\u00f6nnen.<\/p>\n<\/section>\n<\/div>\n<div data-track=\"key-details\" data-v-83a2b402=\"\"><\/div>","protected":false},"featured_media":12746,"template":"","meta":[],"product_brand":[],"product_cat":[97],"product_tag":[101,102],"class_list":{"0":"post-12486","1":"product","2":"type-product","3":"status-publish","4":"has-post-thumbnail","6":"product_cat-dominican-republic","7":"product_tag-excursion","8":"product_tag-tour","10":"first","11":"instock","12":"shipping-taxable","13":"product-type-external"},"_links":{"self":[{"href":"https:\/\/sabanadelamartours.com\/de\/wp-json\/wp\/v2\/product\/12486","targetHints":{"allow":["GET"]}}],"collection":[{"href":"https:\/\/sabanadelamartours.com\/de\/wp-json\/wp\/v2\/product"}],"about":[{"href":"https:\/\/sabanadelamartours.com\/de\/wp-json\/wp\/v2\/types\/product"}],"version-history":[{"count":1,"href":"https:\/\/sabanadelamartours.com\/de\/wp-json\/wp\/v2\/product\/12486\/revisions"}],"predecessor-version":[{"id":18551,"href":"https:\/\/sabanadelamartours.com\/de\/wp-json\/wp\/v2\/product\/12486\/revisions\/18551"}],"wp:featuredmedia":[{"embeddable":true,"href":"https:\/\/sabanadelamartours.com\/de\/wp-json\/wp\/v2\/media\/12746"}],"wp:attachment":[{"href":"https:\/\/sabanadelamartours.com\/de\/wp-json\/wp\/v2\/media?parent=12486"}],"wp:term":[{"taxonomy":"product_brand","embeddable":true,"href":"https:\/\/sabanadelamartours.com\/de\/wp-json\/wp\/v2\/product_brand?post=12486"},{"taxonomy":"product_cat","embeddable":true,"href":"https:\/\/sabanadelamartours.com\/de\/wp-json\/wp\/v2\/product_cat?post=12486"},{"taxonomy":"product_tag","embeddable":true,"href":"https:\/\/sabanadelamartours.com\/de\/wp-json\/wp\/v2\/product_tag?post=12486"}],"curies":[{"name":"wp","href":"https:\/\/api.w.org\/{rel}","templated":true}]}}