{"id":12510,"date":"2025-12-18T10:55:21","date_gmt":"2025-12-18T10:55:21","guid":{"rendered":"https:\/\/sabanadelamartours.com\/?post_type=product&#038;p=12510"},"modified":"2026-01-06T13:12:16","modified_gmt":"2026-01-06T13:12:16","slug":"-138","status":"publish","type":"product","link":"https:\/\/sabanadelamartours.com\/de\/tour\/-138\/","title":{"rendered":"Samana: Cayo Levantado Tagesausflug mit dem Boot"},"content":{"rendered":"<p>Take a boat trip to the idyllic destination of Cayo Levantado, also known as Bacardi Island, and spend the day relaxing while you bask in the beauty of the coastline in a paradise of turquoise waters and white sand.<\/p>\n<p>&nbsp;<\/p>\n<p>After having validated your ticket at the main office, you will gather with the rest of the tour members and specialized staff to depart from the private dock in Saman\u00e1 at 09:30 AM.<\/p>\n<p>&nbsp;<\/p>\n<p>The boat will take you on a relaxing drive to Bacardi Island, where the inviting beach is waiting. Swim, relax in the sun, or explore the beach \u2013 and be sure to take a lot of photos of your gorgeous getaway.\u00a0If you get thirsty or hungry, there are plenty of beachside restaurants to answer your needs.<\/p>\n<p>&nbsp;<\/p>\n<p>You\u2019ll be dropped off back at the private dock at about 04:30 PM, rejuvenated after your day in paradise.<\/p>","protected":false},"excerpt":{"rendered":"<div data-track=\"overview\" data-v-83a2b402=\"\">\n<section id=\"activity-overview\" class=\"activity-overview\" data-component=\"overview\" data-v-83a2b402=\"\" data-v-f3236c42=\"\">\n<p class=\"activity-overview__content\" data-test-id=\"activity-overview-content\" data-v-f3236c42=\"\">Fahren Sie auf diesem Tagesausflug mit einem Katamaran zum Paradies auf der Insel Bacardi. Lassen Sie die Seele baumeln und genie\u00dfen Sie das t\u00fcrkisblaue Wasser und den weichen wei\u00dfen Sand.<\/p>\n<\/section>\n<\/div>\n<div data-track=\"key-details\" data-v-83a2b402=\"\"><\/div>","protected":false},"featured_media":12790,"template":"","meta":[],"product_brand":[],"product_cat":[97],"product_tag":[101,102],"class_list":{"0":"post-12510","1":"product","2":"type-product","3":"status-publish","4":"has-post-thumbnail","6":"product_cat-dominican-republic","7":"product_tag-excursion","8":"product_tag-tour","10":"first","11":"instock","12":"shipping-taxable","13":"product-type-external"},"_links":{"self":[{"href":"https:\/\/sabanadelamartours.com\/de\/wp-json\/wp\/v2\/product\/12510","targetHints":{"allow":["GET"]}}],"collection":[{"href":"https:\/\/sabanadelamartours.com\/de\/wp-json\/wp\/v2\/product"}],"about":[{"href":"https:\/\/sabanadelamartours.com\/de\/wp-json\/wp\/v2\/types\/product"}],"version-history":[{"count":1,"href":"https:\/\/sabanadelamartours.com\/de\/wp-json\/wp\/v2\/product\/12510\/revisions"}],"predecessor-version":[{"id":18553,"href":"https:\/\/sabanadelamartours.com\/de\/wp-json\/wp\/v2\/product\/12510\/revisions\/18553"}],"wp:featuredmedia":[{"embeddable":true,"href":"https:\/\/sabanadelamartours.com\/de\/wp-json\/wp\/v2\/media\/12790"}],"wp:attachment":[{"href":"https:\/\/sabanadelamartours.com\/de\/wp-json\/wp\/v2\/media?parent=12510"}],"wp:term":[{"taxonomy":"product_brand","embeddable":true,"href":"https:\/\/sabanadelamartours.com\/de\/wp-json\/wp\/v2\/product_brand?post=12510"},{"taxonomy":"product_cat","embeddable":true,"href":"https:\/\/sabanadelamartours.com\/de\/wp-json\/wp\/v2\/product_cat?post=12510"},{"taxonomy":"product_tag","embeddable":true,"href":"https:\/\/sabanadelamartours.com\/de\/wp-json\/wp\/v2\/product_tag?post=12510"}],"curies":[{"name":"wp","href":"https:\/\/api.w.org\/{rel}","templated":true}]}}