{"id":12539,"date":"2025-12-18T10:56:28","date_gmt":"2025-12-18T10:56:28","guid":{"rendered":"https:\/\/sabanadelamartours.com\/?post_type=product&#038;p=12539"},"modified":"2026-02-10T03:21:42","modified_gmt":"2026-02-10T03:21:42","slug":"-141","status":"publish","type":"product","link":"https:\/\/sabanadelamartours.com\/de\/tour\/-141\/","title":{"rendered":"Dominikanisches Kochen &amp; Hood Walk Tour"},"content":{"rendered":"<p>Tauchen Sie ein in die Hauptstadt von Santo Domingo auf diesem Rundgang, der nur 3 Minuten von der Kolonialzone entfernt ist. W\u00e4hrend dieses halbt\u00e4gigen Ausflugs folgen Sie Ihren einheimischen F\u00fchrern, die in diesen Gegenden geboren und aufgewachsen sind, um einige der versteckten Orte zu sehen, steigen Sie in ein \u201cCarro De Concho\u201d (typisches Transportmittel), das durch das Herz verschiedener Viertel der dominikanischen Hauptstadt f\u00e4hrt, halten Sie an unserem Kapuzenschild an, besuchen Sie das Studio, in dem viele Dembow-Hits produziert worden sind, besichtigen Sie ein typisches Haus, helfen Sie unseren Einheimischen bei der Zubereitung typisch dominikanischer Gerichte oder probieren Sie typisch dominikanische Pasteten (hausgemachtes Essen wird auf Reservierung ab zwei Personen angeboten), dominikanisches Eis (helado de fundita) und genie\u00dfen Sie die fantastische Aussicht auf Santo Domingo von unserer Seilbahn aus und fahren Sie mit unserer modernen Metro.<\/p>","protected":false},"excerpt":{"rendered":"<div data-track=\"overview\" data-v-83a2b402=\"\">\n<section id=\"activity-overview\" class=\"activity-overview\" data-component=\"overview\" data-v-83a2b402=\"\" data-v-f3236c42=\"\">\n<p class=\"activity-overview__content\" data-test-id=\"activity-overview-content\" data-v-f3236c42=\"\">Wenn Sie ein neugieriger Mensch sind, nehmen Sie an unseren spannenden Touren mit Einheimischen teil und f\u00fchlen Sie sich wie ein echter Einheimischer, denn wir zeigen Ihnen die andere Seite von Santo Domingo auf sichere und organisierte Weise.<\/p>\n<\/section>\n<\/div>\n<div data-track=\"key-details\" data-v-83a2b402=\"\"><\/div>","protected":false},"featured_media":12819,"template":"","meta":[],"product_brand":[],"product_cat":[97],"product_tag":[101,102],"class_list":{"0":"post-12539","1":"product","2":"type-product","3":"status-publish","4":"has-post-thumbnail","6":"product_cat-dominican-republic","7":"product_tag-excursion","8":"product_tag-tour","10":"first","11":"instock","12":"sale","13":"shipping-taxable","14":"product-type-external"},"_links":{"self":[{"href":"https:\/\/sabanadelamartours.com\/de\/wp-json\/wp\/v2\/product\/12539","targetHints":{"allow":["GET"]}}],"collection":[{"href":"https:\/\/sabanadelamartours.com\/de\/wp-json\/wp\/v2\/product"}],"about":[{"href":"https:\/\/sabanadelamartours.com\/de\/wp-json\/wp\/v2\/types\/product"}],"version-history":[{"count":1,"href":"https:\/\/sabanadelamartours.com\/de\/wp-json\/wp\/v2\/product\/12539\/revisions"}],"predecessor-version":[{"id":18901,"href":"https:\/\/sabanadelamartours.com\/de\/wp-json\/wp\/v2\/product\/12539\/revisions\/18901"}],"wp:featuredmedia":[{"embeddable":true,"href":"https:\/\/sabanadelamartours.com\/de\/wp-json\/wp\/v2\/media\/12819"}],"wp:attachment":[{"href":"https:\/\/sabanadelamartours.com\/de\/wp-json\/wp\/v2\/media?parent=12539"}],"wp:term":[{"taxonomy":"product_brand","embeddable":true,"href":"https:\/\/sabanadelamartours.com\/de\/wp-json\/wp\/v2\/product_brand?post=12539"},{"taxonomy":"product_cat","embeddable":true,"href":"https:\/\/sabanadelamartours.com\/de\/wp-json\/wp\/v2\/product_cat?post=12539"},{"taxonomy":"product_tag","embeddable":true,"href":"https:\/\/sabanadelamartours.com\/de\/wp-json\/wp\/v2\/product_tag?post=12539"}],"curies":[{"name":"wp","href":"https:\/\/api.w.org\/{rel}","templated":true}]}}