{"id":12552,"date":"2025-12-18T10:56:58","date_gmt":"2025-12-18T10:56:58","guid":{"rendered":"https:\/\/sabanadelamartours.com\/?post_type=product&#038;p=12552"},"modified":"2025-12-18T11:08:22","modified_gmt":"2025-12-18T11:08:22","slug":"-142","status":"publish","type":"product","link":"https:\/\/sabanadelamartours.com\/de\/tour\/-142\/","title":{"rendered":"Colonial Zone Train 45 Minuten Geschichte und Kultur in Sto. Dgo."},"content":{"rendered":"<p>Begeben Sie sich mit dem \u201cSanto Domingo's Colonial Zone Train: 45 Minutes of History &amp; Culture\u201d, der exklusiv von Mamajuana Travel angeboten wird, auf eine Zeitreise durch Santo Domingos kultigste und historischste Kolonialstra\u00dfen. Steigen Sie in den charmanten Chu Chu Colonial Train ein, eine mobile kulturelle Tour, die eine lustige und faszinierende Reise f\u00fcr die ganze Familie bietet.<\/p>\n<p>Beginnen Sie Ihre Tour in der Calle Isabel La Cat\u00f3lica #60, Ecke Calle El Conde, und tauchen Sie vom ersten Moment an in eine wertvolle historische Erz\u00e4hlung ein. In nur 45 Minuten durchqueren Sie 500 Jahre reicher Geschichte und bestaunen mehr als 35 Sehensw\u00fcrdigkeiten und historische Monumente.<\/p>\n<p>Reisen Sie durch ikonische Stra\u00dfen, vorbei an atemberaubenden Kolonialkirchen, der mysteri\u00f6sen Casa del Tapao und vielem mehr, wobei jede dieser Geschichten darauf wartet, enth\u00fcllt zu werden. Erz\u00e4hlungen in mehreren Sprachen verleihen Ihrem Erlebnis zus\u00e4tzliche Tiefe und lassen Sie in die Geschichten und Geheimnisse eintauchen, die sich in jahrhundertealten Mauern verbergen.<\/p>\n<p>Der Zug ist ideal f\u00fcr Kurzurlauber oder diejenigen, die ein entspanntes Tempo bevorzugen. Er f\u00e4hrt st\u00fcndlich von 9:00 bis 17:00 Uhr und bietet somit Flexibilit\u00e4t f\u00fcr jeden Zeitplan. Genie\u00dfen Sie w\u00e4hrend der Wartezeit eine Klimaanlage und Wasser im Bahnhof oder besuchen Sie den Chu Chu Shop, wo Sie Souvenirs und weitere Informationen \u00fcber die Tour erhalten.<\/p>\n<p>Erleben Sie die Zona Colonial auf eine erfrischende Art und Weise, bei der die Geschichte f\u00fcr die Insassen des Zuges lebendig wird. Reservieren Sie noch heute einen Platz im Chu Chu Colonial und reisen Sie 500 Jahre zur\u00fcck, um den zeitlosen Charme von Santo Domingo zu erleben.<\/p>","protected":false},"excerpt":{"rendered":"<div data-track=\"overview\" data-v-83a2b402=\"\">\n<section id=\"activity-overview\" class=\"activity-overview\" data-component=\"overview\" data-v-83a2b402=\"\" data-v-f3236c42=\"\">\n<p class=\"activity-overview__content\" data-test-id=\"activity-overview-content\" data-v-f3236c42=\"\">Begeben Sie sich mit dem \u201cSanto Domingo's Colonial Zone Train: 45 Minutes of History &amp; Culture\u201d auf eine Zeitreise durch Santo Domingos kultigste und historischste Kolonialstra\u00dfen.\u201d<\/p>\n<\/section>\n<\/div>\n<div data-track=\"key-details\" data-v-83a2b402=\"\"><\/div>","protected":false},"featured_media":12839,"template":"","meta":[],"product_brand":[],"product_cat":[97],"product_tag":[101,102],"class_list":{"0":"post-12552","1":"product","2":"type-product","3":"status-publish","4":"has-post-thumbnail","6":"product_cat-dominican-republic","7":"product_tag-excursion","8":"product_tag-tour","10":"first","11":"instock","12":"shipping-taxable","13":"product-type-external"},"_links":{"self":[{"href":"https:\/\/sabanadelamartours.com\/de\/wp-json\/wp\/v2\/product\/12552","targetHints":{"allow":["GET"]}}],"collection":[{"href":"https:\/\/sabanadelamartours.com\/de\/wp-json\/wp\/v2\/product"}],"about":[{"href":"https:\/\/sabanadelamartours.com\/de\/wp-json\/wp\/v2\/types\/product"}],"version-history":[{"count":0,"href":"https:\/\/sabanadelamartours.com\/de\/wp-json\/wp\/v2\/product\/12552\/revisions"}],"wp:featuredmedia":[{"embeddable":true,"href":"https:\/\/sabanadelamartours.com\/de\/wp-json\/wp\/v2\/media\/12839"}],"wp:attachment":[{"href":"https:\/\/sabanadelamartours.com\/de\/wp-json\/wp\/v2\/media?parent=12552"}],"wp:term":[{"taxonomy":"product_brand","embeddable":true,"href":"https:\/\/sabanadelamartours.com\/de\/wp-json\/wp\/v2\/product_brand?post=12552"},{"taxonomy":"product_cat","embeddable":true,"href":"https:\/\/sabanadelamartours.com\/de\/wp-json\/wp\/v2\/product_cat?post=12552"},{"taxonomy":"product_tag","embeddable":true,"href":"https:\/\/sabanadelamartours.com\/de\/wp-json\/wp\/v2\/product_tag?post=12552"}],"curies":[{"name":"wp","href":"https:\/\/api.w.org\/{rel}","templated":true}]}}