{"id":12600,"date":"2025-12-18T10:59:05","date_gmt":"2025-12-18T10:59:05","guid":{"rendered":"https:\/\/sabanadelamartours.com\/?post_type=product&#038;p=12600"},"modified":"2026-01-06T14:20:26","modified_gmt":"2026-01-06T14:20:26","slug":"-146","status":"publish","type":"product","link":"https:\/\/sabanadelamartours.com\/de\/tour\/-146\/","title":{"rendered":"Partyboot \/ Fiesta En Catamar\u00e1n En Punta Cana \/ Kostenlose Getr\u00e4nke"},"content":{"rendered":"<p>Climb aboard a beautiful catamaran bound for the Bavaro coast and enjoy this half-day boat tour that includes snorkeling, snacks, dancing, and unlimited drinks. Soak up the tropical sun as you watch the beautifully landscaped coastline go by and cool off in the colorful underwater world with free time to swim and snorkel. Stop at the shore in the natural pool to cool off in the beautiful ocean waters.<\/p>\n<p>Enjoy music, dancing, and a festive atmosphere all the way back to the pier.<\/p>\n<p>\u2022 Half-day party boat cruise<\/p>\n<p>\u2022 Get out on the water: Slides and snorkeling equipment are provided.<\/p>\n<p>\u2022 There is no need to pay for drinks as the boat has an open bar.<\/p>\n<p>LIVE AN UNFORGETTABLE EXPERIENCE!<\/p>\n<p>It is recommended for private parties, birthdays, weddings or for any type of event.<\/p>\n<div class=\"toggle-content__content toggle-content__content--expanded toggle-content__content--packable\" data-v-59485d64=\"\">\n<div data-test-id=\"activity-full-description-text\" data-v-5835c99c=\"\">If your group is more than 30 people you can request the private boat at no additional cost.<\/div>\n<\/div>\n<div class=\"toggle-content__label-placeholder\" data-v-59485d64=\"\"><\/div>","protected":false},"excerpt":{"rendered":"<div data-track=\"overview\" data-v-83a2b402=\"\">\n<section id=\"activity-overview\" class=\"activity-overview\" data-component=\"overview\" data-v-83a2b402=\"\" data-v-f3236c42=\"\">\n<p class=\"activity-overview__content\" data-test-id=\"activity-overview-content\" data-v-f3236c42=\"\">Gehen Sie an Bord eines wundersch\u00f6nen Katamarans, der die K\u00fcste von Bavaro ansteuert, und genie\u00dfen Sie diese halbt\u00e4gige Bootstour, die Schnorcheln, Snacks, Tanz und unbegrenzte Getr\u00e4nke beinhaltet.<\/p>\n<\/section>\n<\/div>\n<div data-track=\"key-details\" data-v-83a2b402=\"\"><\/div>","protected":false},"featured_media":12867,"template":"","meta":[],"product_brand":[],"product_cat":[97],"product_tag":[101,102],"class_list":{"0":"post-12600","1":"product","2":"type-product","3":"status-publish","4":"has-post-thumbnail","6":"product_cat-dominican-republic","7":"product_tag-excursion","8":"product_tag-tour","10":"first","11":"instock","12":"shipping-taxable","13":"product-type-external"},"_links":{"self":[{"href":"https:\/\/sabanadelamartours.com\/de\/wp-json\/wp\/v2\/product\/12600","targetHints":{"allow":["GET"]}}],"collection":[{"href":"https:\/\/sabanadelamartours.com\/de\/wp-json\/wp\/v2\/product"}],"about":[{"href":"https:\/\/sabanadelamartours.com\/de\/wp-json\/wp\/v2\/types\/product"}],"version-history":[{"count":1,"href":"https:\/\/sabanadelamartours.com\/de\/wp-json\/wp\/v2\/product\/12600\/revisions"}],"predecessor-version":[{"id":18556,"href":"https:\/\/sabanadelamartours.com\/de\/wp-json\/wp\/v2\/product\/12600\/revisions\/18556"}],"wp:featuredmedia":[{"embeddable":true,"href":"https:\/\/sabanadelamartours.com\/de\/wp-json\/wp\/v2\/media\/12867"}],"wp:attachment":[{"href":"https:\/\/sabanadelamartours.com\/de\/wp-json\/wp\/v2\/media?parent=12600"}],"wp:term":[{"taxonomy":"product_brand","embeddable":true,"href":"https:\/\/sabanadelamartours.com\/de\/wp-json\/wp\/v2\/product_brand?post=12600"},{"taxonomy":"product_cat","embeddable":true,"href":"https:\/\/sabanadelamartours.com\/de\/wp-json\/wp\/v2\/product_cat?post=12600"},{"taxonomy":"product_tag","embeddable":true,"href":"https:\/\/sabanadelamartours.com\/de\/wp-json\/wp\/v2\/product_tag?post=12600"}],"curies":[{"name":"wp","href":"https:\/\/api.w.org\/{rel}","templated":true}]}}