{"id":12647,"date":"2025-12-18T11:00:58","date_gmt":"2025-12-18T11:00:58","guid":{"rendered":"https:\/\/sabanadelamartours.com\/?post_type=product&#038;p=12647"},"modified":"2026-02-11T03:46:17","modified_gmt":"2026-02-11T03:46:17","slug":"-151","status":"publish","type":"product","link":"https:\/\/sabanadelamartours.com\/de\/tour\/-151\/","title":{"rendered":"Punta Cana: Buggy-Tour mit Strand und Cenote"},"content":{"rendered":"<h4 class=\"product_title entry-title\">Punta Cana: Buggy-Tour mit Strand und Cenote<\/h4>\n<p>Begeben Sie sich mit unserem Buggy-Abenteuer auf eine aufregende Reise durch die vielf\u00e4ltigen Landschaften von Punta Cana. Diese Tour bietet eine einzigartige Mischung aus Aufregung, nat\u00fcrlicher Sch\u00f6nheit und kulturellem Eintauchen, was sie zu einem unvergesslichen Erlebnis macht.<\/p>\n<p>Beginn des Abenteuers:<\/p>\n<p>Abholung vom Hotel: Ihr Abenteuer beginnt mit einer bequemen Abholung von Ihrem Hotel in Punta Cana. Unser freundliches Team begr\u00fc\u00dft Sie und bringt Sie zum Startpunkt der Tour.<\/p>\n<p>Sicherheitseinweisung: Bei Ihrer Ankunft auf der Ranch erhalten Sie eine umfassende Sicherheitseinweisung und Anweisungen zur Bedienung der Buggys. Egal, ob Sie sich f\u00fcr einen zweisitzigen oder einen viersitzigen Buggy entscheiden, Sie k\u00f6nnen sich auf eine komfortable und sichere Fahrt freuen.<\/p>\n<p>Punta Cana erkunden:<\/p>\n<p>Fahrt durch die Landschaft: \u00dcbernehmen Sie die Kontrolle \u00fcber Ihren Buggy und begeben Sie sich auf eine aufregende Fahrt durch die dominikanische Landschaft. Sp\u00fcren Sie das Rauschen des Windes und den Nervenkitzel beim Navigieren durch unterschiedliches Terrain.<\/p>\n<p>Macao-Strand: Erreichen Sie den atemberaubenden Macao Beach, der f\u00fcr sein kristallklares Wasser und seinen unber\u00fchrten Sand bekannt ist. Hier k\u00f6nnen Sie mit Ihren Buggys entlang der K\u00fcste fahren und unvergessliche Momente erleben.<\/p>\n<p>Kulturelle Erfahrung:<\/p>\n<p>Lokale Ranchos: Besuchen Sie lokale Ranchos, wo Sie mehr \u00fcber die Produktion der wichtigsten Produkte der Dominikanischen Republik erfahren: Kaffee, Kakao und Tabak. Sprechen Sie mit den Landwirten vor Ort, lernen Sie ihre Prozesse kennen und probieren Sie authentische Produkte.<\/p>\n<p>Kaufen Sie Souvenirs: Nutzen Sie die Gelegenheit, frisch zubereiteten Kaffee, Kakao und Tabakwaren zu kaufen, um ein St\u00fcck dominikanischer Kultur mit nach Hause zu nehmen.<\/p>\n<p>Nat\u00fcrliche Eskapade:<\/p>\n<p>Schwimmen in der Cenote: Das Abenteuer geht weiter, wenn Sie zu einer versteckten Cenote fahren. Tauchen Sie ein in das erfrischende Wasser dieses nat\u00fcrlichen Pools, umgeben von \u00fcppiger Vegetation und ruhiger Sch\u00f6nheit.<\/p>\n<p>Abschluss der Tour:<\/p>\n<p>R\u00fcckreise: Nach etwa 4 Stunden voller Abenteuer, Erkundung und Spa\u00df fahren Sie zur\u00fcck zur Ranch.<\/p>\n<p>R\u00fcckfahrt zum Hotel: Unser Team bringt Sie dann zur\u00fcck zu Ihrem Hotel, wo Sie sich entspannen und die aufregenden Erlebnisse des Tages Revue passieren lassen k\u00f6nnen.<\/p>\n<div class=\"toggle-content__content toggle-content__content--expanded toggle-content__content--packable\" data-v-59485d64=\"\">\n<div data-test-id=\"activity-full-description-text\" data-v-5835c99c=\"\">Dieses Buggy-Abenteuer in Punta Cana ist mehr als nur eine Tour; es ist eine Gelegenheit, sich mit der Natur zu verbinden, die lokale Kultur zu erleben und den Adrenalinsto\u00df des Offroad-Fahrens zu sp\u00fcren. Perfekt f\u00fcr Abenteurer und Kulturliebhaber gleicherma\u00dfen, verspricht diese Tour einen Tag voller Spannung und Entdeckungen.<\/div>\n<\/div>\n<div class=\"toggle-content__label-placeholder\" data-v-59485d64=\"\"><\/div>","protected":false},"excerpt":{"rendered":"<div data-track=\"overview\" data-v-83a2b402=\"\">\n<section id=\"activity-overview\" class=\"activity-overview\" data-component=\"overview\" data-v-83a2b402=\"\" data-v-f3236c42=\"\">\n<p class=\"activity-overview__content\" data-test-id=\"activity-overview-content\" data-v-f3236c42=\"\">Begeben Sie sich auf ein aufregendes Buggy-Abenteuer in Punta Cana, erkunden Sie den malerischen Macao Beach, tauchen Sie in die lokale Kultur auf traditionellen Ranchos ein und erfrischen Sie sich in einer ruhigen Cenote.<\/p>\n<\/section>\n<\/div>\n<div data-track=\"key-details\" data-v-83a2b402=\"\"><\/div>","protected":false},"featured_media":12913,"template":"","meta":[],"product_brand":[],"product_cat":[97],"product_tag":[101,102],"class_list":{"0":"post-12647","1":"product","2":"type-product","3":"status-publish","4":"has-post-thumbnail","6":"product_cat-dominican-republic","7":"product_tag-excursion","8":"product_tag-tour","10":"first","11":"instock","12":"shipping-taxable","13":"product-type-external"},"_links":{"self":[{"href":"https:\/\/sabanadelamartours.com\/de\/wp-json\/wp\/v2\/product\/12647","targetHints":{"allow":["GET"]}}],"collection":[{"href":"https:\/\/sabanadelamartours.com\/de\/wp-json\/wp\/v2\/product"}],"about":[{"href":"https:\/\/sabanadelamartours.com\/de\/wp-json\/wp\/v2\/types\/product"}],"version-history":[{"count":1,"href":"https:\/\/sabanadelamartours.com\/de\/wp-json\/wp\/v2\/product\/12647\/revisions"}],"predecessor-version":[{"id":18909,"href":"https:\/\/sabanadelamartours.com\/de\/wp-json\/wp\/v2\/product\/12647\/revisions\/18909"}],"wp:featuredmedia":[{"embeddable":true,"href":"https:\/\/sabanadelamartours.com\/de\/wp-json\/wp\/v2\/media\/12913"}],"wp:attachment":[{"href":"https:\/\/sabanadelamartours.com\/de\/wp-json\/wp\/v2\/media?parent=12647"}],"wp:term":[{"taxonomy":"product_brand","embeddable":true,"href":"https:\/\/sabanadelamartours.com\/de\/wp-json\/wp\/v2\/product_brand?post=12647"},{"taxonomy":"product_cat","embeddable":true,"href":"https:\/\/sabanadelamartours.com\/de\/wp-json\/wp\/v2\/product_cat?post=12647"},{"taxonomy":"product_tag","embeddable":true,"href":"https:\/\/sabanadelamartours.com\/de\/wp-json\/wp\/v2\/product_tag?post=12647"}],"curies":[{"name":"wp","href":"https:\/\/api.w.org\/{rel}","templated":true}]}}