{"id":12648,"date":"2025-12-18T11:00:58","date_gmt":"2025-12-18T11:00:58","guid":{"rendered":"https:\/\/sabanadelamartours.com\/?post_type=product&#038;p=12648"},"modified":"2026-01-06T14:32:27","modified_gmt":"2026-01-06T14:32:27","slug":"-388","status":"publish","type":"product","link":"https:\/\/sabanadelamartours.com\/de\/tour\/-388\/","title":{"rendered":"Bayahibe: Dschungelwanderung im Nationalpark und Schnorcheln in den Cenoten"},"content":{"rendered":"<p>Entdecken Sie auf dieser gef\u00fchrten Tour, bei der Sie vom Hotel in Bayahibe abgeholt und wieder zur\u00fcckgebracht werden, wie das Licht auf dem auffallend blauen Wasser spielt und von den W\u00e4nden der Cenoten Chicho reflektiert wird. Erforschen Sie die Unterwasserwelt mit der enthaltenen Schnorchelausr\u00fcstung.<\/p>\n<p>Sie werden direkt von Ihrem Hotel in Dominicus abgeholt (Urlauber aus Bayahibe oder dem Hilton Hotel gehen zu Fu\u00df zu unserer Tauchbasis ~10\u2032) und k\u00f6nnen sich w\u00e4hrend des Transfers im Taxi entspannen. Beginnen Sie eine Wanderung entlang eines markierten Weges im Cotubanama-Nationalpark und bewundern Sie die brillante Flora und Fauna auf dem Weg zu den Cenoten.<\/p>\n<p>Schalten Sie Ihre Taschenlampe ein und steigen Sie in die H\u00f6hle hinab, die einen breiten Eingang hat. Am Fu\u00df der Treppe k\u00f6nnen Sie sich im 25 \u00b0C warmen Wasser abk\u00fchlen. Genie\u00dfen Sie die Sch\u00f6nheit des Ortes mit seinen Stalaktiten, Stalagmiten und S\u00e4ulen.<\/p>\n<div class=\"toggle-content__content toggle-content__content--expanded toggle-content__content--packable\" data-v-59485d64=\"\">\n<div data-test-id=\"activity-full-description-text\" data-v-5835c99c=\"\">Werfen Sie einen Blick unter die Wellen dieser S\u00fc\u00dfwasserquelle, die f\u00fcr die Ureinwohner Hispaniolas ein heiliger Ort ist. Sobald Sie sich erfrischt haben, spazieren Sie durch den Dschungel zur\u00fcck zum Parkplatz. G\u00f6nnen Sie sich einen Aperitif, bevor Sie zu Ihrer Unterkunft in Bayahibe zur\u00fcckkehren.<\/div>\n<\/div>\n<div class=\"toggle-content__label-placeholder\" data-v-59485d64=\"\"><\/div>","protected":false},"excerpt":{"rendered":"<div data-track=\"overview\" data-v-83a2b402=\"\">\n<section id=\"activity-overview\" class=\"activity-overview\" data-component=\"overview\" data-v-83a2b402=\"\" data-v-f3236c42=\"\">\n<p class=\"activity-overview__content\" data-test-id=\"activity-overview-content\" data-v-f3236c42=\"\">Von Bayahibe aus wandern Sie durch den \u00fcppigen Dschungel des Nationalparks Cotubanama. Schnorcheln Sie in den Cenotes Chicho, einem nat\u00fcrlichen Pool mit kristallklarem Wasser unter Stalaktiten und Stalagmiten.<\/p>\n<\/section>\n<\/div>\n<div data-track=\"key-details\" data-v-83a2b402=\"\"><\/div>","protected":false},"featured_media":11742,"template":"","meta":[],"product_brand":[],"product_cat":[97],"product_tag":[101,102],"class_list":{"0":"post-12648","1":"product","2":"type-product","3":"status-publish","4":"has-post-thumbnail","6":"product_cat-dominican-republic","7":"product_tag-excursion","8":"product_tag-tour","10":"first","11":"instock","12":"shipping-taxable","13":"product-type-external"},"_links":{"self":[{"href":"https:\/\/sabanadelamartours.com\/de\/wp-json\/wp\/v2\/product\/12648","targetHints":{"allow":["GET"]}}],"collection":[{"href":"https:\/\/sabanadelamartours.com\/de\/wp-json\/wp\/v2\/product"}],"about":[{"href":"https:\/\/sabanadelamartours.com\/de\/wp-json\/wp\/v2\/types\/product"}],"version-history":[{"count":2,"href":"https:\/\/sabanadelamartours.com\/de\/wp-json\/wp\/v2\/product\/12648\/revisions"}],"predecessor-version":[{"id":18562,"href":"https:\/\/sabanadelamartours.com\/de\/wp-json\/wp\/v2\/product\/12648\/revisions\/18562"}],"wp:featuredmedia":[{"embeddable":true,"href":"https:\/\/sabanadelamartours.com\/de\/wp-json\/wp\/v2\/media\/11742"}],"wp:attachment":[{"href":"https:\/\/sabanadelamartours.com\/de\/wp-json\/wp\/v2\/media?parent=12648"}],"wp:term":[{"taxonomy":"product_brand","embeddable":true,"href":"https:\/\/sabanadelamartours.com\/de\/wp-json\/wp\/v2\/product_brand?post=12648"},{"taxonomy":"product_cat","embeddable":true,"href":"https:\/\/sabanadelamartours.com\/de\/wp-json\/wp\/v2\/product_cat?post=12648"},{"taxonomy":"product_tag","embeddable":true,"href":"https:\/\/sabanadelamartours.com\/de\/wp-json\/wp\/v2\/product_tag?post=12648"}],"curies":[{"name":"wp","href":"https:\/\/api.w.org\/{rel}","templated":true}]}}