{"id":12745,"date":"2025-12-18T11:04:56","date_gmt":"2025-12-18T11:04:56","guid":{"rendered":"https:\/\/sabanadelamartours.com\/?post_type=product&#038;p=12745"},"modified":"2026-01-06T14:40:24","modified_gmt":"2026-01-06T14:40:24","slug":"-155","status":"publish","type":"product","link":"https:\/\/sabanadelamartours.com\/de\/tour\/-155\/","title":{"rendered":"Von Punta Canta aus: Walbeobachtungstour mit Cayo Levantado"},"content":{"rendered":"<p><strong>Von Punta Canta aus: Walbeobachtungstour mit Cayo Levantado<\/strong><\/p>\n<p>Fahren Sie von Ihren Hotels durch die \u00f6stliche Ebene, zwischen gr\u00fcnen Landschaften mit gro\u00dfen Weiden und kleinen St\u00e4dten, zwischen den Bergen und dem Meer, um dieses unvergessliche Abenteuer zu erleben.<\/p>\n<p>Unser erster Halt ist am Las Ca\u00f1itas Dock, wo wir an Bord des Bootes gehen, das uns auf einer etwa zweieinhalbst\u00fcndigen Seetour zum Buckelwalschutzgebiet bringt.<\/p>\n<p>Nach der Besichtigung fahren wir nach Cayo Levantado oder Isla Bacardi, um ein k\u00f6stliches typisches Mittagessen in Buffetform direkt am Meer zu genie\u00dfen. Nach dem Mittagessen ist der Nachmittag dazu da, ein erfrischendes Bad im kristallklaren Wasser mit wei\u00dfem Sand zu nehmen oder sich einfach in den Schatten der Kokospalmen zu legen und eine gute Cuba-Libre zu genie\u00dfen. Am Ende der Strandzeit in Cayo Levantado gehen wir wieder an Bord des Schiffes, durchqueren die Bucht von Samana zur\u00fcck zum Las Ca\u00f1itas Pier und fahren mit dem Bus zur\u00fcck zu den Hotels in B\u00e1varo und Bayahibe.<\/p>\n<div class=\"woocommerce-product-details__short-description\">\n<div data-track=\"overview\" data-v-83a2b402=\"\">\n<section id=\"activity-overview\" class=\"activity-overview\" data-component=\"overview\" data-v-83a2b402=\"\" data-v-f3236c42=\"\">\n<p class=\"activity-overview__content\" data-test-id=\"activity-overview-content\" data-v-f3236c42=\"\">Beobachten Sie Buckelwale und kreuzen Sie entlang der K\u00fcsten von Samana und Miches auf einem Ausflug von Bayahibe oder Punta Canta. Besuchen Sie Cayo Levantado zum Schwimmen und f\u00fcr ein Mittagsbuffet direkt vor den Wellen.<\/p>\n<\/section>\n<\/div>\n<div data-track=\"key-details\" data-v-83a2b402=\"\"><\/div>\n<\/div>","protected":false},"excerpt":{"rendered":"<div data-track=\"overview\" data-v-83a2b402=\"\">\n<section id=\"activity-overview\" class=\"activity-overview\" data-component=\"overview\" data-v-83a2b402=\"\" data-v-f3236c42=\"\">\n<p class=\"activity-overview__content\" data-test-id=\"activity-overview-content\" data-v-f3236c42=\"\">Beobachten Sie Buckelwale und kreuzen Sie entlang der K\u00fcsten von Samana und Miches auf einem Ausflug von Bayahibe oder Punta Canta. Besuchen Sie Cayo Levantado zum Schwimmen und f\u00fcr ein Mittagsbuffet direkt vor den Wellen.<\/p>\n<\/section>\n<\/div>\n<div data-track=\"key-details\" data-v-83a2b402=\"\"><\/div>","protected":false},"featured_media":12986,"template":"","meta":[],"product_brand":[],"product_cat":[97],"product_tag":[101,102],"class_list":{"0":"post-12745","1":"product","2":"type-product","3":"status-publish","4":"has-post-thumbnail","6":"product_cat-dominican-republic","7":"product_tag-excursion","8":"product_tag-tour","10":"first","11":"instock","12":"shipping-taxable","13":"product-type-external"},"_links":{"self":[{"href":"https:\/\/sabanadelamartours.com\/de\/wp-json\/wp\/v2\/product\/12745","targetHints":{"allow":["GET"]}}],"collection":[{"href":"https:\/\/sabanadelamartours.com\/de\/wp-json\/wp\/v2\/product"}],"about":[{"href":"https:\/\/sabanadelamartours.com\/de\/wp-json\/wp\/v2\/types\/product"}],"version-history":[{"count":1,"href":"https:\/\/sabanadelamartours.com\/de\/wp-json\/wp\/v2\/product\/12745\/revisions"}],"predecessor-version":[{"id":18567,"href":"https:\/\/sabanadelamartours.com\/de\/wp-json\/wp\/v2\/product\/12745\/revisions\/18567"}],"wp:featuredmedia":[{"embeddable":true,"href":"https:\/\/sabanadelamartours.com\/de\/wp-json\/wp\/v2\/media\/12986"}],"wp:attachment":[{"href":"https:\/\/sabanadelamartours.com\/de\/wp-json\/wp\/v2\/media?parent=12745"}],"wp:term":[{"taxonomy":"product_brand","embeddable":true,"href":"https:\/\/sabanadelamartours.com\/de\/wp-json\/wp\/v2\/product_brand?post=12745"},{"taxonomy":"product_cat","embeddable":true,"href":"https:\/\/sabanadelamartours.com\/de\/wp-json\/wp\/v2\/product_cat?post=12745"},{"taxonomy":"product_tag","embeddable":true,"href":"https:\/\/sabanadelamartours.com\/de\/wp-json\/wp\/v2\/product_tag?post=12745"}],"curies":[{"name":"wp","href":"https:\/\/api.w.org\/{rel}","templated":true}]}}