{"id":12810,"date":"2025-12-18T11:07:15","date_gmt":"2025-12-18T11:07:15","guid":{"rendered":"https:\/\/sabanadelamartours.com\/?post_type=product&#038;p=12810"},"modified":"2025-12-18T11:17:14","modified_gmt":"2025-12-18T11:17:14","slug":"-159","status":"publish","type":"product","link":"https:\/\/sabanadelamartours.com\/de\/tour\/-159\/","title":{"rendered":"Saona Island Tour von Santo Domingo mit Mittagessen und Abholung"},"content":{"rendered":"<p><strong>Saona Island Tour von Santo Domingo mit Mittagessen und Abholung<\/strong><\/p>\n<p>Begeben Sie sich auf eine unvergessliche Reise von der pulsierenden Stadt Santo Domingo zum unber\u00fchrten Paradies der Insel Saona mit unserer exklusiven Tour.<\/p>\n<p>Das Abenteuer beginnt, wenn wir Sie in einem komfortablen Fahrzeug von Ihrem Hotel wegbringen und damit die Voraussetzungen f\u00fcr ein beeindruckendes Erlebnis schaffen. Nach einer landschaftlich reizvollen 2-st\u00fcndigen Fahrt erreichen wir Bayahibe, wo die Vorfreude auf die bevorstehenden Wunder steigt.<\/p>\n<p>Dann besteigen Sie ein Boot und gleiten 35 Minuten lang durch azurblaues Wasser, bis wir den atemberaubenden Natural Pool erreichen, ein verstecktes Juwel, das f\u00fcr sein kristallklares Wasser bekannt ist. Genie\u00dfen Sie die ruhige Sch\u00f6nheit, bevor wir unsere Reise zur ber\u00fchmten Insel Saona fortsetzen, einem Ort der Ruhe im Nationalpark Cotubanam\u00e1.<\/p>\n<p>Nach Ihrer Ankunft haben Sie 3 Stunden Zeit, die Insel zu genie\u00dfen. Egal, ob Sie sich an den unber\u00fchrten Str\u00e4nden entspannen, inmitten der pulsierenden Unterwasserwelt schnorcheln oder die \u00fcppigen Landschaften erkunden - die M\u00f6glichkeiten sind endlos.<\/p>\n<p>Am Ende des Tages verabschieden wir uns von der Insel Saona und setzen die Segel an Bord eines luxuri\u00f6sen Katamarans. Machen Sie sich bereit zum Tanzen und genie\u00dfen Sie die lebhafte Atmosph\u00e4re, w\u00e4hrend unsere lebhaften Animateure die Party w\u00e4hrend der 1,5-st\u00fcndigen Fahrt zur\u00fcck nach Bayahibe am Leben erhalten.<\/p>\n<p>Mit nahtlosen \u00dcberg\u00e4ngen zwischen den einzelnen Reisezielen, reichlich freier Zeit f\u00fcr Erkundungen und einer lebhaften R\u00fcckreise verspricht unsere Tour eine bezaubernde Mischung aus Entspannung und Abenteuer. Entfliehen Sie dem Alltag und erleben Sie mit uns einen Tag voller unvergesslicher Erlebnisse im tropischen Paradies der Insel Saona.<\/p>\n<div class=\"woocommerce-product-details__short-description\">\n<div data-track=\"overview\" data-v-83a2b402=\"\">\n<section id=\"activity-overview\" class=\"activity-overview\" data-component=\"overview\" data-v-83a2b402=\"\" data-v-f3236c42=\"\">\n<p class=\"activity-overview__content\" data-test-id=\"activity-overview-content\" data-v-f3236c42=\"\">Entfliehen Sie auf die Insel Saona! Wei\u00dfer Sand, t\u00fcrkisfarbenes Wasser und ein Katamaran-Abenteuer erwarten Sie. Mittagessen inklusive. Von Santo Domingo<\/p>\n<\/section>\n<\/div>\n<\/div>","protected":false},"excerpt":{"rendered":"<div data-track=\"overview\" data-v-83a2b402=\"\">\n<section id=\"activity-overview\" class=\"activity-overview\" data-component=\"overview\" data-v-83a2b402=\"\" data-v-f3236c42=\"\">\n<p class=\"activity-overview__content\" data-test-id=\"activity-overview-content\" data-v-f3236c42=\"\">Entfliehen Sie auf die Insel Saona! Wei\u00dfer Sand, t\u00fcrkisfarbenes Wasser und ein Katamaran-Abenteuer erwarten Sie. Mittagessen inklusive. Von Santo Domingo<\/p>\n<\/section>\n<\/div>\n<div data-track=\"key-details\" data-v-83a2b402=\"\"><\/div>","protected":false},"featured_media":13039,"template":"","meta":[],"product_brand":[],"product_cat":[97],"product_tag":[101,102],"class_list":{"0":"post-12810","1":"product","2":"type-product","3":"status-publish","4":"has-post-thumbnail","6":"product_cat-dominican-republic","7":"product_tag-excursion","8":"product_tag-tour","10":"first","11":"instock","12":"shipping-taxable","13":"product-type-external"},"_links":{"self":[{"href":"https:\/\/sabanadelamartours.com\/de\/wp-json\/wp\/v2\/product\/12810","targetHints":{"allow":["GET"]}}],"collection":[{"href":"https:\/\/sabanadelamartours.com\/de\/wp-json\/wp\/v2\/product"}],"about":[{"href":"https:\/\/sabanadelamartours.com\/de\/wp-json\/wp\/v2\/types\/product"}],"version-history":[{"count":0,"href":"https:\/\/sabanadelamartours.com\/de\/wp-json\/wp\/v2\/product\/12810\/revisions"}],"wp:featuredmedia":[{"embeddable":true,"href":"https:\/\/sabanadelamartours.com\/de\/wp-json\/wp\/v2\/media\/13039"}],"wp:attachment":[{"href":"https:\/\/sabanadelamartours.com\/de\/wp-json\/wp\/v2\/media?parent=12810"}],"wp:term":[{"taxonomy":"product_brand","embeddable":true,"href":"https:\/\/sabanadelamartours.com\/de\/wp-json\/wp\/v2\/product_brand?post=12810"},{"taxonomy":"product_cat","embeddable":true,"href":"https:\/\/sabanadelamartours.com\/de\/wp-json\/wp\/v2\/product_cat?post=12810"},{"taxonomy":"product_tag","embeddable":true,"href":"https:\/\/sabanadelamartours.com\/de\/wp-json\/wp\/v2\/product_tag?post=12810"}],"curies":[{"name":"wp","href":"https:\/\/api.w.org\/{rel}","templated":true}]}}