{"id":12837,"date":"2025-12-18T11:08:11","date_gmt":"2025-12-18T11:08:11","guid":{"rendered":"https:\/\/sabanadelamartours.com\/?post_type=product&#038;p=12837"},"modified":"2026-02-11T03:52:02","modified_gmt":"2026-02-11T03:52:02","slug":"-160","status":"publish","type":"product","link":"https:\/\/sabanadelamartours.com\/de\/tour\/-160\/","title":{"rendered":"Insel Saona: Str\u00e4nde und Naturpool-Kreuzfahrt mit Mittagessen"},"content":{"rendered":"<p><strong>Insel Saona: Str\u00e4nde und Naturpool-Kreuzfahrt mit Mittagessen<\/strong><\/p>\n<p>\u201cEntdecken Sie die Isla Saona, den begehrtesten Ausflug in der Dominikanischen Republik. Tauchen Sie ein in die Sch\u00f6nheit dieses tropischen Paradieses, in dem sich die Palmen in der sanften Brise wiegen, sich unber\u00fchrter wei\u00dfer Sand erstreckt, soweit das Auge reicht, und das kristallklare t\u00fcrkisfarbene Wasser sanft an die K\u00fcste schwappt.<\/p>\n<p>Dieser Ausflug ist ein wahrer Traum f\u00fcr Naturliebhaber und bietet ein authentisches Abenteuererlebnis. Sie haben die M\u00f6glichkeit, die drei abgelegensten Str\u00e4nde von Saona zu erkunden, die alle mit warmem, t\u00fcrkisfarbenem Wasser, \u00fcppig gr\u00fcnen Palmen und weitl\u00e4ufigen, wei\u00dfen Sandstr\u00e4nden aufwarten. Halten Sie Ausschau nach bezaubernden Meeresbewohnern wie Seesternen, Meeresschildkr\u00f6ten und bunten Korallen.<\/p>\n<p>Im Rahmen dieser unvergesslichen Reise werden wir auch das charmante und lebendige Fischerdorf Mano Juan besuchen, das einen faszinierenden Einblick in die reiche Geschichte und Kultur der Insel bietet. Machen Sie einen Schritt zur\u00fcck in die Vergangenheit, w\u00e4hrend Sie durch dieses malerische Dorf spazieren und in seine farbenfrohe Atmosph\u00e4re und entspannte Lebensweise eintauchen.\u201d<\/p>\n<div class=\"woocommerce-product-details__short-description\">\n<div data-track=\"overview\" data-v-83a2b402=\"\">\n<section id=\"activity-overview\" class=\"activity-overview\" data-component=\"overview\" data-v-83a2b402=\"\" data-v-f3236c42=\"\">\n<p class=\"activity-overview__content\" data-test-id=\"activity-overview-content\" data-v-f3236c42=\"\">Erleben Sie die Natur auf der Insel Saona auf diesem Bootsausflug ab Los Melones. Schwimmen Sie im t\u00fcrkisfarbenen Wasser, entspannen Sie sich mit einem Cocktail an einem idyllischen tropischen Strand und genie\u00dfen Sie ein All-you-can-eat-Mittagessen.<\/p>\n<\/section>\n<\/div>\n<div data-track=\"key-details\" data-v-83a2b402=\"\"><\/div>\n<\/div>\n<p>&nbsp;<\/p>","protected":false},"excerpt":{"rendered":"<div data-track=\"overview\" data-v-83a2b402=\"\">\n<section id=\"activity-overview\" class=\"activity-overview\" data-component=\"overview\" data-v-83a2b402=\"\" data-v-f3236c42=\"\">\n<p class=\"activity-overview__content\" data-test-id=\"activity-overview-content\" data-v-f3236c42=\"\">Erleben Sie die Natur auf der Insel Saona auf diesem Bootsausflug ab Los Melones. Schwimmen Sie im t\u00fcrkisfarbenen Wasser, entspannen Sie sich mit einem Cocktail an einem idyllischen tropischen Strand und genie\u00dfen Sie ein All-you-can-eat-Mittagessen.<\/p>\n<\/section>\n<\/div>\n<div data-track=\"key-details\" data-v-83a2b402=\"\"><\/div>","protected":false},"featured_media":13052,"template":"","meta":[],"product_brand":[],"product_cat":[97],"product_tag":[101,102],"class_list":{"0":"post-12837","1":"product","2":"type-product","3":"status-publish","4":"has-post-thumbnail","6":"product_cat-dominican-republic","7":"product_tag-excursion","8":"product_tag-tour","10":"first","11":"instock","12":"shipping-taxable","13":"product-type-external"},"_links":{"self":[{"href":"https:\/\/sabanadelamartours.com\/de\/wp-json\/wp\/v2\/product\/12837","targetHints":{"allow":["GET"]}}],"collection":[{"href":"https:\/\/sabanadelamartours.com\/de\/wp-json\/wp\/v2\/product"}],"about":[{"href":"https:\/\/sabanadelamartours.com\/de\/wp-json\/wp\/v2\/types\/product"}],"version-history":[{"count":1,"href":"https:\/\/sabanadelamartours.com\/de\/wp-json\/wp\/v2\/product\/12837\/revisions"}],"predecessor-version":[{"id":18917,"href":"https:\/\/sabanadelamartours.com\/de\/wp-json\/wp\/v2\/product\/12837\/revisions\/18917"}],"wp:featuredmedia":[{"embeddable":true,"href":"https:\/\/sabanadelamartours.com\/de\/wp-json\/wp\/v2\/media\/13052"}],"wp:attachment":[{"href":"https:\/\/sabanadelamartours.com\/de\/wp-json\/wp\/v2\/media?parent=12837"}],"wp:term":[{"taxonomy":"product_brand","embeddable":true,"href":"https:\/\/sabanadelamartours.com\/de\/wp-json\/wp\/v2\/product_brand?post=12837"},{"taxonomy":"product_cat","embeddable":true,"href":"https:\/\/sabanadelamartours.com\/de\/wp-json\/wp\/v2\/product_cat?post=12837"},{"taxonomy":"product_tag","embeddable":true,"href":"https:\/\/sabanadelamartours.com\/de\/wp-json\/wp\/v2\/product_tag?post=12837"}],"curies":[{"name":"wp","href":"https:\/\/api.w.org\/{rel}","templated":true}]}}