{"id":12862,"date":"2025-12-18T11:09:04","date_gmt":"2025-12-18T11:09:04","guid":{"rendered":"https:\/\/sabanadelamartours.com\/?post_type=product&#038;p=12862"},"modified":"2026-01-06T14:47:19","modified_gmt":"2026-01-06T14:47:19","slug":"-164","status":"publish","type":"product","link":"https:\/\/sabanadelamartours.com\/de\/tour\/-164\/","title":{"rendered":"4-Rad-Abenteuer"},"content":{"rendered":"<p><strong>4-Rad-Abenteuer<\/strong><\/p>\n<div class=\"woocommerce-product-details__short-description\">\n<div data-track=\"key-details\" data-v-83a2b402=\"\">Begleiten Sie uns auf ein 4-Rad-Abenteuer! Wir holen Sie von Ihrem Hotel in Playa Dorada, Sosua oder Cabarete ab und bringen Sie zum Ausgangspunkt der Tour, nur 30 Minuten von Sosua und Puerto Plata entfernt. Bitte tragen Sie Kleidung, die Sie wegwerfen k\u00f6nnen, und eine Sonnenbrille, da die Stra\u00dfe staubig, schlammig und nass sein kann. Ein F\u00fchrerschein oder besondere Kenntnisse sind nicht erforderlich. Nach einer kurzen Einweisung beginnt Ihr unvergessliches Off-Road-Abenteuer. Alle 4-Rad-Antriebe sind sicher und einfach zu bedienen.<\/div>\n<div data-track=\"key-details\" data-v-83a2b402=\"\"><\/div>\n<div data-track=\"key-details\" data-v-83a2b402=\"\">Erleben Sie auf dieser Halbtagestour die nat\u00fcrliche Sch\u00f6nheit der Dominikanischen Republik. Sie werden eine atemberaubende Landschaft, schlammige Pfade und einen malerischen Strand genie\u00dfen. Fahren Sie mit Ihrem 4-Rad-Fahrzeug durch Zuckerrohrfelder und hinunter zum Strand. Diese Tour ist perfekt f\u00fcr diejenigen, die Spa\u00df haben und gleichzeitig die nat\u00fcrliche Sch\u00f6nheit der Dominikanischen Republik erkunden m\u00f6chten.<\/div>\n<\/div>","protected":false},"excerpt":{"rendered":"<div data-track=\"overview\" data-v-83a2b402=\"\">\n<section id=\"activity-overview\" class=\"activity-overview\" data-component=\"overview\" data-v-83a2b402=\"\" data-v-f3236c42=\"\">\n<p class=\"activity-overview__content\" data-test-id=\"activity-overview-content\" data-v-f3236c42=\"\">Fahren Sie mit Ihrem eigenen 4-Rad-Fahrzeug durch Zuckerrohrfelder und hinunter zum Strand. Genie\u00dfen Sie die atemberaubende Landschaft, die schlammigen Wege und den malerischen Strand. Dies ist ein halber Tag voller Spa\u00df f\u00fcr diejenigen, die eine Tour suchen, um die nat\u00fcrliche Sch\u00f6nheit der Dominikanischen Republik zu sehen.<\/p>\n<\/section>\n<\/div>\n<div data-track=\"key-details\" data-v-83a2b402=\"\"><\/div>","protected":false},"featured_media":13097,"template":"","meta":[],"product_brand":[],"product_cat":[97],"product_tag":[101,102],"class_list":{"0":"post-12862","1":"product","2":"type-product","3":"status-publish","4":"has-post-thumbnail","6":"product_cat-dominican-republic","7":"product_tag-excursion","8":"product_tag-tour","10":"first","11":"instock","12":"shipping-taxable","13":"product-type-external"},"_links":{"self":[{"href":"https:\/\/sabanadelamartours.com\/de\/wp-json\/wp\/v2\/product\/12862","targetHints":{"allow":["GET"]}}],"collection":[{"href":"https:\/\/sabanadelamartours.com\/de\/wp-json\/wp\/v2\/product"}],"about":[{"href":"https:\/\/sabanadelamartours.com\/de\/wp-json\/wp\/v2\/types\/product"}],"version-history":[{"count":1,"href":"https:\/\/sabanadelamartours.com\/de\/wp-json\/wp\/v2\/product\/12862\/revisions"}],"predecessor-version":[{"id":18569,"href":"https:\/\/sabanadelamartours.com\/de\/wp-json\/wp\/v2\/product\/12862\/revisions\/18569"}],"wp:featuredmedia":[{"embeddable":true,"href":"https:\/\/sabanadelamartours.com\/de\/wp-json\/wp\/v2\/media\/13097"}],"wp:attachment":[{"href":"https:\/\/sabanadelamartours.com\/de\/wp-json\/wp\/v2\/media?parent=12862"}],"wp:term":[{"taxonomy":"product_brand","embeddable":true,"href":"https:\/\/sabanadelamartours.com\/de\/wp-json\/wp\/v2\/product_brand?post=12862"},{"taxonomy":"product_cat","embeddable":true,"href":"https:\/\/sabanadelamartours.com\/de\/wp-json\/wp\/v2\/product_cat?post=12862"},{"taxonomy":"product_tag","embeddable":true,"href":"https:\/\/sabanadelamartours.com\/de\/wp-json\/wp\/v2\/product_tag?post=12862"}],"curies":[{"name":"wp","href":"https:\/\/api.w.org\/{rel}","templated":true}]}}