{"id":12872,"date":"2025-12-18T11:09:26","date_gmt":"2025-12-18T11:09:26","guid":{"rendered":"https:\/\/sabanadelamartours.com\/?post_type=product&#038;p=12872"},"modified":"2026-02-11T03:54:56","modified_gmt":"2026-02-11T03:54:56","slug":"-165","status":"publish","type":"product","link":"https:\/\/sabanadelamartours.com\/de\/tour\/-165\/","title":{"rendered":"Jarabacoa, La Vega: Camping-Tour im Tetero-Tal"},"content":{"rendered":"<p>Jarabacoa, La Vega: Camping-Tour im Tetero-Tal<\/p>\n<p>Bitte beachten Sie die folgende Reiseroute:<\/p>\n<p>Tag 1: Wir kommen in Manabao in Jarabacoa an, essen zu Abend (inklusive) und bleiben \u00fcber Nacht, um uns von der langen Busfahrt zu erholen.<\/p>\n<p>Tag 2: Die Wanderung beginnt um 6:00 Uhr morgens und f\u00fchrt von Manabao aus ins Tetero-Tal. Wer noch Energie hat, kann das Whale Spa, die Bonuszonen \u201cPiedra Letrada\u201d und \u201cConfluencia\u201d besuchen. Alle Hauptmahlzeiten sind an diesem Tag inbegriffen.<\/p>\n<p>Tag 3: Ein Ruhetag im Tal. Die Besucher k\u00f6nnen auch die bereits erw\u00e4hnten Bonusorte erkunden, was f\u00fcr ein umfassenderes Erlebnis sehr zu empfehlen ist. Alle Hauptmahlzeiten sind an diesem Tag inbegriffen.<\/p>\n<p>Tag 4: Wir kehren nach Manabao zur\u00fcck und beginnen unsere Wanderung um 6:00 Uhr morgens. Das Fr\u00fchst\u00fcck ist an diesem Tag inklusive.<\/p>\n<p>Erkunden Sie mit uns das Tetero-Tal und tauchen Sie ein in ein einzigartiges Naturerlebnis, genie\u00dfen Sie wundersch\u00f6ne Landschaften und Spas, darunter das bekannte Whale Spa.<\/p>\n<div class=\"woocommerce-product-details__short-description\">\n<div data-track=\"key-details\" data-v-83a2b402=\"\"><\/div>\n<\/div>","protected":false},"excerpt":{"rendered":"<div data-track=\"overview\" data-v-83a2b402=\"\">\n<section id=\"activity-overview\" class=\"activity-overview\" data-component=\"overview\" data-v-83a2b402=\"\" data-v-f3236c42=\"\">\n<p class=\"activity-overview__content\" data-test-id=\"activity-overview-content\" data-v-f3236c42=\"\">Kommen Sie mit uns und entdecken Sie das Tetero-Tal. Erleben Sie eine einzigartige Erfahrung in der Natur und genie\u00dfen Sie wundersch\u00f6ne Landschaften und Spas, wie das ber\u00fchmte Whale Spa.<\/p>\n<\/section>\n<\/div>\n<div data-track=\"key-details\" data-v-83a2b402=\"\"><\/div>","protected":false},"featured_media":13100,"template":"","meta":[],"product_brand":[],"product_cat":[97],"product_tag":[101,102],"class_list":{"0":"post-12872","1":"product","2":"type-product","3":"status-publish","4":"has-post-thumbnail","6":"product_cat-dominican-republic","7":"product_tag-excursion","8":"product_tag-tour","10":"first","11":"instock","12":"shipping-taxable","13":"product-type-external"},"_links":{"self":[{"href":"https:\/\/sabanadelamartours.com\/de\/wp-json\/wp\/v2\/product\/12872","targetHints":{"allow":["GET"]}}],"collection":[{"href":"https:\/\/sabanadelamartours.com\/de\/wp-json\/wp\/v2\/product"}],"about":[{"href":"https:\/\/sabanadelamartours.com\/de\/wp-json\/wp\/v2\/types\/product"}],"version-history":[{"count":1,"href":"https:\/\/sabanadelamartours.com\/de\/wp-json\/wp\/v2\/product\/12872\/revisions"}],"predecessor-version":[{"id":18922,"href":"https:\/\/sabanadelamartours.com\/de\/wp-json\/wp\/v2\/product\/12872\/revisions\/18922"}],"wp:featuredmedia":[{"embeddable":true,"href":"https:\/\/sabanadelamartours.com\/de\/wp-json\/wp\/v2\/media\/13100"}],"wp:attachment":[{"href":"https:\/\/sabanadelamartours.com\/de\/wp-json\/wp\/v2\/media?parent=12872"}],"wp:term":[{"taxonomy":"product_brand","embeddable":true,"href":"https:\/\/sabanadelamartours.com\/de\/wp-json\/wp\/v2\/product_brand?post=12872"},{"taxonomy":"product_cat","embeddable":true,"href":"https:\/\/sabanadelamartours.com\/de\/wp-json\/wp\/v2\/product_cat?post=12872"},{"taxonomy":"product_tag","embeddable":true,"href":"https:\/\/sabanadelamartours.com\/de\/wp-json\/wp\/v2\/product_tag?post=12872"}],"curies":[{"name":"wp","href":"https:\/\/api.w.org\/{rel}","templated":true}]}}