{"id":12981,"date":"2025-12-18T11:14:29","date_gmt":"2025-12-18T11:14:29","guid":{"rendered":"https:\/\/sabanadelamartours.com\/?post_type=product&#038;p=12981"},"modified":"2025-12-19T10:18:02","modified_gmt":"2025-12-19T10:18:02","slug":"-176","status":"publish","type":"product","link":"https:\/\/sabanadelamartours.com\/de\/tour\/-176\/","title":{"rendered":"Punta Cana: Privater Transfer zum oder vom Flughafen Punta Cana"},"content":{"rendered":"<p>Genie\u00dfen Sie einen exzellenten und eleganten Transportservice, bei dem Sie zwischen unserem Privatservice und unserem VIP-Service w\u00e4hlen k\u00f6nnen.<\/p>\n<p>Unser Transport deckt das gesamte Gebiet der Dominikanischen Republik ab: Santo Domingo, La Romana, Cap Cana, Punta Cana, Cabeza de Toro, B\u00e1varo, Uvero Alto. Sie entscheiden, wohin Sie fahren m\u00f6chten und wir bieten Ihnen den Service, den Sie ben\u00f6tigen.<\/p>\n<p>Unser Vertreter wird Sie an dem von Ihnen festgelegten Ort abholen, der mit dem Firmenlogo und Ihrem Namen auf einem Schild gekennzeichnet ist. Wir bringen Sie zu Ihrem Zielort, w\u00e4hrend Sie Ihre Tour und die sch\u00f6ne Aussicht auf die Karibik genie\u00dfen.<\/p>\n<p>Sie k\u00f6nnen auch aus einer Vielzahl von Getr\u00e4nken w\u00e4hlen, die Sie optional gegen Aufpreis in den Service einbeziehen k\u00f6nnen.<\/p>\n<div class=\"toggle-content__content toggle-content__content--expanded toggle-content__content--packable\" data-v-59485d64=\"\">\n<div data-test-id=\"activity-full-description-text\" data-v-5835c99c=\"\">Es ist jeden Tag 24 Stunden lang in Betrieb.<\/div>\n<\/div>\n<div class=\"toggle-content__label-placeholder\" data-v-59485d64=\"\"><\/div>","protected":false},"excerpt":{"rendered":"<div data-track=\"overview\" data-v-83a2b402=\"\">\n<section id=\"activity-overview\" class=\"activity-overview\" data-component=\"overview\" data-v-83a2b402=\"\" data-v-f3236c42=\"\">\n<p class=\"activity-overview__content\" data-test-id=\"activity-overview-content\" data-v-f3236c42=\"\">Buchen Sie im Voraus einen privaten 1-Wege-Transfer von Ihrer Adresse in Punta Cana zum internationalen Flughafen Punta Cana oder in umgekehrter Richtung. Genie\u00dfen Sie maximalen Komfort mit einem direkten Transfer und Ihrem eigenen privaten Fahrer.<\/p>\n<\/section>\n<\/div>\n<div data-track=\"key-details\" data-v-83a2b402=\"\"><\/div>","protected":false},"featured_media":12053,"template":"","meta":[],"product_brand":[],"product_cat":[97],"product_tag":[101,102],"class_list":{"0":"post-12981","1":"product","2":"type-product","3":"status-publish","4":"has-post-thumbnail","6":"product_cat-dominican-republic","7":"product_tag-excursion","8":"product_tag-tour","10":"first","11":"instock","12":"shipping-taxable","13":"product-type-external"},"_links":{"self":[{"href":"https:\/\/sabanadelamartours.com\/de\/wp-json\/wp\/v2\/product\/12981","targetHints":{"allow":["GET"]}}],"collection":[{"href":"https:\/\/sabanadelamartours.com\/de\/wp-json\/wp\/v2\/product"}],"about":[{"href":"https:\/\/sabanadelamartours.com\/de\/wp-json\/wp\/v2\/types\/product"}],"version-history":[{"count":0,"href":"https:\/\/sabanadelamartours.com\/de\/wp-json\/wp\/v2\/product\/12981\/revisions"}],"wp:featuredmedia":[{"embeddable":true,"href":"https:\/\/sabanadelamartours.com\/de\/wp-json\/wp\/v2\/media\/12053"}],"wp:attachment":[{"href":"https:\/\/sabanadelamartours.com\/de\/wp-json\/wp\/v2\/media?parent=12981"}],"wp:term":[{"taxonomy":"product_brand","embeddable":true,"href":"https:\/\/sabanadelamartours.com\/de\/wp-json\/wp\/v2\/product_brand?post=12981"},{"taxonomy":"product_cat","embeddable":true,"href":"https:\/\/sabanadelamartours.com\/de\/wp-json\/wp\/v2\/product_cat?post=12981"},{"taxonomy":"product_tag","embeddable":true,"href":"https:\/\/sabanadelamartours.com\/de\/wp-json\/wp\/v2\/product_tag?post=12981"}],"curies":[{"name":"wp","href":"https:\/\/api.w.org\/{rel}","templated":true}]}}