{"id":13000,"date":"2025-12-18T11:15:10","date_gmt":"2025-12-18T11:15:10","guid":{"rendered":"https:\/\/sabanadelamartours.com\/?post_type=product&#038;p=13000"},"modified":"2026-01-06T14:59:39","modified_gmt":"2026-01-06T14:59:39","slug":"-178","status":"publish","type":"product","link":"https:\/\/sabanadelamartours.com\/de\/tour\/-178\/","title":{"rendered":"Von Punta Cana aus: Whale Watching und Montana Redonda Tour"},"content":{"rendered":"<p>Kommen Sie f\u00fcr einen Tag und entdecken Sie dieses riesige S\u00e4ugetier und die unglaubliche Geschichte seiner Wanderung in der Bucht von Samana. Die Abfahrt erfolgt gegen 7:30 Uhr, um gegen 9:15 Uhr am Pier von Miches anzukommen.<\/p>\n<p>An der Anlegestelle wird das Fr\u00fchst\u00fcck serviert. Die Walbeobachtung wird auf einem komfortablen motorisierten Katamaran durchgef\u00fchrt und dauert zwischen 2.00 und 3.30 Uhr. Sie werden zwischen 12.30 und 1.30 Uhr in den Hafen von Miches zur\u00fcckkehren.<\/p>\n<p>Abfahrt von Miches nach Montana Redonda (20\/25-min\u00fctige Fahrt). Der Aufstieg nach Montana Redonda erfolgt in einem Safari-Truck (machen Sie sich bereit, es wird Sie umhauen!). Das Mittagessen wird am Berghang mit Panoramablick auf die Atlantikk\u00fcste serviert. Auf der Speisekarte stehen: Schweinefleisch, Huhn, Fischfilet, Reis, Salate und frisches Obst.<\/p>\n<p>Die R\u00fcckfahrt zu den Hotels erfolgt durch das Landesinnere, durch eine nat\u00fcrliche und authentische Dominikanische Republik, weit weg von den traditionellen Touristenpfaden. Nach all diesen wunderbaren Entdeckungen kehren Sie gegen 17.30 \/ 18.00 Uhr zu Ihrem Hotel zur\u00fcck.<\/p>","protected":false},"excerpt":{"rendered":"<div data-track=\"overview\" data-v-83a2b402=\"\">\n<section id=\"activity-overview\" class=\"activity-overview\" data-component=\"overview\" data-v-83a2b402=\"\" data-v-f3236c42=\"\">\n<p class=\"activity-overview__content\" data-test-id=\"activity-overview-content\" data-v-f3236c42=\"\">Starten Sie in Punta Cana und gehen Sie an Bord eines Katamarans, um eine Walbeobachtungstour zu unternehmen, und machen Sie anschlie\u00dfend eine Tour durch Montana Redonda in einem Safaritruck. Essen Sie auf dem Berg zu Mittag, w\u00e4hrend Sie einen Panoramablick auf das Meer genie\u00dfen.<\/p>\n<\/section>\n<\/div>\n<div data-track=\"key-details\" data-v-83a2b402=\"\"><\/div>","protected":false},"featured_media":13229,"template":"","meta":[],"product_brand":[],"product_cat":[97],"product_tag":[101,102],"class_list":{"0":"post-13000","1":"product","2":"type-product","3":"status-publish","4":"has-post-thumbnail","6":"product_cat-dominican-republic","7":"product_tag-excursion","8":"product_tag-tour","10":"first","11":"instock","12":"shipping-taxable","13":"product-type-external"},"_links":{"self":[{"href":"https:\/\/sabanadelamartours.com\/de\/wp-json\/wp\/v2\/product\/13000","targetHints":{"allow":["GET"]}}],"collection":[{"href":"https:\/\/sabanadelamartours.com\/de\/wp-json\/wp\/v2\/product"}],"about":[{"href":"https:\/\/sabanadelamartours.com\/de\/wp-json\/wp\/v2\/types\/product"}],"version-history":[{"count":1,"href":"https:\/\/sabanadelamartours.com\/de\/wp-json\/wp\/v2\/product\/13000\/revisions"}],"predecessor-version":[{"id":18576,"href":"https:\/\/sabanadelamartours.com\/de\/wp-json\/wp\/v2\/product\/13000\/revisions\/18576"}],"wp:featuredmedia":[{"embeddable":true,"href":"https:\/\/sabanadelamartours.com\/de\/wp-json\/wp\/v2\/media\/13229"}],"wp:attachment":[{"href":"https:\/\/sabanadelamartours.com\/de\/wp-json\/wp\/v2\/media?parent=13000"}],"wp:term":[{"taxonomy":"product_brand","embeddable":true,"href":"https:\/\/sabanadelamartours.com\/de\/wp-json\/wp\/v2\/product_brand?post=13000"},{"taxonomy":"product_cat","embeddable":true,"href":"https:\/\/sabanadelamartours.com\/de\/wp-json\/wp\/v2\/product_cat?post=13000"},{"taxonomy":"product_tag","embeddable":true,"href":"https:\/\/sabanadelamartours.com\/de\/wp-json\/wp\/v2\/product_tag?post=13000"}],"curies":[{"name":"wp","href":"https:\/\/api.w.org\/{rel}","templated":true}]}}