{"id":13051,"date":"2025-12-18T11:17:15","date_gmt":"2025-12-18T11:17:15","guid":{"rendered":"https:\/\/sabanadelamartours.com\/?post_type=product&#038;p=13051"},"modified":"2026-01-06T15:35:48","modified_gmt":"2026-01-06T15:35:48","slug":"-182","status":"publish","type":"product","link":"https:\/\/sabanadelamartours.com\/de\/tour\/-182\/","title":{"rendered":"Drei-Augen-Park und Colon-Leuchtturm-Erlebnis"},"content":{"rendered":"<p>In Begleitung unserer einheimischen Reiseleiter besichtigen Sie zwei au\u00dfergew\u00f6hnliche Orte in Santo Domingo, zun\u00e4chst einen Nationalpark voller Geschichte, Kultur und Charme, und dann geht es zum Leuchtturm in Colon, einer gro\u00dfartigen Architektur, \u00fcber die Sie unglaubliche, wenig bekannte Informationen erfahren werden.<\/p>\n<p>Wir beginnen unseren Ausflug im Nationalpark Los Tres Ojos. Versteckte Sch\u00f6nheit im Inneren einer H\u00f6hle, die 4 Seen beherbergt, die am Anfang war nur 1, heute getrennt von einander haben sehr unterschiedliche Eigenschaften.<\/p>\n<div class=\"toggle-content__content toggle-content__content--expanded toggle-content__content--packable\" data-v-59485d64=\"\">\n<div data-test-id=\"activity-full-description-text\" data-v-5835c99c=\"\">Anschlie\u00dfend werden wir den Columbus-Leuchtturm besuchen, ein Museum\/Mausoleum voller Geschichte und Kultur. Es wird ein Tag voller Wissen und Spa\u00df sein.<\/div>\n<\/div>\n<div class=\"toggle-content__label-placeholder\" data-v-59485d64=\"\"><\/div>","protected":false},"excerpt":{"rendered":"<div data-track=\"overview\" data-v-83a2b402=\"\">\n<section id=\"activity-overview\" class=\"activity-overview\" data-component=\"overview\" data-v-83a2b402=\"\" data-v-f3236c42=\"\">\n<p class=\"activity-overview__content\" data-test-id=\"activity-overview-content\" data-v-f3236c42=\"\">Zwei wunderbare Orte, die man an einem einzigen Tag besuchen kann, um etwas \u00fcber ihre Entwicklung und kuriose Fakten zu erfahren und die nationale Flora und Fauna zu genie\u00dfen.<\/p>\n<\/section>\n<\/div>\n<div data-track=\"key-details\" data-v-83a2b402=\"\"><\/div>","protected":false},"featured_media":13279,"template":"","meta":[],"product_brand":[],"product_cat":[97],"product_tag":[101,102],"class_list":{"0":"post-13051","1":"product","2":"type-product","3":"status-publish","4":"has-post-thumbnail","6":"product_cat-dominican-republic","7":"product_tag-excursion","8":"product_tag-tour","10":"first","11":"instock","12":"shipping-taxable","13":"product-type-external"},"_links":{"self":[{"href":"https:\/\/sabanadelamartours.com\/de\/wp-json\/wp\/v2\/product\/13051","targetHints":{"allow":["GET"]}}],"collection":[{"href":"https:\/\/sabanadelamartours.com\/de\/wp-json\/wp\/v2\/product"}],"about":[{"href":"https:\/\/sabanadelamartours.com\/de\/wp-json\/wp\/v2\/types\/product"}],"version-history":[{"count":1,"href":"https:\/\/sabanadelamartours.com\/de\/wp-json\/wp\/v2\/product\/13051\/revisions"}],"predecessor-version":[{"id":18579,"href":"https:\/\/sabanadelamartours.com\/de\/wp-json\/wp\/v2\/product\/13051\/revisions\/18579"}],"wp:featuredmedia":[{"embeddable":true,"href":"https:\/\/sabanadelamartours.com\/de\/wp-json\/wp\/v2\/media\/13279"}],"wp:attachment":[{"href":"https:\/\/sabanadelamartours.com\/de\/wp-json\/wp\/v2\/media?parent=13051"}],"wp:term":[{"taxonomy":"product_brand","embeddable":true,"href":"https:\/\/sabanadelamartours.com\/de\/wp-json\/wp\/v2\/product_brand?post=13051"},{"taxonomy":"product_cat","embeddable":true,"href":"https:\/\/sabanadelamartours.com\/de\/wp-json\/wp\/v2\/product_cat?post=13051"},{"taxonomy":"product_tag","embeddable":true,"href":"https:\/\/sabanadelamartours.com\/de\/wp-json\/wp\/v2\/product_tag?post=13051"}],"curies":[{"name":"wp","href":"https:\/\/api.w.org\/{rel}","templated":true}]}}