{"id":13062,"date":"2025-12-18T11:17:42","date_gmt":"2025-12-18T11:17:42","guid":{"rendered":"https:\/\/sabanadelamartours.com\/?post_type=product&#038;p=13062"},"modified":"2026-02-11T04:37:19","modified_gmt":"2026-02-11T04:37:19","slug":"-183","status":"publish","type":"product","link":"https:\/\/sabanadelamartours.com\/de\/tour\/-183\/","title":{"rendered":"2-st\u00fcndiges Reitabenteuer am Strand, Dschungel und Fluss"},"content":{"rendered":"<p>*Pferdereiten durch den Dschungel und Macao Beach<\/p>\n<p>Stellen Sie sich ein Abenteuer vor, bei dem Sie auf dem R\u00fccken eines majest\u00e4tischen Pferdes spektakul\u00e4re Landschaften erkunden, w\u00e4hrend Sie von pulsierender Natur und frischer Luft umgeben sind. Dieser Ritt f\u00fchrt Sie durch zwei atemberaubende Landschaften: den \u00fcppigen tropischen Dschungel und die ruhigen Str\u00e4nde von Macau.<\/p>\n<p>*Beginn der Fahrt:*.<\/p>\n<p>Ihr Abenteuer beginnt auf einer malerischen Ranch in den Au\u00dfenbezirken, wo Sie Ihr Pferd kennenlernen, das sorgf\u00e4ltig f\u00fcr Ihren Erfahrungsstand ausgew\u00e4hlt wurde. Erfahrene und sachkundige \u00f6rtliche F\u00fchrer geben Ihnen eine kurze Einf\u00fchrung in den Weg und einige grundlegende Reitanweisungen.<\/p>\n<p>*Jungle Adventure.<\/p>\n<p>Wenn Sie die Fahrt beginnen, gelangen Sie schnell in den dichten gr\u00fcnen Regenwald, ein Paradies, in dem sich die Artenvielfalt vor Ihren Augen entfaltet. Die gewundenen Pfade f\u00fchren Sie durch eine \u00fcppige Vegetation und hoch aufragende B\u00e4ume, die Heimat exotischer V\u00f6gel und verschiedener Tierarten. Sie werden die Frische der Luft, das Zwitschern der V\u00f6gel und die subtilen Ger\u00e4usche der Tierwelt sp\u00fcren. Ihre F\u00fchrer erz\u00e4hlen Ihnen faszinierende Geschichten \u00fcber die lokale Flora und Fauna sowie \u00fcber die Kultur und Traditionen der Region.<\/p>\n<p>*In Richtung Macao Beach: *.<\/p>\n<p>Im weiteren Verlauf geht es hinunter zur K\u00fcste, wo sich der Horizont mit wei\u00dfem Sand und t\u00fcrkisfarbenem Wasser \u00f6ffnet. Der \u00dcbergang vom Dschungel zum Strand ist ein magisches Erlebnis: Die Luft wird salzig und das Ger\u00e4usch der Wellen, die sich am Ufer brechen, erf\u00fcllt die Atmosph\u00e4re. Die Ankunft am Strand von Macao ist ein wahrer Genuss f\u00fcr die Sinne; es ist ein unber\u00fchrter Strand, der f\u00fcr seine nat\u00fcrliche Sch\u00f6nheit und seine ruhige Atmosph\u00e4re bekannt ist.<\/p>\n<p>*Moment der Entspannung<\/p>\n<p>Hier haben Sie die M\u00f6glichkeit, Ihr Pferd abzusatteln und sich auszuruhen, w\u00e4hrend Sie die freie Zeit am Strand genie\u00dfen. Sie k\u00f6nnen barfu\u00df \u00fcber den weichen Sand laufen, im warmen karibischen Wasser schwimmen oder einfach unter der tropischen Sonne entspannen. Einige Ausritte beinhalten auch ein leichtes Mittagessen oder ein Picknick am Strand, was diesem unvergesslichen Erlebnis eine besondere Note verleiht.<\/p>\n<p>*R\u00fcckkehr zur Ranch.<\/p>\n<p>Nachdem Sie sich ausgeruht und entspannt haben, bereiten Sie sich auf die R\u00fcckfahrt vor. Der letzte Teil der Fahrt wird Ihnen erlauben, \u00fcber den herrlichen Tag nachzudenken, den Sie erlebt haben, durch Landschaften, die bereits beginnen, Sie in das warme Licht des Sonnenuntergangs oder des sonnigen Tages zu h\u00fcllen<\/p>\n<div class=\"toggle-content__content toggle-content__content--expanded toggle-content__content--packable\" data-v-59485d64=\"\">\n<div data-test-id=\"activity-full-description-text\" data-v-5835c99c=\"\">Dieser Ausritt ist eine perfekte Kombination aus Abenteuer, Erkundung und Gelassenheit. Er bietet eine einzigartige Verbindung zur Natur und die M\u00f6glichkeit, die atemberaubende Sch\u00f6nheit des Dschungels und der Str\u00e4nde Macaus zu entdecken.<\/div>\n<\/div>\n<div class=\"toggle-content__label-placeholder\" data-v-59485d64=\"\"><\/div>","protected":false},"excerpt":{"rendered":"<div data-track=\"overview\" data-v-83a2b402=\"\">\n<section id=\"activity-overview\" class=\"activity-overview\" data-component=\"overview\" data-v-83a2b402=\"\" data-v-f3236c42=\"\">\n<p class=\"activity-overview__content\" data-test-id=\"activity-overview-content\" data-v-f3236c42=\"\">Reiten Sie entlang der glitzernden K\u00fcste von Macao Beach auf einem gef\u00fchrten Ausflug mit Hin- und R\u00fccktransfer ab Punta Cana. Tauchen Sie ein in die Natur und entdecken Sie einen malerischen Fluss.<\/p>\n<\/section>\n<\/div>\n<div data-track=\"key-details\" data-v-83a2b402=\"\"><\/div>","protected":false},"featured_media":13286,"template":"","meta":[],"product_brand":[],"product_cat":[97],"product_tag":[101,102],"class_list":{"0":"post-13062","1":"product","2":"type-product","3":"status-publish","4":"has-post-thumbnail","6":"product_cat-dominican-republic","7":"product_tag-excursion","8":"product_tag-tour","10":"first","11":"instock","12":"shipping-taxable","13":"product-type-external"},"_links":{"self":[{"href":"https:\/\/sabanadelamartours.com\/de\/wp-json\/wp\/v2\/product\/13062","targetHints":{"allow":["GET"]}}],"collection":[{"href":"https:\/\/sabanadelamartours.com\/de\/wp-json\/wp\/v2\/product"}],"about":[{"href":"https:\/\/sabanadelamartours.com\/de\/wp-json\/wp\/v2\/types\/product"}],"version-history":[{"count":1,"href":"https:\/\/sabanadelamartours.com\/de\/wp-json\/wp\/v2\/product\/13062\/revisions"}],"predecessor-version":[{"id":18932,"href":"https:\/\/sabanadelamartours.com\/de\/wp-json\/wp\/v2\/product\/13062\/revisions\/18932"}],"wp:featuredmedia":[{"embeddable":true,"href":"https:\/\/sabanadelamartours.com\/de\/wp-json\/wp\/v2\/media\/13286"}],"wp:attachment":[{"href":"https:\/\/sabanadelamartours.com\/de\/wp-json\/wp\/v2\/media?parent=13062"}],"wp:term":[{"taxonomy":"product_brand","embeddable":true,"href":"https:\/\/sabanadelamartours.com\/de\/wp-json\/wp\/v2\/product_brand?post=13062"},{"taxonomy":"product_cat","embeddable":true,"href":"https:\/\/sabanadelamartours.com\/de\/wp-json\/wp\/v2\/product_cat?post=13062"},{"taxonomy":"product_tag","embeddable":true,"href":"https:\/\/sabanadelamartours.com\/de\/wp-json\/wp\/v2\/product_tag?post=13062"}],"curies":[{"name":"wp","href":"https:\/\/api.w.org\/{rel}","templated":true}]}}