{"id":13108,"date":"2025-12-18T11:19:34","date_gmt":"2025-12-18T11:19:34","guid":{"rendered":"https:\/\/sabanadelamartours.com\/?post_type=product&#038;p=13108"},"modified":"2026-02-11T04:43:53","modified_gmt":"2026-02-11T04:43:53","slug":"punta-cana-coco-bongo-nightclub-mit-hin-und-zuruck-transfer","status":"publish","type":"product","link":"https:\/\/sabanadelamartours.com\/de\/tour\/punta-cana-coco-bongo-nightclub-mit-hin-und-zuruck-transfer\/","title":{"rendered":"Punta Cana: Coco Bongo Nightclub mit Hin- und R\u00fccktransfer"},"content":{"rendered":"<p><strong>Punta Cana: Coco Bongo Nightclub mit Hin- und R\u00fccktransfer<\/strong><\/p>\n<p>Erleben Sie das ultimative Party-Erlebnis in Punta Cana mit einem Ausflug zum Coco Bongo. Genie\u00dfen Sie den Hin- und R\u00fccktransport von Ihrem Hotel in Punta Cana sowie den Eintritt in den Club. Bei der Ankunft erhalten Sie ein kostenloses Begr\u00fc\u00dfungsgetr\u00e4nk.<\/p>\n<p>Beginnen Sie Ihre Tour am sp\u00e4ten Nachmittag, damit Sie gen\u00fcgend Zeit haben, den Strand oder den Pool zu genie\u00dfen, bevor Sie zum Club gehen. Wenn Sie im Coco Bongo ankommen, werden Sie von der schieren Gr\u00f6\u00dfe des Clubs \u00fcberrascht sein. Der Club ist in verschiedene Bereiche unterteilt, von denen jeder seine eigene Atmosph\u00e4re hat.<\/p>\n<div class=\"toggle-content__content toggle-content__content--expanded toggle-content__content--packable\" data-v-59485d64=\"\">\n<div data-test-id=\"activity-full-description-text\" data-v-5835c99c=\"\">Es gibt eine Hauptb\u00fchne, auf der die Weltklasse-K\u00fcnstler auftreten, sowie mehrere kleinere Bars und Lounges. Es gibt auch eine Tanzfl\u00e4che, auf der Sie die Nacht durchtanzen k\u00f6nnen.<\/div>\n<\/div>\n<div class=\"toggle-content__label-placeholder\" data-v-59485d64=\"\"><\/div>","protected":false},"excerpt":{"rendered":"<div data-track=\"overview\" data-v-83a2b402=\"\">\n<section id=\"activity-overview\" class=\"activity-overview\" data-component=\"overview\" data-v-83a2b402=\"\" data-v-f3236c42=\"\">\n<p class=\"activity-overview__content\" data-test-id=\"activity-overview-content\" data-v-f3236c42=\"\">Erleben Sie das ultimative Party-Erlebnis in Punta Cana im Coco Bongo. Genie\u00dfen Sie eine offene Bar Getr\u00e4nke bei der Ankunft im Club und Hin-und R\u00fcckfahrt von Ihrem Hotel in Punta Cana.<\/p>\n<\/section>\n<\/div>\n<div data-track=\"key-details\" data-v-83a2b402=\"\"><\/div>","protected":false},"featured_media":13342,"template":"","meta":[],"product_brand":[],"product_cat":[97],"product_tag":[101,102],"class_list":{"0":"post-13108","1":"product","2":"type-product","3":"status-publish","4":"has-post-thumbnail","6":"product_cat-dominican-republic","7":"product_tag-excursion","8":"product_tag-tour","10":"first","11":"instock","12":"sale","13":"shipping-taxable","14":"product-type-external"},"_links":{"self":[{"href":"https:\/\/sabanadelamartours.com\/de\/wp-json\/wp\/v2\/product\/13108","targetHints":{"allow":["GET"]}}],"collection":[{"href":"https:\/\/sabanadelamartours.com\/de\/wp-json\/wp\/v2\/product"}],"about":[{"href":"https:\/\/sabanadelamartours.com\/de\/wp-json\/wp\/v2\/types\/product"}],"version-history":[{"count":2,"href":"https:\/\/sabanadelamartours.com\/de\/wp-json\/wp\/v2\/product\/13108\/revisions"}],"predecessor-version":[{"id":18939,"href":"https:\/\/sabanadelamartours.com\/de\/wp-json\/wp\/v2\/product\/13108\/revisions\/18939"}],"wp:featuredmedia":[{"embeddable":true,"href":"https:\/\/sabanadelamartours.com\/de\/wp-json\/wp\/v2\/media\/13342"}],"wp:attachment":[{"href":"https:\/\/sabanadelamartours.com\/de\/wp-json\/wp\/v2\/media?parent=13108"}],"wp:term":[{"taxonomy":"product_brand","embeddable":true,"href":"https:\/\/sabanadelamartours.com\/de\/wp-json\/wp\/v2\/product_brand?post=13108"},{"taxonomy":"product_cat","embeddable":true,"href":"https:\/\/sabanadelamartours.com\/de\/wp-json\/wp\/v2\/product_cat?post=13108"},{"taxonomy":"product_tag","embeddable":true,"href":"https:\/\/sabanadelamartours.com\/de\/wp-json\/wp\/v2\/product_tag?post=13108"}],"curies":[{"name":"wp","href":"https:\/\/api.w.org\/{rel}","templated":true}]}}