{"id":13132,"date":"2025-12-18T11:20:28","date_gmt":"2025-12-18T11:20:28","guid":{"rendered":"https:\/\/sabanadelamartours.com\/?post_type=product&#038;p=13132"},"modified":"2026-01-07T09:55:49","modified_gmt":"2026-01-07T09:55:49","slug":"-190","status":"publish","type":"product","link":"https:\/\/sabanadelamartours.com\/de\/tour\/-190\/","title":{"rendered":"Damajagua: 27 Wasserf\u00e4lle Tour mit Eintritt und Mittagessen"},"content":{"rendered":"<p>Holen Sie sich hier Ihre Tickets f\u00fcr einen Halbtagesausflug zu den 27 Wasserf\u00e4llen von Damajagua. Eintrittskarten mit Mittagessen und Ausflug inklusive Springen und Schwimmen in den sch\u00f6nsten Wasserf\u00e4llen der Dominikanischen Republik. Wandern und Schwimmen mit Sicherheitsausr\u00fcstung, um die beste Erfahrung \u00fcberhaupt zu haben!!<\/p>\n<div class=\"toggle-content__content toggle-content__content--expanded toggle-content__content--packable\" data-v-59485d64=\"\">\n<div data-test-id=\"activity-full-description-text\" data-v-5835c99c=\"\">Nach diesem Erlebnis kehren Sie zum Ort zur\u00fcck, wo Sie sich mit dem Reiseleiter treffen.<\/div>\n<\/div>\n<div class=\"toggle-content__label-placeholder\" data-v-59485d64=\"\"><\/div>","protected":false},"excerpt":{"rendered":"<div data-track=\"overview\" data-v-83a2b402=\"\">\n<section id=\"activity-overview\" class=\"activity-overview\" data-component=\"overview\" data-v-83a2b402=\"\" data-v-f3236c42=\"\">\n<p class=\"activity-overview__content\" data-test-id=\"activity-overview-content\" data-v-f3236c42=\"\">Entdecken Sie die versteckten Naturwunder von Damajagua bei einem gef\u00fchrten Besuch der 27 Wasserf\u00e4lle. Wandern Sie durch die Gegend, um atemberaubende Wasserf\u00e4lle zu erkunden, springen Sie in das tiefblaue Wasser und genie\u00dfen Sie ein k\u00f6stliches Mittagessen.<\/p>\n<\/section>\n<\/div>\n<div data-track=\"key-details\" data-v-83a2b402=\"\"><\/div>","protected":false},"featured_media":13356,"template":"","meta":[],"product_brand":[],"product_cat":[97],"product_tag":[101,102],"class_list":{"0":"post-13132","1":"product","2":"type-product","3":"status-publish","4":"has-post-thumbnail","6":"product_cat-dominican-republic","7":"product_tag-excursion","8":"product_tag-tour","10":"first","11":"instock","12":"shipping-taxable","13":"product-type-external"},"_links":{"self":[{"href":"https:\/\/sabanadelamartours.com\/de\/wp-json\/wp\/v2\/product\/13132","targetHints":{"allow":["GET"]}}],"collection":[{"href":"https:\/\/sabanadelamartours.com\/de\/wp-json\/wp\/v2\/product"}],"about":[{"href":"https:\/\/sabanadelamartours.com\/de\/wp-json\/wp\/v2\/types\/product"}],"version-history":[{"count":1,"href":"https:\/\/sabanadelamartours.com\/de\/wp-json\/wp\/v2\/product\/13132\/revisions"}],"predecessor-version":[{"id":18581,"href":"https:\/\/sabanadelamartours.com\/de\/wp-json\/wp\/v2\/product\/13132\/revisions\/18581"}],"wp:featuredmedia":[{"embeddable":true,"href":"https:\/\/sabanadelamartours.com\/de\/wp-json\/wp\/v2\/media\/13356"}],"wp:attachment":[{"href":"https:\/\/sabanadelamartours.com\/de\/wp-json\/wp\/v2\/media?parent=13132"}],"wp:term":[{"taxonomy":"product_brand","embeddable":true,"href":"https:\/\/sabanadelamartours.com\/de\/wp-json\/wp\/v2\/product_brand?post=13132"},{"taxonomy":"product_cat","embeddable":true,"href":"https:\/\/sabanadelamartours.com\/de\/wp-json\/wp\/v2\/product_cat?post=13132"},{"taxonomy":"product_tag","embeddable":true,"href":"https:\/\/sabanadelamartours.com\/de\/wp-json\/wp\/v2\/product_tag?post=13132"}],"curies":[{"name":"wp","href":"https:\/\/api.w.org\/{rel}","templated":true}]}}