{"id":13216,"date":"2025-12-18T11:24:08","date_gmt":"2025-12-18T11:24:08","guid":{"rendered":"https:\/\/sabanadelamartours.com\/?post_type=product&#038;p=13216"},"modified":"2026-02-11T04:50:20","modified_gmt":"2026-02-11T04:50:20","slug":"-201","status":"publish","type":"product","link":"https:\/\/sabanadelamartours.com\/de\/tour\/-201\/","title":{"rendered":"Transfers vom Flughafen Santo Domingo nach\/von Punta Cana"},"content":{"rendered":"<p>Buchen Sie Ihren privaten Transfer. W\u00e4hlen Sie einen 1-Weg-Transfer vom Flughafen Santo Domingo zu Ihrem Hotel in Punta Cana oder umgekehrt. Wenn Sie m\u00f6chten, k\u00f6nnen Sie auch einen 1-Weg-Transfer vom Flughafen nach Macao oder Uvero Alto buchen. Halten Sie dann am Flughafen Ausschau nach einem Schild mit Ihrem Namen.<\/p>\n<div class=\"toggle-content__content toggle-content__content--expanded toggle-content__content--packable\" data-v-59485d64=\"\">\n<div data-test-id=\"activity-full-description-text\" data-v-5835c99c=\"\">Steigen Sie ins Auto und fahren Sie zu Ihrem Hotel, um den Transfer zu beenden. Wenn Sie von Ihrem Hotel abgeholt werden, treffen Sie Ihren Fahrer in der Hotellobby, steigen Sie dann ein und fahren Sie zum Flughafen. Entspannen Sie sich im k\u00fchlen, klimatisierten Auto und lassen Sie die Landschaft auf sich wirken. Kommen Sie mit ausreichend Zeit an.<\/div>\n<\/div>\n<div class=\"toggle-content__label-placeholder\" data-v-59485d64=\"\"><\/div>","protected":false},"excerpt":{"rendered":"<div data-track=\"overview\" data-v-83a2b402=\"\">\n<section id=\"activity-overview\" class=\"activity-overview\" data-component=\"overview\" data-v-83a2b402=\"\" data-v-f3236c42=\"\">\n<p class=\"activity-overview__content\" data-test-id=\"activity-overview-content\" data-v-f3236c42=\"\">Reservieren Sie einen privaten Flughafentransfer vom Flughafen Santo Domingo zu Ihrem Hotel in Punta Cana, oder umgekehrt. Reisen Sie in einem komfortablen, klimatisierten Auto.<\/p>\n<\/section>\n<\/div>\n<div data-track=\"key-details\" data-v-83a2b402=\"\"><\/div>","protected":false},"featured_media":13429,"template":"","meta":[],"product_brand":[],"product_cat":[97],"product_tag":[101,102],"class_list":{"0":"post-13216","1":"product","2":"type-product","3":"status-publish","4":"has-post-thumbnail","6":"product_cat-dominican-republic","7":"product_tag-excursion","8":"product_tag-tour","10":"first","11":"instock","12":"shipping-taxable","13":"product-type-external"},"_links":{"self":[{"href":"https:\/\/sabanadelamartours.com\/de\/wp-json\/wp\/v2\/product\/13216","targetHints":{"allow":["GET"]}}],"collection":[{"href":"https:\/\/sabanadelamartours.com\/de\/wp-json\/wp\/v2\/product"}],"about":[{"href":"https:\/\/sabanadelamartours.com\/de\/wp-json\/wp\/v2\/types\/product"}],"version-history":[{"count":1,"href":"https:\/\/sabanadelamartours.com\/de\/wp-json\/wp\/v2\/product\/13216\/revisions"}],"predecessor-version":[{"id":18945,"href":"https:\/\/sabanadelamartours.com\/de\/wp-json\/wp\/v2\/product\/13216\/revisions\/18945"}],"wp:featuredmedia":[{"embeddable":true,"href":"https:\/\/sabanadelamartours.com\/de\/wp-json\/wp\/v2\/media\/13429"}],"wp:attachment":[{"href":"https:\/\/sabanadelamartours.com\/de\/wp-json\/wp\/v2\/media?parent=13216"}],"wp:term":[{"taxonomy":"product_brand","embeddable":true,"href":"https:\/\/sabanadelamartours.com\/de\/wp-json\/wp\/v2\/product_brand?post=13216"},{"taxonomy":"product_cat","embeddable":true,"href":"https:\/\/sabanadelamartours.com\/de\/wp-json\/wp\/v2\/product_cat?post=13216"},{"taxonomy":"product_tag","embeddable":true,"href":"https:\/\/sabanadelamartours.com\/de\/wp-json\/wp\/v2\/product_tag?post=13216"}],"curies":[{"name":"wp","href":"https:\/\/api.w.org\/{rel}","templated":true}]}}