{"id":13246,"date":"2025-12-18T11:25:21","date_gmt":"2025-12-18T11:25:21","guid":{"rendered":"https:\/\/sabanadelamartours.com\/?post_type=product&#038;p=13246"},"modified":"2026-01-07T10:38:55","modified_gmt":"2026-01-07T10:38:55","slug":"-205","status":"publish","type":"product","link":"https:\/\/sabanadelamartours.com\/de\/tour\/-205\/","title":{"rendered":"Samana: Gef\u00fchrter Tagesausflug mit Mittagsbuffet und Walbeobachtung"},"content":{"rendered":"<p>Genie\u00dfen Sie ein einzigartiges Ereignis in der Dominikanischen Republik: die Beobachtung der Buckelwale, die einmal im Jahr, von Januar bis Ende M\u00e4rz, unsere K\u00fcste in der Bucht von Samana besuchen, um sich zu paaren und ihre K\u00e4lber zur Welt zu bringen.<\/p>\n<p>Das Erlebnis beginnt mit dem Verlassen Ihres Hotels und f\u00fchrt durch die \u00f6stliche Ebene in Richtung Las Ca\u00f1itas de Miches.<\/p>\n<p>An der Anlegestelle Las Ca\u00f1itas schiffen wir uns ein, um zum Walschutzgebiet zu fahren, wo wir etwa zweieinhalb Stunden bleiben werden.<\/p>\n<p>Nach der Besichtigung fahren wir zur Insel Cayo Levantado oder Bacardi, wo wir zu Mittag essen und am Strand liegen werden (ca. 1 Stunde und 30 Minuten).<\/p>\n<p>Nach dem Mittagessen gehen wir wieder an Bord des Bootes, um zum Samana Pier zu fahren, wo der Safari-Truck auf uns wartet, um uns zur Ranch zu bringen, wo wir eine 30-min\u00fctige Fahrt durch den Urwald unternehmen werden.<\/p>\n<p>und am Flussufer entlang bis zum El Limon-Wasserfall, der \u00fcber 60 Meter hoch ist, um ein erfrischendes und belebendes Bad zu nehmen.<\/p>","protected":false},"excerpt":{"rendered":"<div data-track=\"overview\" data-v-83a2b402=\"\">\n<section id=\"activity-overview\" class=\"activity-overview\" data-component=\"overview\" data-v-83a2b402=\"\" data-v-f3236c42=\"\">\n<p class=\"activity-overview__content\" data-test-id=\"activity-overview-content\" data-v-f3236c42=\"\">Entdecken Sie die Provinz Samana auf diesem Tagesausflug mit einem Reiseleiter. Beobachten Sie Buckelwale im Samana Marine Mammal Sanctuary und besuchen Sie die Insel Bacardi und den Wasserfall El Limon.<\/p>\n<\/section>\n<\/div>\n<div data-track=\"key-details\" data-v-83a2b402=\"\"><\/div>","protected":false},"featured_media":13462,"template":"","meta":[],"product_brand":[],"product_cat":[97],"product_tag":[101,102],"class_list":{"0":"post-13246","1":"product","2":"type-product","3":"status-publish","4":"has-post-thumbnail","6":"product_cat-dominican-republic","7":"product_tag-excursion","8":"product_tag-tour","10":"first","11":"instock","12":"shipping-taxable","13":"product-type-external"},"_links":{"self":[{"href":"https:\/\/sabanadelamartours.com\/de\/wp-json\/wp\/v2\/product\/13246","targetHints":{"allow":["GET"]}}],"collection":[{"href":"https:\/\/sabanadelamartours.com\/de\/wp-json\/wp\/v2\/product"}],"about":[{"href":"https:\/\/sabanadelamartours.com\/de\/wp-json\/wp\/v2\/types\/product"}],"version-history":[{"count":1,"href":"https:\/\/sabanadelamartours.com\/de\/wp-json\/wp\/v2\/product\/13246\/revisions"}],"predecessor-version":[{"id":18589,"href":"https:\/\/sabanadelamartours.com\/de\/wp-json\/wp\/v2\/product\/13246\/revisions\/18589"}],"wp:featuredmedia":[{"embeddable":true,"href":"https:\/\/sabanadelamartours.com\/de\/wp-json\/wp\/v2\/media\/13462"}],"wp:attachment":[{"href":"https:\/\/sabanadelamartours.com\/de\/wp-json\/wp\/v2\/media?parent=13246"}],"wp:term":[{"taxonomy":"product_brand","embeddable":true,"href":"https:\/\/sabanadelamartours.com\/de\/wp-json\/wp\/v2\/product_brand?post=13246"},{"taxonomy":"product_cat","embeddable":true,"href":"https:\/\/sabanadelamartours.com\/de\/wp-json\/wp\/v2\/product_cat?post=13246"},{"taxonomy":"product_tag","embeddable":true,"href":"https:\/\/sabanadelamartours.com\/de\/wp-json\/wp\/v2\/product_tag?post=13246"}],"curies":[{"name":"wp","href":"https:\/\/api.w.org\/{rel}","templated":true}]}}