{"id":13293,"date":"2025-12-18T11:26:59","date_gmt":"2025-12-18T11:26:59","guid":{"rendered":"https:\/\/sabanadelamartours.com\/?post_type=product&#038;p=13293"},"modified":"2026-02-11T10:42:03","modified_gmt":"2026-02-11T10:42:03","slug":"-210","status":"publish","type":"product","link":"https:\/\/sabanadelamartours.com\/de\/tour\/-210\/","title":{"rendered":"Bayahibe: Buggy-Tour mit Fluss Chav\u00f3n und lokaler Verkostung"},"content":{"rendered":"<p>Erkunden Sie die Dominikanische Republik auf einer gef\u00fchrten Buggy-Tour ab Bayahibe. Besuchen Sie eine Zuckerrohrplantage, fahren Sie durch einheimische D\u00f6rfer und erfrischen Sie sich mit einem Bad im Fluss Chav\u00f3n. Beenden Sie die Tour mit einer Verkostung von lokalen Produkten.<\/p>\n<p>Beginnen Sie Ihre Tour mit einem Besuch auf einer Zuckerrohrplantage. Erfahren Sie mehr \u00fcber den Anbau von Zuckerrohr und seine Verwendung. Probieren Sie frisch geschnittenes Zuckerrohr und erfahren Sie mehr \u00fcber das l\u00e4ndliche Leben in der Dominikanischen Republik.<\/p>\n<p>Anschlie\u00dfend fahren Sie durch die D\u00f6rfer der Region und bekommen ein Gef\u00fchl f\u00fcr die lokale Kultur. Halten Sie am Fluss Chav\u00f3n, der in Filmen wie Rambo II, Apocalypse Now und Jurassic Park zu sehen war. Nehmen Sie ein erfrischendes Bad im Fluss.<\/p>\n<p>Beenden Sie Ihre Tour mit einer Verkostung von lokalen Produkten, darunter typische Snacks, Schokolade, Kaffee und das ber\u00fchmte dominikanische Getr\u00e4nk Mamajuana.<\/p>","protected":false},"excerpt":{"rendered":"<div data-track=\"overview\" data-v-83a2b402=\"\">\n<section id=\"activity-overview\" class=\"activity-overview\" data-component=\"overview\" data-v-83a2b402=\"\" data-v-f3236c42=\"\">\n<p class=\"activity-overview__content\" data-test-id=\"activity-overview-content\" data-v-f3236c42=\"\">Erkunden Sie die l\u00e4ndliche Seite der Dominikanischen Republik bei einer Buggy-Tour. Besuchen Sie eine lokale Farm und erfahren Sie mehr \u00fcber den Anbau von Zuckerrohr. Nehmen Sie ein erfrischendes Bad im Wasser des Flusses Chav\u00f3n.<\/p>\n<\/section>\n<\/div>\n<div data-track=\"key-details\" data-v-83a2b402=\"\"><\/div>","protected":false},"featured_media":13510,"template":"","meta":[],"product_brand":[],"product_cat":[97],"product_tag":[101,102],"class_list":{"0":"post-13293","1":"product","2":"type-product","3":"status-publish","4":"has-post-thumbnail","6":"product_cat-dominican-republic","7":"product_tag-excursion","8":"product_tag-tour","10":"first","11":"instock","12":"shipping-taxable","13":"product-type-external"},"_links":{"self":[{"href":"https:\/\/sabanadelamartours.com\/de\/wp-json\/wp\/v2\/product\/13293","targetHints":{"allow":["GET"]}}],"collection":[{"href":"https:\/\/sabanadelamartours.com\/de\/wp-json\/wp\/v2\/product"}],"about":[{"href":"https:\/\/sabanadelamartours.com\/de\/wp-json\/wp\/v2\/types\/product"}],"version-history":[{"count":1,"href":"https:\/\/sabanadelamartours.com\/de\/wp-json\/wp\/v2\/product\/13293\/revisions"}],"predecessor-version":[{"id":18949,"href":"https:\/\/sabanadelamartours.com\/de\/wp-json\/wp\/v2\/product\/13293\/revisions\/18949"}],"wp:featuredmedia":[{"embeddable":true,"href":"https:\/\/sabanadelamartours.com\/de\/wp-json\/wp\/v2\/media\/13510"}],"wp:attachment":[{"href":"https:\/\/sabanadelamartours.com\/de\/wp-json\/wp\/v2\/media?parent=13293"}],"wp:term":[{"taxonomy":"product_brand","embeddable":true,"href":"https:\/\/sabanadelamartours.com\/de\/wp-json\/wp\/v2\/product_brand?post=13293"},{"taxonomy":"product_cat","embeddable":true,"href":"https:\/\/sabanadelamartours.com\/de\/wp-json\/wp\/v2\/product_cat?post=13293"},{"taxonomy":"product_tag","embeddable":true,"href":"https:\/\/sabanadelamartours.com\/de\/wp-json\/wp\/v2\/product_tag?post=13293"}],"curies":[{"name":"wp","href":"https:\/\/api.w.org\/{rel}","templated":true}]}}