{"id":13332,"date":"2025-12-18T11:28:38","date_gmt":"2025-12-18T11:28:38","guid":{"rendered":"https:\/\/sabanadelamartours.com\/?post_type=product&#038;p=13332"},"modified":"2026-02-11T10:45:54","modified_gmt":"2026-02-11T10:45:54","slug":"-215","status":"publish","type":"product","link":"https:\/\/sabanadelamartours.com\/de\/tour\/-215\/","title":{"rendered":"Entdeckung des Nationalparks Los Haitises mit leckerem Mittagessen"},"content":{"rendered":"<p>Sie werden ein einzigartiges und au\u00dfergew\u00f6hnliches Abenteuer erleben, wenn Sie einen ganzen Tag lang den Nationalpark Los Haitises erkunden, dessen tropische Regenw\u00e4lder als Drehort f\u00fcr den Film Jurassic Park dienten.<\/p>\n<p>Sie werden die erstaunlichen Felsformationen sehen, die bis zu 30 Meter hoch aus dem Wasser ragen. Hunderte von bedrohten Vogelarten fliegen \u00fcber die weite Landschaft des Parks und seine beeindruckenden Mangroven. Sie werden auch den Monta\u00f1a Redonda in einem Safari-Truck \u00fcberqueren, seinen Gipfel erreichen und einen spektakul\u00e4ren Panoramablick auf die nord\u00f6stliche K\u00fcste der Insel genie\u00dfen. Sie lernen die dominikanische Kultur und die Plantagen kennen, darunter Kakao und Kaffee. Schwimmen Sie im unber\u00fchrten Yanigua-Wasserfall, entdecken Sie blauen Bernstein, besuchen Sie Tarzans Baumhaus und erfahren Sie mehr \u00fcber die Kakaoverarbeitung vom Samen bis zur Nutella. Genie\u00dfen Sie ein v\u00f6llig nat\u00fcrliches Lehm-SPA ohne zus\u00e4tzliche Kosten und vieles mehr.<\/p>\n<p>Genie\u00dfen Sie ein k\u00f6stliches All-you-can-eat-Mittagsbuffet und eine alkoholfreie Open Bar am Wasserfall. Es wird ein Tag voller unvergesslicher Erlebnisse, garantiert! Inklusive Dienstleistungen.<\/p>","protected":false},"excerpt":{"rendered":"<div data-track=\"overview\" data-v-83a2b402=\"\">\n<section id=\"activity-overview\" class=\"activity-overview\" data-component=\"overview\" data-v-83a2b402=\"\" data-v-f3236c42=\"\">\n<p class=\"activity-overview__content\" data-test-id=\"activity-overview-content\" data-v-f3236c42=\"\">Begeben Sie sich auf ein ganzt\u00e4giges Abenteuer im Los Haitises National Park. Erforschen Sie tropische Regenw\u00e4lder, sehen Sie 30 Meter hohe Felsen und beobachten Sie bedrohte V\u00f6gel und majest\u00e4tische Mangroven. Eine denkw\u00fcrdige Reise erwartet Sie.<\/p>\n<\/section>\n<\/div>\n<div data-track=\"key-details\" data-v-83a2b402=\"\"><\/div>","protected":false},"featured_media":13555,"template":"","meta":[],"product_brand":[],"product_cat":[97],"product_tag":[101,102],"class_list":{"0":"post-13332","1":"product","2":"type-product","3":"status-publish","4":"has-post-thumbnail","6":"product_cat-dominican-republic","7":"product_tag-excursion","8":"product_tag-tour","10":"first","11":"instock","12":"sale","13":"shipping-taxable","14":"product-type-external"},"_links":{"self":[{"href":"https:\/\/sabanadelamartours.com\/de\/wp-json\/wp\/v2\/product\/13332","targetHints":{"allow":["GET"]}}],"collection":[{"href":"https:\/\/sabanadelamartours.com\/de\/wp-json\/wp\/v2\/product"}],"about":[{"href":"https:\/\/sabanadelamartours.com\/de\/wp-json\/wp\/v2\/types\/product"}],"version-history":[{"count":2,"href":"https:\/\/sabanadelamartours.com\/de\/wp-json\/wp\/v2\/product\/13332\/revisions"}],"predecessor-version":[{"id":18953,"href":"https:\/\/sabanadelamartours.com\/de\/wp-json\/wp\/v2\/product\/13332\/revisions\/18953"}],"wp:featuredmedia":[{"embeddable":true,"href":"https:\/\/sabanadelamartours.com\/de\/wp-json\/wp\/v2\/media\/13555"}],"wp:attachment":[{"href":"https:\/\/sabanadelamartours.com\/de\/wp-json\/wp\/v2\/media?parent=13332"}],"wp:term":[{"taxonomy":"product_brand","embeddable":true,"href":"https:\/\/sabanadelamartours.com\/de\/wp-json\/wp\/v2\/product_brand?post=13332"},{"taxonomy":"product_cat","embeddable":true,"href":"https:\/\/sabanadelamartours.com\/de\/wp-json\/wp\/v2\/product_cat?post=13332"},{"taxonomy":"product_tag","embeddable":true,"href":"https:\/\/sabanadelamartours.com\/de\/wp-json\/wp\/v2\/product_tag?post=13332"}],"curies":[{"name":"wp","href":"https:\/\/api.w.org\/{rel}","templated":true}]}}