{"id":13389,"date":"2025-12-18T11:31:20","date_gmt":"2025-12-18T11:31:20","guid":{"rendered":"https:\/\/sabanadelamartours.com\/?post_type=product&#038;p=13389"},"modified":"2026-02-10T02:55:01","modified_gmt":"2026-02-10T02:55:01","slug":"-222","status":"publish","type":"product","link":"https:\/\/sabanadelamartours.com\/de\/tour\/-222\/","title":{"rendered":"Die offizielle Nachtleben-Unterhaltungstour von Sos\u00faa"},"content":{"rendered":"<p>\u00dcberblick \u00fcber die Tour<\/p>\n<p>Entdecken Sie das pulsierende Nachtleben von Sosua, Dominikanische Republik, mit unserer exklusiven Nightlife Entertainment Tour. Diese Tour ist f\u00fcr diejenigen gedacht, die das lebendige, energiegeladene und bunte Nachtleben erleben m\u00f6chten, f\u00fcr das Sosua ber\u00fchmt ist. Von belebten Bars und trendigen Nachtclubs bis hin zu Live-Musik-Locations und lokalen Hotspots - diese Tour verspricht eine unvergessliche Nacht.<\/p>\n<p>H\u00f6hepunkte der Tour<\/p>\n<p>Lokale Bars und Lounges: Beginnen Sie Ihren Abend mit einem Besuch in einer der besten lokalen Bars und Lounges. Genie\u00dfen Sie eine Vielzahl von Getr\u00e4nken, von klassischen Cocktails bis hin zu lokalen Favoriten, w\u00e4hrend Sie sich unter Einheimische und Mitreisende mischen.<\/p>\n<p>Nachtclubs: Tanzen Sie die Nacht durch in Sosuas Top-Nachtclubs. Mit gro\u00dfartiger Musik, energiegeladenen Menschenmassen und einer lebhaften Atmosph\u00e4re erleben Sie das Beste des Nachtlebens in Sosua.<\/p>\n<p>Veranstaltungsorte f\u00fcr Live-Musik: Genie\u00dfen Sie Live-Auftritte von lokalen Bands und K\u00fcnstlern. Von Reggae und Salsa bis hin zu Merengue und Bachata - die Live-Musikszene in Sosua ist vielf\u00e4ltig und mitrei\u00dfend.<\/p>\n<p>Kulturelle Erlebnisse: Erhalten Sie einen Einblick in die dominikanische Kultur, indem Sie an Orten anhalten, an denen traditionelle Musik und T\u00e4nze aufgef\u00fchrt werden.<\/p>\n<p>Einheimische K\u00fcche: Genie\u00dfen Sie die Aromen der Dominikanischen Republik bei einem Besuch in einem lokalen Restaurant. Probieren Sie k\u00f6stliche Stra\u00dfengerichte oder einen sp\u00e4ten Snack, um Ihre Energie f\u00fcr die kommende Nacht aufrechtzuerhalten.<\/p>\n<p>Sichere und gef\u00fchrte Erfahrung: Unsere erfahrenen Guides werden daf\u00fcr sorgen, dass Sie eine sichere und angenehme Nacht erleben, die besten Pl\u00e4tze kennenlernen und das Beste aus Ihrer Zeit in Sosua machen.<\/p>","protected":false},"excerpt":{"rendered":"<div data-track=\"overview\" data-v-83a2b402=\"\">\n<section id=\"activity-overview\" class=\"activity-overview\" data-component=\"overview\" data-v-83a2b402=\"\" data-v-f3236c42=\"\">\n<p class=\"activity-overview__content\" data-test-id=\"activity-overview-content\" data-v-f3236c42=\"\">Alles, was Sie \u00fcber das Vergn\u00fcgungsviertel von Sosua und die Cabarets geh\u00f6rt haben, ist wahr! Dies ist f\u00fcr Gruppen, die zum ersten Mal nach Sosua reisen.<\/p>\n<\/section>\n<\/div>\n<div data-track=\"key-details\" data-v-83a2b402=\"\"><\/div>","protected":false},"featured_media":12457,"template":"","meta":[],"product_brand":[],"product_cat":[97],"product_tag":[101,102],"class_list":{"0":"post-13389","1":"product","2":"type-product","3":"status-publish","4":"has-post-thumbnail","6":"product_cat-dominican-republic","7":"product_tag-excursion","8":"product_tag-tour","10":"first","11":"instock","12":"shipping-taxable","13":"product-type-external"},"_links":{"self":[{"href":"https:\/\/sabanadelamartours.com\/de\/wp-json\/wp\/v2\/product\/13389","targetHints":{"allow":["GET"]}}],"collection":[{"href":"https:\/\/sabanadelamartours.com\/de\/wp-json\/wp\/v2\/product"}],"about":[{"href":"https:\/\/sabanadelamartours.com\/de\/wp-json\/wp\/v2\/types\/product"}],"version-history":[{"count":1,"href":"https:\/\/sabanadelamartours.com\/de\/wp-json\/wp\/v2\/product\/13389\/revisions"}],"predecessor-version":[{"id":18879,"href":"https:\/\/sabanadelamartours.com\/de\/wp-json\/wp\/v2\/product\/13389\/revisions\/18879"}],"wp:featuredmedia":[{"embeddable":true,"href":"https:\/\/sabanadelamartours.com\/de\/wp-json\/wp\/v2\/media\/12457"}],"wp:attachment":[{"href":"https:\/\/sabanadelamartours.com\/de\/wp-json\/wp\/v2\/media?parent=13389"}],"wp:term":[{"taxonomy":"product_brand","embeddable":true,"href":"https:\/\/sabanadelamartours.com\/de\/wp-json\/wp\/v2\/product_brand?post=13389"},{"taxonomy":"product_cat","embeddable":true,"href":"https:\/\/sabanadelamartours.com\/de\/wp-json\/wp\/v2\/product_cat?post=13389"},{"taxonomy":"product_tag","embeddable":true,"href":"https:\/\/sabanadelamartours.com\/de\/wp-json\/wp\/v2\/product_tag?post=13389"}],"curies":[{"name":"wp","href":"https:\/\/api.w.org\/{rel}","templated":true}]}}