{"id":13400,"date":"2025-12-18T11:31:56","date_gmt":"2025-12-18T11:31:56","guid":{"rendered":"https:\/\/sabanadelamartours.com\/?post_type=product&#038;p=13400"},"modified":"2026-02-11T10:48:14","modified_gmt":"2026-02-11T10:48:14","slug":"los-haitises-zip-line-kajakfahren-und-naturliche-pools","status":"publish","type":"product","link":"https:\/\/sabanadelamartours.com\/de\/tour\/los-haitises-zip-line-kajakfahren-und-naturliche-pools\/","title":{"rendered":"Los Haitises: Seilbahn, Kajakfahren und nat\u00fcrliche Pools"},"content":{"rendered":"<p>Wir nehmen die f\u00fcr Ihre Sicherheit erforderliche Ausr\u00fcstung (Schwimmwesten, etc.), Kajaks und gehen durch Mangroven-S\u00fcmpfe. Sie werden einige V\u00f6gel gef\u00fcllten Mangroven, sanften H\u00fcgeln der \u00fcppigen Vegetation zu sehen. Sie fahren durch die Mangroven und landen an der offenen San-Lorenzo-Bucht, von wo aus Sie die zerkl\u00fcftete Waldlandschaft fotografieren k\u00f6nnen. Der Name des Nationalparks stammt von seinen urspr\u00fcnglichen Bewohnern, den Taino-Indianern. In ihrer Sprache bedeutet \u201cHaitises\u201d Hochland oder H\u00fcgel, eine Anspielung auf die steilen geologischen Formationen der K\u00fcstenlinie mit Kalksteinen. Die Kajaktour dauert 3 Stunden.<\/p>\n<p>Die Tour endet am Startpunkt bei den nat\u00fcrlichen Pools. Dort werden wir auch die Seilrutsche benutzen. Bei Regen wird die Seilrutsche gegen eine Wanderung im Regenwald getauscht.<\/p>\n<p>Wir empfehlen diesen Ausflug am fr\u00fchen Morgen, um Seek\u00fche, Krustentiere und Delfine zu sehen.<\/p>","protected":false},"excerpt":{"rendered":"<div data-track=\"overview\" data-v-83a2b402=\"\">\n<section id=\"activity-overview\" class=\"activity-overview\" data-component=\"overview\" data-v-83a2b402=\"\" data-v-f3236c42=\"\">\n<p class=\"activity-overview__content\" data-test-id=\"activity-overview-content\" data-v-f3236c42=\"\">Erkunden Sie die Mangroven des Nationalparks Los Haitises in Kajaks. Sehen Sie die urspr\u00fcngliche Tierwelt Natur der Dominikanischen Republik, Genie\u00dfen Sie eine Zip-Line durch den Regenwald und nat\u00fcrliche Pools.<\/p>\n<\/section>\n<\/div>\n<div data-track=\"key-details\" data-v-83a2b402=\"\"><\/div>","protected":false},"featured_media":13625,"template":"","meta":[],"product_brand":[],"product_cat":[97],"product_tag":[101,102],"class_list":{"0":"post-13400","1":"product","2":"type-product","3":"status-publish","4":"has-post-thumbnail","6":"product_cat-dominican-republic","7":"product_tag-excursion","8":"product_tag-tour","10":"first","11":"instock","12":"shipping-taxable","13":"product-type-external"},"_links":{"self":[{"href":"https:\/\/sabanadelamartours.com\/de\/wp-json\/wp\/v2\/product\/13400","targetHints":{"allow":["GET"]}}],"collection":[{"href":"https:\/\/sabanadelamartours.com\/de\/wp-json\/wp\/v2\/product"}],"about":[{"href":"https:\/\/sabanadelamartours.com\/de\/wp-json\/wp\/v2\/types\/product"}],"version-history":[{"count":1,"href":"https:\/\/sabanadelamartours.com\/de\/wp-json\/wp\/v2\/product\/13400\/revisions"}],"predecessor-version":[{"id":18957,"href":"https:\/\/sabanadelamartours.com\/de\/wp-json\/wp\/v2\/product\/13400\/revisions\/18957"}],"wp:featuredmedia":[{"embeddable":true,"href":"https:\/\/sabanadelamartours.com\/de\/wp-json\/wp\/v2\/media\/13625"}],"wp:attachment":[{"href":"https:\/\/sabanadelamartours.com\/de\/wp-json\/wp\/v2\/media?parent=13400"}],"wp:term":[{"taxonomy":"product_brand","embeddable":true,"href":"https:\/\/sabanadelamartours.com\/de\/wp-json\/wp\/v2\/product_brand?post=13400"},{"taxonomy":"product_cat","embeddable":true,"href":"https:\/\/sabanadelamartours.com\/de\/wp-json\/wp\/v2\/product_cat?post=13400"},{"taxonomy":"product_tag","embeddable":true,"href":"https:\/\/sabanadelamartours.com\/de\/wp-json\/wp\/v2\/product_tag?post=13400"}],"curies":[{"name":"wp","href":"https:\/\/api.w.org\/{rel}","templated":true}]}}