{"id":13488,"date":"2025-12-18T11:35:03","date_gmt":"2025-12-18T11:35:03","guid":{"rendered":"https:\/\/sabanadelamartours.com\/?post_type=product&#038;p=13488"},"modified":"2026-02-11T10:54:49","modified_gmt":"2026-02-11T10:54:49","slug":"santo-domingo-flughafen-einweg-oder-hin-und-zuruck-transfer","status":"publish","type":"product","link":"https:\/\/sabanadelamartours.com\/de\/tour\/santo-domingo-flughafen-einweg-oder-hin-und-zuruck-transfer\/","title":{"rendered":"Flughafen Santo Domingo: Einweg- oder Hin- und R\u00fccktransfers"},"content":{"rendered":"<p>Genie\u00dfen Sie den Transfer zwischen dem Flughafen Santo Domingo und Ihrem Hotel f\u00fcr eine einfache Fahrt oder Hin- und R\u00fcckfahrt. Ein Hin- und R\u00fccktransfer von Ihrem Hotel zum Flughafen ist ebenfalls verf\u00fcgbar.<\/p>\n<p>Ein freundlicher Fahrer wird Sie an Ihrem Standort in Empfang nehmen und begr\u00fc\u00dfen. Entspannen Sie sich in dem Wissen, dass Sie sicher in einem klimatisierten Fahrzeug unterwegs sind.<\/p>\n<p>Lassen Sie sich von Ihrem Fahrer reibungslos durch den Verkehr leiten. Reisen Sie bequem, ohne ein Taxi oder \u00f6ffentliche Verkehrsmittel vom Flughafen aus suchen zu m\u00fcssen.<\/p>\n<p>An Bord erhalten Sie au\u00dferdem eine Flasche Wasser, die im Service inbegriffen ist, als Dankesch\u00f6n daf\u00fcr, dass Sie sich f\u00fcr diesen Service entschieden haben.<\/p>\n<p>Unsere Fahrzeuge sind neu, komfortabel mit Klimaanlage und hochqualifizierten Fahrern ausgestattet.<\/p>\n<div class=\"toggle-content__content toggle-content__content--expanded toggle-content__content--packable\" data-v-59485d64=\"\">\n<div data-test-id=\"activity-full-description-text\" data-v-5835c99c=\"\">Wir haben einen 24\/7-Kundendienst am Flughafen.<\/div>\n<\/div>\n<div class=\"toggle-content__label-placeholder\" data-v-59485d64=\"\"><\/div>","protected":false},"excerpt":{"rendered":"<div data-track=\"overview\" data-v-83a2b402=\"\">\n<section id=\"activity-overview\" class=\"activity-overview\" data-component=\"overview\" data-v-83a2b402=\"\" data-v-f3236c42=\"\">\n<p class=\"activity-overview__content\" data-test-id=\"activity-overview-content\" data-v-f3236c42=\"\">Genie\u00dfen Sie einen unkomplizierten Privattransfer zwischen dem Flughafen Santo Domingo und Ihrem Hotel oder Ihren Zielen. W\u00e4hlen Sie zwischen einem 1-Weg- oder einem Hin- und R\u00fcckfahrservice und genie\u00dfen Sie die Fahrt zu Ihrem Zielort.<\/p>\n<\/section>\n<\/div>\n<div data-track=\"key-details\" data-v-83a2b402=\"\"><\/div>","protected":false},"featured_media":13753,"template":"","meta":[],"product_brand":[],"product_cat":[97],"product_tag":[101,102],"class_list":{"0":"post-13488","1":"product","2":"type-product","3":"status-publish","4":"has-post-thumbnail","6":"product_cat-dominican-republic","7":"product_tag-excursion","8":"product_tag-tour","10":"first","11":"instock","12":"shipping-taxable","13":"product-type-external"},"_links":{"self":[{"href":"https:\/\/sabanadelamartours.com\/de\/wp-json\/wp\/v2\/product\/13488","targetHints":{"allow":["GET"]}}],"collection":[{"href":"https:\/\/sabanadelamartours.com\/de\/wp-json\/wp\/v2\/product"}],"about":[{"href":"https:\/\/sabanadelamartours.com\/de\/wp-json\/wp\/v2\/types\/product"}],"version-history":[{"count":2,"href":"https:\/\/sabanadelamartours.com\/de\/wp-json\/wp\/v2\/product\/13488\/revisions"}],"predecessor-version":[{"id":18964,"href":"https:\/\/sabanadelamartours.com\/de\/wp-json\/wp\/v2\/product\/13488\/revisions\/18964"}],"wp:featuredmedia":[{"embeddable":true,"href":"https:\/\/sabanadelamartours.com\/de\/wp-json\/wp\/v2\/media\/13753"}],"wp:attachment":[{"href":"https:\/\/sabanadelamartours.com\/de\/wp-json\/wp\/v2\/media?parent=13488"}],"wp:term":[{"taxonomy":"product_brand","embeddable":true,"href":"https:\/\/sabanadelamartours.com\/de\/wp-json\/wp\/v2\/product_brand?post=13488"},{"taxonomy":"product_cat","embeddable":true,"href":"https:\/\/sabanadelamartours.com\/de\/wp-json\/wp\/v2\/product_cat?post=13488"},{"taxonomy":"product_tag","embeddable":true,"href":"https:\/\/sabanadelamartours.com\/de\/wp-json\/wp\/v2\/product_tag?post=13488"}],"curies":[{"name":"wp","href":"https:\/\/api.w.org\/{rel}","templated":true}]}}