{"id":13519,"date":"2025-12-18T11:36:16","date_gmt":"2025-12-18T11:36:16","guid":{"rendered":"https:\/\/sabanadelamartours.com\/?post_type=product&#038;p=13519"},"modified":"2026-01-07T11:04:48","modified_gmt":"2026-01-07T11:04:48","slug":"27-wasserfalle-tour-mit-eintritt-mittagessen","status":"publish","type":"product","link":"https:\/\/sabanadelamartours.com\/de\/tour\/27-wasserfalle-tour-mit-eintritt-mittagessen\/","title":{"rendered":"27 Wasserf\u00e4lle Tour mit Eintritt &amp; Mittagessen"},"content":{"rendered":"<p>Holen Sie sich hier Ihre Tickets f\u00fcr einen Halbtagesausflug zu den 27 Wasserf\u00e4llen des Majagua Flusses. Eintrittskarten mit Mittagessen und Ausflug inklusive Springen und Schwimmen in den sch\u00f6nsten Wasserf\u00e4llen der Dominikanischen Republik. Wandern und Schwimmen mit Sicherheitsausr\u00fcstung, um die beste Erfahrung \u00fcberhaupt zu haben!!<\/p>\n<p>Nach dieser Erfahrung, werden Sie zur\u00fcck zum Ort, wo Sie mit dem Tour Guide treffen. Bitte beachten Sie, wenn es nicht genug Wasser ist der Wasserpark nur 7 Wasserf\u00e4lle \u00f6ffnen.<\/p>\n<p>In den sanften H\u00fcgeln der n\u00f6rdlichen Gebirgskette der Dominikanischen Republik gelegen, ist dies ein nat\u00fcrlicher Schatz, den Sie nirgendwo sonst auf der Welt finden werden. In der Tat hat Mutter Natur 27 wundersch\u00f6ne Pools geschaffen, die in den Kalkstein gehauen wurden. Seien Sie bereit, Spa\u00df zu haben!!!<\/p>\n<p>Obwohl die 27 Wasserf\u00e4lle schon seit Jahrtausenden existieren, wurden sie erst vor kurzem von der Au\u00dfenwelt entdeckt. Daher kamen die ersten Touristen 1994 zu den Wasserf\u00e4llen, und nach und nach sprach sich dieser erstaunliche Naturschatz herum und brachte eine F\u00fchrungsindustrie f\u00fcr die jungen M\u00e4nner vor Ort hervor. Heute, zehn Jahre sp\u00e4ter, kommen jedes Jahr fast 50.000 Touristen nach Rio Damajagua, um das zu genie\u00dfen, was die Dominikaner seit Jahrhunderten kennen.<\/p>","protected":false},"excerpt":{"rendered":"<div data-track=\"overview\" data-v-83a2b402=\"\">\n<section id=\"activity-overview\" class=\"activity-overview\" data-component=\"overview\" data-v-83a2b402=\"\" data-v-f3236c42=\"\">\n<p class=\"activity-overview__content\" data-test-id=\"activity-overview-content\" data-v-f3236c42=\"\">Entdecken Sie die versteckten Naturwunder von Damajagua bei einem gef\u00fchrten Besuch der 27 Wasserf\u00e4lle. Wandern Sie durch die Gegend, um atemberaubende Wasserf\u00e4lle zu erkunden, springen Sie in das tiefblaue Wasser und genie\u00dfen Sie ein k\u00f6stliches Mittagessen.<\/p>\n<\/section>\n<\/div>\n<div data-track=\"key-details\" data-v-83a2b402=\"\"><\/div>","protected":false},"featured_media":13794,"template":"","meta":[],"product_brand":[],"product_cat":[97],"product_tag":[101,102],"class_list":{"0":"post-13519","1":"product","2":"type-product","3":"status-publish","4":"has-post-thumbnail","6":"product_cat-dominican-republic","7":"product_tag-excursion","8":"product_tag-tour","10":"first","11":"instock","12":"shipping-taxable","13":"product-type-external"},"_links":{"self":[{"href":"https:\/\/sabanadelamartours.com\/de\/wp-json\/wp\/v2\/product\/13519","targetHints":{"allow":["GET"]}}],"collection":[{"href":"https:\/\/sabanadelamartours.com\/de\/wp-json\/wp\/v2\/product"}],"about":[{"href":"https:\/\/sabanadelamartours.com\/de\/wp-json\/wp\/v2\/types\/product"}],"version-history":[{"count":1,"href":"https:\/\/sabanadelamartours.com\/de\/wp-json\/wp\/v2\/product\/13519\/revisions"}],"predecessor-version":[{"id":18604,"href":"https:\/\/sabanadelamartours.com\/de\/wp-json\/wp\/v2\/product\/13519\/revisions\/18604"}],"wp:featuredmedia":[{"embeddable":true,"href":"https:\/\/sabanadelamartours.com\/de\/wp-json\/wp\/v2\/media\/13794"}],"wp:attachment":[{"href":"https:\/\/sabanadelamartours.com\/de\/wp-json\/wp\/v2\/media?parent=13519"}],"wp:term":[{"taxonomy":"product_brand","embeddable":true,"href":"https:\/\/sabanadelamartours.com\/de\/wp-json\/wp\/v2\/product_brand?post=13519"},{"taxonomy":"product_cat","embeddable":true,"href":"https:\/\/sabanadelamartours.com\/de\/wp-json\/wp\/v2\/product_cat?post=13519"},{"taxonomy":"product_tag","embeddable":true,"href":"https:\/\/sabanadelamartours.com\/de\/wp-json\/wp\/v2\/product_tag?post=13519"}],"curies":[{"name":"wp","href":"https:\/\/api.w.org\/{rel}","templated":true}]}}