{"id":13589,"date":"2025-12-18T11:39:13","date_gmt":"2025-12-18T11:39:13","guid":{"rendered":"https:\/\/sabanadelamartours.com\/?post_type=product&#038;p=13589"},"modified":"2026-01-07T11:10:22","modified_gmt":"2026-01-07T11:10:22","slug":"tour-im-buggy-halbtags-und-strand-cenote-punta-cana","status":"publish","type":"product","link":"https:\/\/sabanadelamartours.com\/de\/tour\/tour-im-buggy-halbtags-und-strand-cenote-punta-cana\/","title":{"rendered":"Halbtagestour im Buggy und Strand Cenote :Punta Cana"},"content":{"rendered":"<p>Reiseverlauf: Punta Cana Highlights Tour Doppelter Buggy-Ausflug mit Hotel<\/p>\n<p>Startzeit: 8:30 AM 10:30 AM 2:30 PM<\/p>\n<p>Abholung vom Hotel: Die Tour beginnt mit der Abholung in Ihrem Hotel in Punta Cana durch Ihren Reiseleiter.<\/p>\n<p>Transfer zum Startpunkt: Sie werden zum Startpunkt der Buggy-Tour gebracht, wo Sie eine kurze Einweisung in die sichere Handhabung des Fahrzeugs erhalten.<\/p>\n<p>Buggy-Abfahrt: Sobald Sie bereit sind, beginnen Sie die Buggy-Tour durch die atemberaubende Landschaft von Punta Cana. Genie\u00dfen Sie den Nervenkitzel, Ihren eigenen Buggy zu fahren, w\u00e4hrend Sie Ihrem Guide durch malerische Stra\u00dfen und abwechslungsreiches Terrain folgen.<\/p>\n<p>Halt an einem typischen Haus: Der erste Halt wird in einem authentischen, typisch dominikanischen Haus sein. Hier haben Sie die M\u00f6glichkeit, in die lokale Kultur einzutauchen, mit den Bewohnern zu interagieren und etwas \u00fcber deren Lebensweise und Traditionen zu erfahren. Dar\u00fcber hinaus k\u00f6nnen Sie einen typisch dominikanischen Snack genie\u00dfen.<\/p>\n<p>Fortsetzung der Buggy-Tour: Nach dem Besuch des typischen Hauses setzen Sie die Erkundung der Landstra\u00dfen und Naturlandschaften von Punta Cana in Ihrem Buggy fort.<\/p>\n<p>Besuch der Cenote: Der n\u00e4chste Halt ist bei einer versteckten Cenote. Entdecken Sie die nat\u00fcrliche Sch\u00f6nheit dieser Cenote, w\u00e4hrend Sie sich mit einem Bad in ihrem kristallklaren Wasser abk\u00fchlen. Sie werden Zeit haben, sich zu entspannen und die Gelassenheit dieser einzigartigen Umgebung zu genie\u00dfen.<\/p>\n<p>Route zum Macao-Strand: Nach der Abk\u00fchlung in der Cenote setzen Sie Ihre Buggyfahrt zum beeindruckenden Macao Beach fort.<\/p>\n<p>Freie Zeit in Playa Macao: Sie erreichen Playa Macao, einen der sch\u00f6nsten Str\u00e4nde der Region. Hier haben Sie freie Zeit, um im wei\u00dfen Sand zu entspannen, im t\u00fcrkisfarbenen Wasser der Karibik zu schwimmen oder einfach die tropische Landschaft zu genie\u00dfen.<\/p>\n<div class=\"toggle-content__content toggle-content__content--expanded toggle-content__content--packable\" data-v-59485d64=\"\">\n<div data-test-id=\"activity-full-description-text\" data-v-5835c99c=\"\">R\u00fcckkehr zum Hotel: Nach einem Tag voller Abenteuer und einzigartiger Erlebnisse werden Sie zu Ihrem Hotel zur\u00fcckgebracht.<\/div>\n<\/div>\n<div class=\"toggle-content__label-placeholder\" data-v-59485d64=\"\"><\/div>","protected":false},"excerpt":{"rendered":"<div data-track=\"overview\" data-v-83a2b402=\"\">\n<section id=\"activity-overview\" class=\"activity-overview\" data-component=\"overview\" data-v-83a2b402=\"\" data-v-f3236c42=\"\">\n<p class=\"activity-overview__content\" data-test-id=\"activity-overview-content\" data-v-f3236c42=\"\">Erleben Sie die extreme Buggy-Erfahrung mit Ihrer Familie und Ihren Freunden in Punta Cana, sp\u00fcren Sie das Adrenalin<\/p>\n<\/section>\n<\/div>\n<div data-track=\"key-details\" data-v-83a2b402=\"\"><\/div>","protected":false},"featured_media":13870,"template":"","meta":[],"product_brand":[],"product_cat":[97],"product_tag":[101,102],"class_list":{"0":"post-13589","1":"product","2":"type-product","3":"status-publish","4":"has-post-thumbnail","6":"product_cat-dominican-republic","7":"product_tag-excursion","8":"product_tag-tour","10":"first","11":"instock","12":"shipping-taxable","13":"product-type-external"},"_links":{"self":[{"href":"https:\/\/sabanadelamartours.com\/de\/wp-json\/wp\/v2\/product\/13589","targetHints":{"allow":["GET"]}}],"collection":[{"href":"https:\/\/sabanadelamartours.com\/de\/wp-json\/wp\/v2\/product"}],"about":[{"href":"https:\/\/sabanadelamartours.com\/de\/wp-json\/wp\/v2\/types\/product"}],"version-history":[{"count":1,"href":"https:\/\/sabanadelamartours.com\/de\/wp-json\/wp\/v2\/product\/13589\/revisions"}],"predecessor-version":[{"id":18607,"href":"https:\/\/sabanadelamartours.com\/de\/wp-json\/wp\/v2\/product\/13589\/revisions\/18607"}],"wp:featuredmedia":[{"embeddable":true,"href":"https:\/\/sabanadelamartours.com\/de\/wp-json\/wp\/v2\/media\/13870"}],"wp:attachment":[{"href":"https:\/\/sabanadelamartours.com\/de\/wp-json\/wp\/v2\/media?parent=13589"}],"wp:term":[{"taxonomy":"product_brand","embeddable":true,"href":"https:\/\/sabanadelamartours.com\/de\/wp-json\/wp\/v2\/product_brand?post=13589"},{"taxonomy":"product_cat","embeddable":true,"href":"https:\/\/sabanadelamartours.com\/de\/wp-json\/wp\/v2\/product_cat?post=13589"},{"taxonomy":"product_tag","embeddable":true,"href":"https:\/\/sabanadelamartours.com\/de\/wp-json\/wp\/v2\/product_tag?post=13589"}],"curies":[{"name":"wp","href":"https:\/\/api.w.org\/{rel}","templated":true}]}}