{"id":13597,"date":"2025-12-18T11:39:40","date_gmt":"2025-12-18T11:39:40","guid":{"rendered":"https:\/\/sabanadelamartours.com\/?post_type=product&#038;p=13597"},"modified":"2026-01-07T11:12:56","modified_gmt":"2026-01-07T11:12:56","slug":"puerto-plata-ocean-world-tickets","status":"publish","type":"product","link":"https:\/\/sabanadelamartours.com\/de\/tour\/puerto-plata-ocean-world-tickets\/","title":{"rendered":"Puerto Plata Ocean World Tickets"},"content":{"rendered":"<p>Verbringen Sie den Tag im Ocean World Adventure Park am Cofresi Beach, etwas au\u00dferhalb von Puerto Plata. Es wird ein Hin- und R\u00fccktransport von nahegelegenen Hotels angeboten und es bleibt gen\u00fcgend Zeit zum Entspannen, aber ein H\u00f6hepunkt des Ausflugs ist die M\u00f6glichkeit, mit den patagonischen Seel\u00f6wen zu spielen.<\/p>\n<p>Diese liebenswerten Kreaturen, die auch als Clowns der Meere bekannt sind, k\u00f6nnen w\u00e4hrend einer 30-min\u00fctigen Begegnung aus n\u00e4chster N\u00e4he betrachtet werden. W\u00e4hrend eines Vortrags vor dem Schwimmen erfahren Sie mehr \u00fcber ihre Gewohnheiten und ihren Lebensraum.<\/p>\n<p>Dann kannst du sie anfassen, f\u00fcttern, streicheln und mit ihnen spielen, w\u00e4hrend du am Rande des Interaktionsbeckens sitzt. Beobachte mit Erstaunen, wie sie ihre lustigen Kunstst\u00fccke vorf\u00fchren.<\/p>\n<p>Ocean World ist der umfassendste Unterhaltungskomplex seiner Art in der Dominikanischen Republik und verf\u00fcgt \u00fcber die gr\u00f6\u00dfte von Menschenhand geschaffene Delfinlagune der Welt.<\/p>\n<p>Bei einem Spaziergang durch den Komplex werden Sie eine reiche Welt des Meeres- und Tierlebens entdecken und die Interaktion zwischen Mensch und Tier genie\u00dfen.<\/p>\n<p>Schnorcheln Sie im Tropical Reef Aquarium, in dem es von bunten Fischen wimmelt. Bestaunen Sie Kugelfische, Engels- und Schmetterlingsfische, w\u00e4hrend Grunzer und Schaukelfische an Ihnen vorbeischwimmen.<\/p>\n<p>Als n\u00e4chstes k\u00f6nnen Sie den Tropischen Regenwald besuchen, eine exotische Oase mit Wasserf\u00e4llen, Lagunen und Sandstr\u00e4nden. Der Eintritt zum Ocean World-Komplex beinhaltet den Besuch der Delfin-Show, der Hai-Show und der tropischen Vogel-Show.<\/p>\n<p>Wenn Sie sich eine Auszeit g\u00f6nnen m\u00f6chten, haben Sie Zugang zum Dolphin Beach, wo Ihnen bequeme Liegest\u00fchle zur Verf\u00fcgung stehen. Das Mittagessen ist inklusive.<\/p>\n<div class=\"toggle-content__content toggle-content__content--expanded toggle-content__content--packable\" data-v-59485d64=\"\">\n<div data-test-id=\"activity-full-description-text\" data-v-5835c99c=\"\">Die Tour ist ein Spa\u00df f\u00fcr die ganze Familie, und nach einem Tag des Lachens und Spielens mit einigen der reizendsten Kreaturen der Welt werden Sie mit Sicherheit ein L\u00e4cheln im Gesicht zur\u00fccklassen.<\/div>\n<\/div>\n<div class=\"toggle-content__label-placeholder\" data-v-59485d64=\"\"><\/div>","protected":false},"excerpt":{"rendered":"<div data-track=\"overview\" data-v-83a2b402=\"\">\n<section id=\"activity-overview\" class=\"activity-overview\" data-component=\"overview\" data-v-83a2b402=\"\" data-v-f3236c42=\"\">\n<p class=\"activity-overview__content\" data-test-id=\"activity-overview-content\" data-v-f3236c42=\"\">Sie haben einen ganzen Tag Zeit, um die vielen Freuden und bezaubernden Kreaturen des Komplexes zu erkunden und sich am Strand zu entspannen.<\/p>\n<\/section>\n<\/div>\n<div data-track=\"key-details\" data-v-83a2b402=\"\"><\/div>","protected":false},"featured_media":13892,"template":"","meta":[],"product_brand":[],"product_cat":[97],"product_tag":[101,102],"class_list":{"0":"post-13597","1":"product","2":"type-product","3":"status-publish","4":"has-post-thumbnail","6":"product_cat-dominican-republic","7":"product_tag-excursion","8":"product_tag-tour","10":"first","11":"instock","12":"shipping-taxable","13":"product-type-external"},"_links":{"self":[{"href":"https:\/\/sabanadelamartours.com\/de\/wp-json\/wp\/v2\/product\/13597","targetHints":{"allow":["GET"]}}],"collection":[{"href":"https:\/\/sabanadelamartours.com\/de\/wp-json\/wp\/v2\/product"}],"about":[{"href":"https:\/\/sabanadelamartours.com\/de\/wp-json\/wp\/v2\/types\/product"}],"version-history":[{"count":1,"href":"https:\/\/sabanadelamartours.com\/de\/wp-json\/wp\/v2\/product\/13597\/revisions"}],"predecessor-version":[{"id":18608,"href":"https:\/\/sabanadelamartours.com\/de\/wp-json\/wp\/v2\/product\/13597\/revisions\/18608"}],"wp:featuredmedia":[{"embeddable":true,"href":"https:\/\/sabanadelamartours.com\/de\/wp-json\/wp\/v2\/media\/13892"}],"wp:attachment":[{"href":"https:\/\/sabanadelamartours.com\/de\/wp-json\/wp\/v2\/media?parent=13597"}],"wp:term":[{"taxonomy":"product_brand","embeddable":true,"href":"https:\/\/sabanadelamartours.com\/de\/wp-json\/wp\/v2\/product_brand?post=13597"},{"taxonomy":"product_cat","embeddable":true,"href":"https:\/\/sabanadelamartours.com\/de\/wp-json\/wp\/v2\/product_cat?post=13597"},{"taxonomy":"product_tag","embeddable":true,"href":"https:\/\/sabanadelamartours.com\/de\/wp-json\/wp\/v2\/product_tag?post=13597"}],"curies":[{"name":"wp","href":"https:\/\/api.w.org\/{rel}","templated":true}]}}