{"id":13793,"date":"2025-12-18T11:48:14","date_gmt":"2025-12-18T11:48:14","guid":{"rendered":"https:\/\/sabanadelamartours.com\/?post_type=product&#038;p=13793"},"modified":"2026-02-11T11:08:04","modified_gmt":"2026-02-11T11:08:04","slug":"privater-transfer-von-punta-cana-nach-bahia-principe-la-romana","status":"publish","type":"product","link":"https:\/\/sabanadelamartours.com\/de\/tour\/privater-transfer-von-punta-cana-nach-bahia-principe-la-romana\/","title":{"rendered":"Privater Transfer von Punta Cana nach Bahia Principe La Romana"},"content":{"rendered":"<p><strong>Privater Transfer von Punta Cana nach Bahia Principe La Romana<\/strong><\/p>\n<p>Wenn Sie sich f\u00fcr unseren privaten Flughafentransfer nach Bahia Principe La Romana entscheiden, entscheiden Sie sich f\u00fcr ein Ma\u00df an Komfort, Bequemlichkeit und Zuverl\u00e4ssigkeit, das sich von allen anderen abhebt. Hier ist der Grund daf\u00fcr:<\/p>\n<p>Pers\u00f6nlicher Service:<\/p>\n<p>Unsere Fahrer begr\u00fc\u00dfen Sie in der Ankunftshalle mit einem Schild, auf dem Ihr Name steht, und sorgen so f\u00fcr einen reibungslosen und angenehmen Start Ihrer Reise.<\/p>\n<p>Flug\u00fcberwachung:<\/p>\n<p>Wir behalten Ihren Flugstatus im Auge und passen die Abholzeiten bei Versp\u00e4tungen oder verfr\u00fchten Ank\u00fcnften an, damit Sie nicht warten m\u00fcssen.<\/p>\n<p>Komfort und Annehmlichkeiten:<\/p>\n<p>Reisen Sie in modernen, klimatisierten Fahrzeugen mit kostenlosem Wasser in Flaschen, damit Sie w\u00e4hrend der gesamten Fahrt erfrischt bleiben.<\/p>\n<p>Berufskraftfahrer:<\/p>\n<p>Unsere erfahrenen Fahrer sind h\u00f6flich, ortskundig und bem\u00fcht, Ihnen eine sichere und angenehme Fahrt zu bieten.<\/p>\n<p>24\/7 Verf\u00fcgbarkeit:<\/p>\n<p>Ob Sie sp\u00e4t abends oder fr\u00fch morgens ankommen, unser Service steht Ihnen rund um die Uhr zur Verf\u00fcgung, um Ihre Reisebed\u00fcrfnisse zu erf\u00fcllen.<\/p>","protected":false},"excerpt":{"rendered":"<div data-track=\"overview\" data-v-83a2b402=\"\">\n<section id=\"activity-overview\" class=\"activity-overview\" data-component=\"overview\" data-v-83a2b402=\"\" data-v-f3236c42=\"\">\n<p class=\"activity-overview__content\" data-test-id=\"activity-overview-content\" data-v-f3236c42=\"\">Genie\u00dfen Sie einen privaten Transfer vom Flughafen Punta Cana zu Ihrem Hotel im Bahia Principe La Romana. Entspannen Sie sich in einem komfortablen, klimatisierten Fahrzeug mit kostenlosem Wasser in Flaschen.<\/p>\n<\/section>\n<\/div>\n<div data-track=\"key-details\" data-v-83a2b402=\"\"><\/div>","protected":false},"featured_media":14047,"template":"","meta":[],"product_brand":[],"product_cat":[97],"product_tag":[101,102],"class_list":{"0":"post-13793","1":"product","2":"type-product","3":"status-publish","4":"has-post-thumbnail","6":"product_cat-dominican-republic","7":"product_tag-excursion","8":"product_tag-tour","10":"first","11":"instock","12":"shipping-taxable","13":"product-type-external"},"_links":{"self":[{"href":"https:\/\/sabanadelamartours.com\/de\/wp-json\/wp\/v2\/product\/13793","targetHints":{"allow":["GET"]}}],"collection":[{"href":"https:\/\/sabanadelamartours.com\/de\/wp-json\/wp\/v2\/product"}],"about":[{"href":"https:\/\/sabanadelamartours.com\/de\/wp-json\/wp\/v2\/types\/product"}],"version-history":[{"count":1,"href":"https:\/\/sabanadelamartours.com\/de\/wp-json\/wp\/v2\/product\/13793\/revisions"}],"predecessor-version":[{"id":18982,"href":"https:\/\/sabanadelamartours.com\/de\/wp-json\/wp\/v2\/product\/13793\/revisions\/18982"}],"wp:featuredmedia":[{"embeddable":true,"href":"https:\/\/sabanadelamartours.com\/de\/wp-json\/wp\/v2\/media\/14047"}],"wp:attachment":[{"href":"https:\/\/sabanadelamartours.com\/de\/wp-json\/wp\/v2\/media?parent=13793"}],"wp:term":[{"taxonomy":"product_brand","embeddable":true,"href":"https:\/\/sabanadelamartours.com\/de\/wp-json\/wp\/v2\/product_brand?post=13793"},{"taxonomy":"product_cat","embeddable":true,"href":"https:\/\/sabanadelamartours.com\/de\/wp-json\/wp\/v2\/product_cat?post=13793"},{"taxonomy":"product_tag","embeddable":true,"href":"https:\/\/sabanadelamartours.com\/de\/wp-json\/wp\/v2\/product_tag?post=13793"}],"curies":[{"name":"wp","href":"https:\/\/api.w.org\/{rel}","templated":true}]}}