{"id":13980,"date":"2025-12-18T11:57:14","date_gmt":"2025-12-18T11:57:14","guid":{"rendered":"https:\/\/sabanadelamartours.com\/?post_type=product&#038;p=13980"},"modified":"2026-02-11T11:22:41","modified_gmt":"2026-02-11T11:22:41","slug":"santo-domingo-die-alteste-stadt-amerikas-all-inclusive-tagesausflug","status":"publish","type":"product","link":"https:\/\/sabanadelamartours.com\/de\/tour\/santo-domingo-die-alteste-stadt-amerikas-all-inclusive-tagesausflug\/","title":{"rendered":"Santo Domingo - Amerikas \u00e4lteste Stadt All Inclusive Tagesausflug"},"content":{"rendered":"<p>Santo Domingo de Guzm\u00e1n oder heute einfach Santo Domingo genannt, ist nicht nur die Hauptstadt und gr\u00f6\u00dfte Stadt der Dominikanischen Republik, sondern auch die \u00e4lteste Stadt Amerikas.<\/p>\n<p>Santo Domingo wurde vor \u00fcber 500 Jahren von den Spaniern gegr\u00fcndet und beherbergt die erste Universit\u00e4t, Kathedrale, Burg, Kloster und Festung der Neuen Welt. Die Zona Colonial der Stadt wurde von der UNESCO zum Weltkulturerbe erkl\u00e4rt.<\/p>\n<p>Begleiten Sie uns einen ganzen Tag (10 Stunden) lang auf einer historischen und kulturellen Entdeckungsreise durch die pulsierende Hauptstadt Santo Domingo. Etwa 200 km von den wei\u00dfen Sandstr\u00e4nden von Punta Cana entfernt (3 Stunden Fahrt), ist diese Besichtigungstour durch Santo Domingo ein Muss f\u00fcr jeden, der die Dominikanische Republik besucht. Es ist ein perfekter Tagesausflug f\u00fcr Familien mit Kindern, Paare, Freunde und Alleinreisende gleicherma\u00dfen.<\/p>\n<p>Bei diesem Ausflug mit einem erfahrenen Fremdenf\u00fchrer werden die wichtigsten Sehensw\u00fcrdigkeiten der Stadt besichtigt. Hier sind die Orte und Sehensw\u00fcrdigkeiten, die wir vor dem Mittagessen besuchen werden.<\/p>\n<p>-Tres Ojos National Park (Drei Augen): Kalksteinh\u00f6hlensystem unter freiem Himmel mit einer Reihe von kristallklaren Seen, die als die \u201cAugen\u201d bekannt sind.\u201d<\/p>\n<p>Kolumbus-Leuchtturm: Kolossales Denkmal-Museum zu Ehren von Christoph Kolumbus, dem Entdecker der Neuen Welt.<\/p>\n<p>-Zona Colonial: Santo Domingos historischste und kulturellste Stadtviertel.<\/p>\n<p>Nach dem Mittagessen setzen wir unsere Besichtigung dieser Denkm\u00e4ler fort:<\/p>\n<p>-Alcazar de Colon oder Vizek\u00f6nigspalast von Don Diego Colon<\/p>\n<p>-Kathedrale von Santa Maria<\/p>\n<p>-Bernsteinmuseum<\/p>\n<p>-Museum f\u00fcr Rum<\/p>\n<p>-Museum der K\u00f6nigsh\u00e4user<\/p>\n<p>Den ganzen Tag \u00fcber werden Sie unz\u00e4hlige Gelegenheiten haben, Fotos und Videos zu machen.<\/p>\n<p>Ihre gef\u00fchrte Tour beinhaltet Eintrittsgelder, ein k\u00f6stliches dominikanisches Mittagessen und die Hin- und R\u00fcckfahrt von Ihrem Hotel\/Resort in einem klimatisierten Bus f\u00fcr ein stressfreies Erlebnis.<\/p>\n<p>F\u00fcr Airbnbs haben wir verschiedene Abholorte.<\/p>\n<p>Die Abfahrt von Punta Cana erfolgt um 7:00 Uhr (fr\u00fch morgens).<\/p>","protected":false},"excerpt":{"rendered":"<div data-track=\"overview\" data-v-83a2b402=\"\">\n<section id=\"activity-overview\" class=\"activity-overview\" data-component=\"overview\" data-v-83a2b402=\"\" data-v-f3236c42=\"\">\n<p class=\"activity-overview__content\" data-test-id=\"activity-overview-content\" data-v-f3236c42=\"\">Diese ganzt\u00e4gige Tour durch Santo Domingo, die Hauptstadt und \u00e4lteste Stadt Amerikas, bietet ein reiches historisches und kulturelles Erlebnis. Sie beinhaltet Eintrittsgelder, ein k\u00f6stliches dominikanisches Mittagessen und den Transport.<\/p>\n<\/section>\n<\/div>\n<div data-track=\"key-details\" data-v-83a2b402=\"\"><\/div>","protected":false},"featured_media":14186,"template":"","meta":[],"product_brand":[],"product_cat":[97],"product_tag":[101,102],"class_list":{"0":"post-13980","1":"product","2":"type-product","3":"status-publish","4":"has-post-thumbnail","6":"product_cat-dominican-republic","7":"product_tag-excursion","8":"product_tag-tour","10":"first","11":"instock","12":"shipping-taxable","13":"product-type-external"},"_links":{"self":[{"href":"https:\/\/sabanadelamartours.com\/de\/wp-json\/wp\/v2\/product\/13980","targetHints":{"allow":["GET"]}}],"collection":[{"href":"https:\/\/sabanadelamartours.com\/de\/wp-json\/wp\/v2\/product"}],"about":[{"href":"https:\/\/sabanadelamartours.com\/de\/wp-json\/wp\/v2\/types\/product"}],"version-history":[{"count":1,"href":"https:\/\/sabanadelamartours.com\/de\/wp-json\/wp\/v2\/product\/13980\/revisions"}],"predecessor-version":[{"id":18999,"href":"https:\/\/sabanadelamartours.com\/de\/wp-json\/wp\/v2\/product\/13980\/revisions\/18999"}],"wp:featuredmedia":[{"embeddable":true,"href":"https:\/\/sabanadelamartours.com\/de\/wp-json\/wp\/v2\/media\/14186"}],"wp:attachment":[{"href":"https:\/\/sabanadelamartours.com\/de\/wp-json\/wp\/v2\/media?parent=13980"}],"wp:term":[{"taxonomy":"product_brand","embeddable":true,"href":"https:\/\/sabanadelamartours.com\/de\/wp-json\/wp\/v2\/product_brand?post=13980"},{"taxonomy":"product_cat","embeddable":true,"href":"https:\/\/sabanadelamartours.com\/de\/wp-json\/wp\/v2\/product_cat?post=13980"},{"taxonomy":"product_tag","embeddable":true,"href":"https:\/\/sabanadelamartours.com\/de\/wp-json\/wp\/v2\/product_tag?post=13980"}],"curies":[{"name":"wp","href":"https:\/\/api.w.org\/{rel}","templated":true}]}}