{"id":14058,"date":"2025-12-18T12:00:16","date_gmt":"2025-12-18T12:00:16","guid":{"rendered":"https:\/\/sabanadelamartours.com\/?post_type=product&#038;p=14058"},"modified":"2026-01-07T12:30:49","modified_gmt":"2026-01-07T12:30:49","slug":"-246","status":"publish","type":"product","link":"https:\/\/sabanadelamartours.com\/de\/tour\/-246\/","title":{"rendered":"Schwimmen in den Cenoten Ojos Ind\u00edgenas"},"content":{"rendered":"<p><span style=\"font-size: 12pt;\">Tauchen Sie ein in die Natur und entdecken Sie die Nachhaltigkeit auf unserer gef\u00fchrten Tour, bei der Sie unsere \u00f6kologischen Projekte kennenlernen, die die Bem\u00fchungen um den Schutz und die Wiederherstellung der nat\u00fcrlichen Ressourcen, die Bienenzucht, die Erhaltung des endemischen Ridgway-Falken und des Nashornleguans vorstellen. Unser Semi hei\u00dft Sie herzlich im \u00d6kologischen Reservat Ojos Ind\u00edgenas willkommen, wo Sie auf den Pfaden spazieren gehen und etwas mehr \u00fcber unsere Flora und Fauna erfahren. Zum Abschluss nehmen Sie ein erfrischendes Bad in der Lagune von Inriri.<\/span><\/p>","protected":false},"excerpt":{"rendered":"<div data-track=\"overview\" data-v-83a2b402=\"\">\n<section id=\"activity-overview\" class=\"activity-overview\" data-component=\"overview\" data-v-83a2b402=\"\" data-v-f3236c42=\"\">\n<p class=\"activity-overview__content\" data-test-id=\"activity-overview-content\" data-v-f3236c42=\"\">Tauchen Sie ein in die Natur und entdecken Sie die Nachhaltigkeit auf unserer gef\u00fchrten Tour, bei der Sie unsere \u00f6kologischen Projekte kennenlernen, die die Bem\u00fchungen zum Schutz und zur Wiederherstellung der nat\u00fcrlichen Ressourcen vorstellen.<\/p>\n<\/section>\n<\/div>\n<div data-track=\"key-details\" data-v-83a2b402=\"\"><\/div>","protected":false},"featured_media":14261,"template":"","meta":[],"product_brand":[],"product_cat":[97],"product_tag":[101,102],"class_list":{"0":"post-14058","1":"product","2":"type-product","3":"status-publish","4":"has-post-thumbnail","6":"product_cat-dominican-republic","7":"product_tag-excursion","8":"product_tag-tour","10":"first","11":"instock","12":"shipping-taxable","13":"product-type-external"},"_links":{"self":[{"href":"https:\/\/sabanadelamartours.com\/de\/wp-json\/wp\/v2\/product\/14058","targetHints":{"allow":["GET"]}}],"collection":[{"href":"https:\/\/sabanadelamartours.com\/de\/wp-json\/wp\/v2\/product"}],"about":[{"href":"https:\/\/sabanadelamartours.com\/de\/wp-json\/wp\/v2\/types\/product"}],"version-history":[{"count":1,"href":"https:\/\/sabanadelamartours.com\/de\/wp-json\/wp\/v2\/product\/14058\/revisions"}],"predecessor-version":[{"id":18627,"href":"https:\/\/sabanadelamartours.com\/de\/wp-json\/wp\/v2\/product\/14058\/revisions\/18627"}],"wp:featuredmedia":[{"embeddable":true,"href":"https:\/\/sabanadelamartours.com\/de\/wp-json\/wp\/v2\/media\/14261"}],"wp:attachment":[{"href":"https:\/\/sabanadelamartours.com\/de\/wp-json\/wp\/v2\/media?parent=14058"}],"wp:term":[{"taxonomy":"product_brand","embeddable":true,"href":"https:\/\/sabanadelamartours.com\/de\/wp-json\/wp\/v2\/product_brand?post=14058"},{"taxonomy":"product_cat","embeddable":true,"href":"https:\/\/sabanadelamartours.com\/de\/wp-json\/wp\/v2\/product_cat?post=14058"},{"taxonomy":"product_tag","embeddable":true,"href":"https:\/\/sabanadelamartours.com\/de\/wp-json\/wp\/v2\/product_tag?post=14058"}],"curies":[{"name":"wp","href":"https:\/\/api.w.org\/{rel}","templated":true}]}}