{"id":14073,"date":"2025-12-18T12:00:54","date_gmt":"2025-12-18T12:00:54","guid":{"rendered":"https:\/\/sabanadelamartours.com\/?post_type=product&#038;p=14073"},"modified":"2026-01-07T12:32:50","modified_gmt":"2026-01-07T12:32:50","slug":"-247","status":"publish","type":"product","link":"https:\/\/sabanadelamartours.com\/de\/tour\/-247\/","title":{"rendered":"Coco Bongo: Offizielle Website - Coco Bongo: Tickets &amp; Eintrittskarten"},"content":{"rendered":"<p>Entdecken Sie die bestbewerteten mit flexibler Stornierung und unserer Bestpreisgarantie. Kaufen Sie Ihre offiziellen Tickets online und sparen Sie Geld. Zeitlich begrenztes Angebot Get Tickets. W\u00e4hlen Sie Ihre Show. Durchsuchen Sie Sonderveranstaltungen. Chat-Support verf\u00fcgbar<\/p>\n<p>Tauchen Sie ein in eine Nacht voller Musik, Konfetti, Spezialeffekte, Lichtshows und Nonstop-Action. W\u00e4hlen Sie zwischen Open Bar oder Golden Member. Je nachdem, f\u00fcr welche Option Sie sich entscheiden, kommen Sie w\u00e4hrend der Nacht in den Genuss verschiedener Vorteile, wie z. B. einheimische Getr\u00e4nke, Premium-Getr\u00e4nke und vieles mehr.<\/p>\n<p>Das Coco Bongo ist bekannt f\u00fcr seine brillanten Shows und die Musik, die Sie zum Tanzen bringen wird. Wenn das Licht gedimmt wird, beginnt die eigentliche Show mit Konfetti, das vom Himmel f\u00e4llt, und B\u00fchnenshows, die das Beste von Madonna, Michael Jackson und Beyonc\u00e9 bieten.<\/p>\n<div class=\"toggle-content__content toggle-content__content--expanded toggle-content__content--packable\" data-v-59485d64=\"\">\n<div data-test-id=\"activity-full-description-text\" data-v-5835c99c=\"\">Wenn Sie das Nachtleben, Tanzen und tropische Cocktails lieben, d\u00fcrfen Sie das Coco Bongo Punta Cana nicht verpassen.<\/div>\n<\/div>\n<div class=\"toggle-content__label-placeholder\" data-v-59485d64=\"\"><\/div>","protected":false},"excerpt":{"rendered":"<div data-track=\"overview\" data-v-83a2b402=\"\">\n<section id=\"activity-overview\" class=\"activity-overview\" data-component=\"overview\" data-v-83a2b402=\"\" data-v-f3236c42=\"\">\n<p class=\"activity-overview__content\" data-test-id=\"activity-overview-content\" data-v-f3236c42=\"\">Genie\u00dfen Sie die Show in einem der ber\u00fchmtesten Nachtclubs Lateinamerikas. Die N\u00e4chte im Coco Bongo sind magisch und bieten verschiedene Shows und wechselnde Szenarien.<\/p>\n<\/section>\n<\/div>\n<div data-track=\"key-details\" data-v-83a2b402=\"\"><\/div>","protected":false},"featured_media":14277,"template":"","meta":[],"product_brand":[],"product_cat":[97],"product_tag":[101,102],"class_list":{"0":"post-14073","1":"product","2":"type-product","3":"status-publish","4":"has-post-thumbnail","6":"product_cat-dominican-republic","7":"product_tag-excursion","8":"product_tag-tour","10":"first","11":"instock","12":"shipping-taxable","13":"product-type-external"},"_links":{"self":[{"href":"https:\/\/sabanadelamartours.com\/de\/wp-json\/wp\/v2\/product\/14073","targetHints":{"allow":["GET"]}}],"collection":[{"href":"https:\/\/sabanadelamartours.com\/de\/wp-json\/wp\/v2\/product"}],"about":[{"href":"https:\/\/sabanadelamartours.com\/de\/wp-json\/wp\/v2\/types\/product"}],"version-history":[{"count":1,"href":"https:\/\/sabanadelamartours.com\/de\/wp-json\/wp\/v2\/product\/14073\/revisions"}],"predecessor-version":[{"id":18628,"href":"https:\/\/sabanadelamartours.com\/de\/wp-json\/wp\/v2\/product\/14073\/revisions\/18628"}],"wp:featuredmedia":[{"embeddable":true,"href":"https:\/\/sabanadelamartours.com\/de\/wp-json\/wp\/v2\/media\/14277"}],"wp:attachment":[{"href":"https:\/\/sabanadelamartours.com\/de\/wp-json\/wp\/v2\/media?parent=14073"}],"wp:term":[{"taxonomy":"product_brand","embeddable":true,"href":"https:\/\/sabanadelamartours.com\/de\/wp-json\/wp\/v2\/product_brand?post=14073"},{"taxonomy":"product_cat","embeddable":true,"href":"https:\/\/sabanadelamartours.com\/de\/wp-json\/wp\/v2\/product_cat?post=14073"},{"taxonomy":"product_tag","embeddable":true,"href":"https:\/\/sabanadelamartours.com\/de\/wp-json\/wp\/v2\/product_tag?post=14073"}],"curies":[{"name":"wp","href":"https:\/\/api.w.org\/{rel}","templated":true}]}}