{"id":14089,"date":"2025-12-18T12:01:35","date_gmt":"2025-12-18T12:01:35","guid":{"rendered":"https:\/\/sabanadelamartours.com\/?post_type=product&#038;p=14089"},"modified":"2026-01-07T12:46:01","modified_gmt":"2026-01-07T12:46:01","slug":"-249","status":"publish","type":"product","link":"https:\/\/sabanadelamartours.com\/de\/tour\/-249\/","title":{"rendered":"Buggy Off-Roading mit Schokoladenverkostung in Punta Cana"},"content":{"rendered":"<p>1. Wir werden gemeinsam eine Reise voller Adrenalin unternehmen, w\u00e4hrend wir die Fauna und die Landschaft von Punta Cana genie\u00dfen. Diese Reise endet am Macao Beach, so dass wir den besten Strand in Punta Cana genie\u00dfen k\u00f6nnen.<\/p>\n<p>2. Wir halten an der H\u00f6hle von Macao, wo wir lokale Schokolade, Kaffee und Manajuana probieren k\u00f6nnen. Wir werden auch in der Lage sein, in dem kristallklaren Wasser der H\u00f6hle zu schwimmen.<\/p>\n<p>3. Wir werden das kristallklare Wasser, den wei\u00dfen Sand und die spektakul\u00e4ren K\u00fcsten von Macao Beach genie\u00dfen.<\/p>\n<div class=\"toggle-content__content toggle-content__content--expanded toggle-content__content--packable\" data-v-59485d64=\"\">\n<div data-test-id=\"activity-full-description-text\" data-v-5835c99c=\"\">Dieses adrenalingeladene Abenteuer d\u00fcrfen Sie nicht verpassen!<\/div>\n<\/div>\n<div class=\"toggle-content__label-placeholder\" data-v-59485d64=\"\"><\/div>","protected":false},"excerpt":{"rendered":"<div data-track=\"overview\" data-v-83a2b402=\"\">\n<section id=\"activity-overview\" class=\"activity-overview\" data-component=\"overview\" data-v-83a2b402=\"\" data-v-f3236c42=\"\">\n<p class=\"activity-overview__content\" data-test-id=\"activity-overview-content\" data-v-f3236c42=\"\">Unsere Ausfl\u00fcge sind darauf ausgerichtet, Ihnen das ultimative Erlebnis im Paradies zu bieten. Sie werden atemberaubende Ziele entlang der Karibikk\u00fcste entdecken, die das perfekte Adrenalin und Abenteuer bieten.<\/p>\n<\/section>\n<\/div>\n<div data-track=\"key-details\" data-v-83a2b402=\"\"><\/div>","protected":false},"featured_media":14300,"template":"","meta":[],"product_brand":[],"product_cat":[97],"product_tag":[101,102],"class_list":{"0":"post-14089","1":"product","2":"type-product","3":"status-publish","4":"has-post-thumbnail","6":"product_cat-dominican-republic","7":"product_tag-excursion","8":"product_tag-tour","10":"first","11":"instock","12":"shipping-taxable","13":"product-type-external"},"_links":{"self":[{"href":"https:\/\/sabanadelamartours.com\/de\/wp-json\/wp\/v2\/product\/14089","targetHints":{"allow":["GET"]}}],"collection":[{"href":"https:\/\/sabanadelamartours.com\/de\/wp-json\/wp\/v2\/product"}],"about":[{"href":"https:\/\/sabanadelamartours.com\/de\/wp-json\/wp\/v2\/types\/product"}],"version-history":[{"count":1,"href":"https:\/\/sabanadelamartours.com\/de\/wp-json\/wp\/v2\/product\/14089\/revisions"}],"predecessor-version":[{"id":18630,"href":"https:\/\/sabanadelamartours.com\/de\/wp-json\/wp\/v2\/product\/14089\/revisions\/18630"}],"wp:featuredmedia":[{"embeddable":true,"href":"https:\/\/sabanadelamartours.com\/de\/wp-json\/wp\/v2\/media\/14300"}],"wp:attachment":[{"href":"https:\/\/sabanadelamartours.com\/de\/wp-json\/wp\/v2\/media?parent=14089"}],"wp:term":[{"taxonomy":"product_brand","embeddable":true,"href":"https:\/\/sabanadelamartours.com\/de\/wp-json\/wp\/v2\/product_brand?post=14089"},{"taxonomy":"product_cat","embeddable":true,"href":"https:\/\/sabanadelamartours.com\/de\/wp-json\/wp\/v2\/product_cat?post=14089"},{"taxonomy":"product_tag","embeddable":true,"href":"https:\/\/sabanadelamartours.com\/de\/wp-json\/wp\/v2\/product_tag?post=14089"}],"curies":[{"name":"wp","href":"https:\/\/api.w.org\/{rel}","templated":true}]}}