{"id":14103,"date":"2025-12-18T12:02:07","date_gmt":"2025-12-18T12:02:07","guid":{"rendered":"https:\/\/sabanadelamartours.com\/?post_type=product&#038;p=14103"},"modified":"2026-01-06T12:22:50","modified_gmt":"2026-01-06T12:22:50","slug":"-251","status":"publish","type":"product","link":"https:\/\/sabanadelamartours.com\/de\/tour\/-251\/","title":{"rendered":"Punta Cana: Catalina Island Schnorcheltour mit Mittagessen"},"content":{"rendered":"<p>Fahren Sie an Bord der \u2018Paradise\u2019 entlang der K\u00fcste der Dominikanischen Republik nach Catalina Island. W\u00e4hrend dieser ganzt\u00e4gigen Tour, die von PADI-zertifizierten Tauchern geleitet wird, k\u00f6nnen Sie sich an den Str\u00e4nden von Catalina Island entspannen und \u2018the Wall\u2019, den ber\u00fchmten Schnorchelplatz der Gegend, erkunden. Gehen Sie an Land und genie\u00dfen Sie ein authentisches dominikanisches Mittagessen, das am Strand zubereitet wird.<\/p>\n<p>Sie werden von Ihrem Hotel in Punta Cana oder Bavaro abgeholt und fahren zum Yachthafen. Gehen Sie an Bord des Katamarans und setzen Sie die Segel in Richtung Catalina Island. Genie\u00dfen Sie eine Stunde Schnorcheln, um die wahre Sch\u00f6nheit von \u2018The Wall\u2019 zu entdecken. Freuen Sie sich auf klares, t\u00fcrkisfarbenes Wasser, unglaubliche Sichtweiten und ein erstaunliches Unterwasser-\u00d6kosystem.<\/p>\n<p>Diejenigen, die tauchen, werden ihren zweiten Tauchgang im Aquarium erleben. Nach dem Tauchgang nehmen Sie Kurs auf die Westseite von Catalina Island. Bei der Ankunft werden Sie mit dem Schnellboot zum Strand der Insel gebracht.<\/p>\n<p>Sehen Sie zu, wie der Koch ein unglaubliches dominikanisches Mittagessen zubereitet. Schweinefleisch, H\u00fchnchen, Salate, Nudeln und einheimische Fr\u00fcchte - alles zubereitet in einer hygienischen K\u00fcche. Halten Sie Platz f\u00fcr die einheimischen Fr\u00fcchte frei.<\/p>\n<div class=\"toggle-content__content toggle-content__content--expanded toggle-content__content--packable\" data-v-59485d64=\"\">\n<div data-test-id=\"activity-full-description-text\" data-v-5835c99c=\"\">Nach dem Mittagessen haben Sie Zeit zur freien Verf\u00fcgung, um zu schnorcheln oder einfach zu entspannen und den Strand zu genie\u00dfen. Gegen 15 Uhr werden Sie mit dem Schnellboot zum Katamaran \u2018Paradise\u2019 \u00fcbergesetzt. Nehmen Sie Kurs auf den Yachthafen, wo Ihr Bus auf Sie wartet, um Sie zur\u00fcck zu Ihrem Hotel zu bringen.<\/div>\n<\/div>\n<div class=\"toggle-content__label-placeholder\" data-v-59485d64=\"\"><\/div>","protected":false},"excerpt":{"rendered":"<div data-track=\"overview\" data-v-83a2b402=\"\">\n<section id=\"activity-overview\" class=\"activity-overview\" data-component=\"overview\" data-v-83a2b402=\"\" data-v-f3236c42=\"\">\n<p class=\"activity-overview__content\" data-test-id=\"activity-overview-content\" data-v-f3236c42=\"\">Entdecken Sie die Unterwasserwelt der Dominikanischen Republik bei einer Schnorcheltour zur Insel Catalina. Genie\u00dfen Sie ein k\u00f6stliches dominikanisches Mittagessen, das von einem Koch am Strand zubereitet wird.<\/p>\n<\/section>\n<\/div>\n<div data-track=\"key-details\" data-v-83a2b402=\"\"><\/div>","protected":false},"featured_media":14316,"template":"","meta":[],"product_brand":[],"product_cat":[97],"product_tag":[101,102],"class_list":{"0":"post-14103","1":"product","2":"type-product","3":"status-publish","4":"has-post-thumbnail","6":"product_cat-dominican-republic","7":"product_tag-excursion","8":"product_tag-tour","10":"first","11":"instock","12":"shipping-taxable","13":"product-type-external"},"_links":{"self":[{"href":"https:\/\/sabanadelamartours.com\/de\/wp-json\/wp\/v2\/product\/14103","targetHints":{"allow":["GET"]}}],"collection":[{"href":"https:\/\/sabanadelamartours.com\/de\/wp-json\/wp\/v2\/product"}],"about":[{"href":"https:\/\/sabanadelamartours.com\/de\/wp-json\/wp\/v2\/types\/product"}],"version-history":[{"count":1,"href":"https:\/\/sabanadelamartours.com\/de\/wp-json\/wp\/v2\/product\/14103\/revisions"}],"predecessor-version":[{"id":18532,"href":"https:\/\/sabanadelamartours.com\/de\/wp-json\/wp\/v2\/product\/14103\/revisions\/18532"}],"wp:featuredmedia":[{"embeddable":true,"href":"https:\/\/sabanadelamartours.com\/de\/wp-json\/wp\/v2\/media\/14316"}],"wp:attachment":[{"href":"https:\/\/sabanadelamartours.com\/de\/wp-json\/wp\/v2\/media?parent=14103"}],"wp:term":[{"taxonomy":"product_brand","embeddable":true,"href":"https:\/\/sabanadelamartours.com\/de\/wp-json\/wp\/v2\/product_brand?post=14103"},{"taxonomy":"product_cat","embeddable":true,"href":"https:\/\/sabanadelamartours.com\/de\/wp-json\/wp\/v2\/product_cat?post=14103"},{"taxonomy":"product_tag","embeddable":true,"href":"https:\/\/sabanadelamartours.com\/de\/wp-json\/wp\/v2\/product_tag?post=14103"}],"curies":[{"name":"wp","href":"https:\/\/api.w.org\/{rel}","templated":true}]}}