{"id":14195,"date":"2025-12-18T12:05:41","date_gmt":"2025-12-18T12:05:41","guid":{"rendered":"https:\/\/sabanadelamartours.com\/?post_type=product&#038;p=14195"},"modified":"2026-02-11T04:00:26","modified_gmt":"2026-02-11T04:00:26","slug":"-264","status":"publish","type":"product","link":"https:\/\/sabanadelamartours.com\/de\/tour\/-264\/","title":{"rendered":"Tour TODO INCLUIDO en Sendero Acu\u00e1tico Cueva de la Virgen"},"content":{"rendered":"<p>Begeben Sie sich auf eine einzigartige Tour, die Sie zu einigen der sch\u00f6nsten Orte in der Region Barahona in der Dominikanischen Republik f\u00fchrt. Besuchen Sie das Larimar-Museum, erkunden Sie die Cueva de la Virgen und entspannen Sie am Strand.<\/p>\n<p>Beginnen Sie Ihre Tour im Larimar-Museum, wo Sie mehr \u00fcber die Geschichte und die Herstellung des Halbedelsteins Larimar erfahren k\u00f6nnen, der nur in der Dominikanischen Republik vorkommt. Nach dem Besuch des Museums fahren Sie in die Gemeinde Bahoruco und besuchen kleine Kunsthandwerksbetriebe.<\/p>\n<p>Weiter geht es zur Cueva de la Virgen. Nach der Erkundung der H\u00f6hle kehren Sie an die K\u00fcste von Barahona zur\u00fcck, wo Sie eine wohlverdiente Pause am Strand einlegen oder in den nahe gelegenen Restaurants einheimische Gerichte probieren k\u00f6nnen.<\/p>","protected":false},"excerpt":{"rendered":"<div data-track=\"overview\" data-v-83a2b402=\"\">\n<section id=\"activity-overview\" class=\"activity-overview\" data-component=\"overview\" data-v-83a2b402=\"\" data-v-f3236c42=\"\">\n<p class=\"activity-overview__content\" data-test-id=\"activity-overview-content\" data-v-f3236c42=\"\">Entdecken Sie die Geschichte und die Herstellung des Halbedelsteins Larimar, besuchen Sie die kleinen Werkst\u00e4tten der lokalen Handwerker in der Gemeinde Bahoruco und erkunden Sie die Cueva de la Virgen.<\/p>\n<\/section>\n<\/div>\n<div data-track=\"key-details\" data-v-83a2b402=\"\"><\/div>","protected":false},"featured_media":13207,"template":"","meta":[],"product_brand":[],"product_cat":[97],"product_tag":[101,102],"class_list":{"0":"post-14195","1":"product","2":"type-product","3":"status-publish","4":"has-post-thumbnail","6":"product_cat-dominican-republic","7":"product_tag-excursion","8":"product_tag-tour","10":"first","11":"instock","12":"shipping-taxable","13":"product-type-external"},"_links":{"self":[{"href":"https:\/\/sabanadelamartours.com\/de\/wp-json\/wp\/v2\/product\/14195","targetHints":{"allow":["GET"]}}],"collection":[{"href":"https:\/\/sabanadelamartours.com\/de\/wp-json\/wp\/v2\/product"}],"about":[{"href":"https:\/\/sabanadelamartours.com\/de\/wp-json\/wp\/v2\/types\/product"}],"version-history":[{"count":1,"href":"https:\/\/sabanadelamartours.com\/de\/wp-json\/wp\/v2\/product\/14195\/revisions"}],"predecessor-version":[{"id":18926,"href":"https:\/\/sabanadelamartours.com\/de\/wp-json\/wp\/v2\/product\/14195\/revisions\/18926"}],"wp:featuredmedia":[{"embeddable":true,"href":"https:\/\/sabanadelamartours.com\/de\/wp-json\/wp\/v2\/media\/13207"}],"wp:attachment":[{"href":"https:\/\/sabanadelamartours.com\/de\/wp-json\/wp\/v2\/media?parent=14195"}],"wp:term":[{"taxonomy":"product_brand","embeddable":true,"href":"https:\/\/sabanadelamartours.com\/de\/wp-json\/wp\/v2\/product_brand?post=14195"},{"taxonomy":"product_cat","embeddable":true,"href":"https:\/\/sabanadelamartours.com\/de\/wp-json\/wp\/v2\/product_cat?post=14195"},{"taxonomy":"product_tag","embeddable":true,"href":"https:\/\/sabanadelamartours.com\/de\/wp-json\/wp\/v2\/product_tag?post=14195"}],"curies":[{"name":"wp","href":"https:\/\/api.w.org\/{rel}","templated":true}]}}