{"id":14269,"date":"2025-12-18T12:08:35","date_gmt":"2025-12-18T12:08:35","guid":{"rendered":"https:\/\/sabanadelamartours.com\/?post_type=product&#038;p=14269"},"modified":"2026-02-11T12:23:03","modified_gmt":"2026-02-11T12:23:03","slug":"-272","status":"publish","type":"product","link":"https:\/\/sabanadelamartours.com\/de\/tour\/-272\/","title":{"rendered":"Stadtrundfahrt in Santo Domingo mit Mittagessen ab Punta Cana"},"content":{"rendered":"<p>Entdecken Sie den Zauber von Santo Domingo, einer Stadt voller Geschichte, Kultur und atemberaubender Landschaften. Als \u00e4lteste Hauptstadt der Neuen Welt bietet Santo Domingo ein reiches Spektrum an historischen und kulturellen Sehensw\u00fcrdigkeiten.<\/p>\n<p>Ihre Reise beginnt mit einer bequemen Abholung vom Hotel, die die Grundlage f\u00fcr eine intensive Erkundung des pulsierenden Erbes der Dominikanischen Republik bildet. Bestaunen Sie in Santo Domingo das Naturwunder der Cenoten des Nationalparks Los Tres Ojos, ein wahrhaft magisches Erlebnis.<\/p>\n<p>Erkunden Sie die bedeutendsten Denkm\u00e4ler der Stadt, darunter die Erste Kathedrale Amerikas, den Alc\u00e1zar de Col\u00f3n, das Nationale Pantheon und El Faro a Col\u00f3n. Schlendern Sie durch die Kolonialzone, wo Sie die romantische und historische Stra\u00dfe \u201cThe Ladies\u201d finden, die erste ihrer Art in Amerika.<\/p>\n<p>Diese t\u00e4gliche Tour dauert etwa 10 Stunden und bietet ein spannendes und lehrreiches Abenteuer f\u00fcr die ganze Familie.<\/p>","protected":false},"excerpt":{"rendered":"<div data-track=\"overview\" data-v-83a2b402=\"\">\n<section id=\"activity-overview\" class=\"activity-overview\" data-component=\"overview\" data-v-83a2b402=\"\" data-v-f3236c42=\"\">\n<p class=\"activity-overview__content\" data-test-id=\"activity-overview-content\" data-v-f3236c42=\"\">Begeben Sie sich auf eine fesselnde Reise durch Santo Domingo, wo Sie die \u00e4lteste Stadt der Neuen Welt erkunden werden.<\/p>\n<\/section>\n<\/div>\n<div data-track=\"key-details\" data-v-83a2b402=\"\"><\/div>","protected":false},"featured_media":14516,"template":"","meta":[],"product_brand":[],"product_cat":[97],"product_tag":[101,102],"class_list":{"0":"post-14269","1":"product","2":"type-product","3":"status-publish","4":"has-post-thumbnail","6":"product_cat-dominican-republic","7":"product_tag-excursion","8":"product_tag-tour","10":"first","11":"instock","12":"shipping-taxable","13":"product-type-external"},"_links":{"self":[{"href":"https:\/\/sabanadelamartours.com\/de\/wp-json\/wp\/v2\/product\/14269","targetHints":{"allow":["GET"]}}],"collection":[{"href":"https:\/\/sabanadelamartours.com\/de\/wp-json\/wp\/v2\/product"}],"about":[{"href":"https:\/\/sabanadelamartours.com\/de\/wp-json\/wp\/v2\/types\/product"}],"version-history":[{"count":1,"href":"https:\/\/sabanadelamartours.com\/de\/wp-json\/wp\/v2\/product\/14269\/revisions"}],"predecessor-version":[{"id":19021,"href":"https:\/\/sabanadelamartours.com\/de\/wp-json\/wp\/v2\/product\/14269\/revisions\/19021"}],"wp:featuredmedia":[{"embeddable":true,"href":"https:\/\/sabanadelamartours.com\/de\/wp-json\/wp\/v2\/media\/14516"}],"wp:attachment":[{"href":"https:\/\/sabanadelamartours.com\/de\/wp-json\/wp\/v2\/media?parent=14269"}],"wp:term":[{"taxonomy":"product_brand","embeddable":true,"href":"https:\/\/sabanadelamartours.com\/de\/wp-json\/wp\/v2\/product_brand?post=14269"},{"taxonomy":"product_cat","embeddable":true,"href":"https:\/\/sabanadelamartours.com\/de\/wp-json\/wp\/v2\/product_cat?post=14269"},{"taxonomy":"product_tag","embeddable":true,"href":"https:\/\/sabanadelamartours.com\/de\/wp-json\/wp\/v2\/product_tag?post=14269"}],"curies":[{"name":"wp","href":"https:\/\/api.w.org\/{rel}","templated":true}]}}