{"id":14307,"date":"2025-12-18T12:10:38","date_gmt":"2025-12-18T12:10:38","guid":{"rendered":"https:\/\/sabanadelamartours.com\/?post_type=product&#038;p=14307"},"modified":"2025-12-18T12:22:30","modified_gmt":"2025-12-18T12:22:30","slug":"-276","status":"publish","type":"product","link":"https:\/\/sabanadelamartours.com\/de\/tour\/-276\/","title":{"rendered":"ATV"},"content":{"rendered":"<p>Wir holen Sie in einem lokalen Airbnb oder Resort ab und bringen Sie nach Macao, wo Sie zur Ranch fahren. Auf der Ranch erhalten Sie eine Sicherheitseinweisung, Helme und Anweisungen f\u00fcr die Tour und die Orte, die Sie besuchen werden.<\/p>\n<p>Auf der Ranch entscheiden Sie, wer f\u00e4hrt, und Sie wechseln sich w\u00e4hrend der Tour ab.<\/p>\n<p>Ihr erstes Ziel ist die H\u00f6hle, in der Sie in nat\u00fcrlichem Quellwasser schwimmen k\u00f6nnen und in der Sie sich etwa 45 Minuten aufhalten werden.<\/p>\n<p>Nach dem Schwimmen in der H\u00f6hle gehen Sie zu einer Klaviervorf\u00fchrung, bei der wir Ihnen die lokale Landwirtschaft mit Kaffee, Schokolade, Rum und anderen biologischen Produkten, die hier in der Dominikanischen Republik angebaut werden, zeigen werden.<\/p>\n<p>Nach der 45-min\u00fctigen Vorf\u00fchrung geht es weiter \u00fcber die Wanderwege bis zum Macao Beach.<\/p>\n<p>Am Strand von Macau haben Sie eine Stunde Zeit, um den \u00fcbersch\u00fcssigen Schlamm von den Wanderwegen abzuwaschen und am Strand zu schwimmen, Fotos und Videos zu machen.<\/p>\n<p>Nach dem Stranderlebnis und w\u00e4hrend der gesamten Tour stellen wir eine Drohne zur Verf\u00fcgung, die Videos aufnimmt und Fotografen, die w\u00e4hrend des gesamten Abenteuers Bilder von Ihnen machen.<\/p>\n<div class=\"toggle-content__content toggle-content__content--expanded toggle-content__content--packable\" data-v-59485d64=\"\">\n<div data-test-id=\"activity-full-description-text\" data-v-5835c99c=\"\">W\u00e4hrend Sie abwechselnd fahren, kehren Sie zur Ranch zur\u00fcck, wo Sie sich waschen k\u00f6nnen und Ihre Taschen sicher aufbewahrt werden, so dass Sie auf einen Transport umsteigen und zur\u00fcck zu Ihrem urspr\u00fcnglichen Ziel fahren k\u00f6nnen.<\/div>\n<\/div>\n<div class=\"toggle-content__label-placeholder\" data-v-59485d64=\"\"><\/div>","protected":false},"excerpt":{"rendered":"<div data-track=\"overview\" data-v-83a2b402=\"\">\n<section id=\"activity-overview\" class=\"activity-overview\" data-component=\"overview\" data-v-83a2b402=\"\" data-v-f3236c42=\"\">\n<p class=\"activity-overview__content\" data-test-id=\"activity-overview-content\" data-v-f3236c42=\"\">Sie haben die Wahl zwischen einem zweisitzigen oder viersitzigen Boogie, einem zweisitzigen ATV, einem 4- bis 5-sitzigen Polaris oder Can-Am<\/p>\n<\/section>\n<\/div>\n<div data-track=\"key-details\" data-v-83a2b402=\"\"><\/div>","protected":false},"featured_media":14548,"template":"","meta":[],"product_brand":[],"product_cat":[97],"product_tag":[101,102],"class_list":{"0":"post-14307","1":"product","2":"type-product","3":"status-publish","4":"has-post-thumbnail","6":"product_cat-dominican-republic","7":"product_tag-excursion","8":"product_tag-tour","10":"first","11":"instock","12":"shipping-taxable","13":"product-type-external"},"_links":{"self":[{"href":"https:\/\/sabanadelamartours.com\/de\/wp-json\/wp\/v2\/product\/14307","targetHints":{"allow":["GET"]}}],"collection":[{"href":"https:\/\/sabanadelamartours.com\/de\/wp-json\/wp\/v2\/product"}],"about":[{"href":"https:\/\/sabanadelamartours.com\/de\/wp-json\/wp\/v2\/types\/product"}],"version-history":[{"count":0,"href":"https:\/\/sabanadelamartours.com\/de\/wp-json\/wp\/v2\/product\/14307\/revisions"}],"wp:featuredmedia":[{"embeddable":true,"href":"https:\/\/sabanadelamartours.com\/de\/wp-json\/wp\/v2\/media\/14548"}],"wp:attachment":[{"href":"https:\/\/sabanadelamartours.com\/de\/wp-json\/wp\/v2\/media?parent=14307"}],"wp:term":[{"taxonomy":"product_brand","embeddable":true,"href":"https:\/\/sabanadelamartours.com\/de\/wp-json\/wp\/v2\/product_brand?post=14307"},{"taxonomy":"product_cat","embeddable":true,"href":"https:\/\/sabanadelamartours.com\/de\/wp-json\/wp\/v2\/product_cat?post=14307"},{"taxonomy":"product_tag","embeddable":true,"href":"https:\/\/sabanadelamartours.com\/de\/wp-json\/wp\/v2\/product_tag?post=14307"}],"curies":[{"name":"wp","href":"https:\/\/api.w.org\/{rel}","templated":true}]}}