{"id":14381,"date":"2025-12-18T12:13:50","date_gmt":"2025-12-18T12:13:50","guid":{"rendered":"https:\/\/sabanadelamartours.com\/?post_type=product&#038;p=14381"},"modified":"2026-02-11T12:31:56","modified_gmt":"2026-02-11T12:31:56","slug":"-284","status":"publish","type":"product","link":"https:\/\/sabanadelamartours.com\/de\/tour\/-284\/","title":{"rendered":"Santo Domingo Ganztagesausflug von Punta Cana"},"content":{"rendered":"<p>Entdecken Sie eine der \u00e4ltesten St\u00e4dte der Karibik auf diesem Ganztagesausflug nach Santo Domingo. Besuchen Sie die wichtigsten Sehensw\u00fcrdigkeiten der Stadt, darunter die Kathedrale Unserer Lieben Frau von der Menschwerdung, den Col\u00f3n-Palast und das Nationale Pantheon. Sie haben auch die M\u00f6glichkeit, die koloniale Architektur der Stadt in der N\u00e4he des Malecon zu bewundern, bevor Sie zur\u00fcck nach Punta Cana fahren. Und genie\u00dfen Sie die Sch\u00f6nheit der ersten Stadt Amerikas.<\/p>\n<p>- Wir bieten Abholung und R\u00fcckgabe an.<\/p>\n<p>- National Park Los Tres Ojos.<\/p>\n<p>- Columbus-Leuchtturm. - Koloniale Zone.<\/p>\n<p>- Alcazar de Colon.<\/p>\n<p>- Museum Casas Reales.<\/p>\n<p>- Panteon Nacional.<\/p>\n<p>- Nuestra Se\u00f1ora de la Encarnaci\u00f3n.<\/p>\n<p>- Nationaler Palast.<\/p>\n<p>- Ablegen.<\/p>","protected":false},"excerpt":{"rendered":"<div data-track=\"overview\" data-v-83a2b402=\"\">\n<section id=\"activity-overview\" class=\"activity-overview\" data-component=\"overview\" data-v-83a2b402=\"\" data-v-f3236c42=\"\">\n<p class=\"activity-overview__content\" data-test-id=\"activity-overview-content\" data-v-f3236c42=\"\">Entdecken Sie eine der \u00e4ltesten St\u00e4dte der Karibik bei diesem Ganztagesausflug nach Santo Domingo.<\/p>\n<\/section>\n<\/div>\n<div data-track=\"key-details\" data-v-83a2b402=\"\"><\/div>","protected":false},"featured_media":14603,"template":"","meta":[],"product_brand":[],"product_cat":[97],"product_tag":[101,102],"class_list":{"0":"post-14381","1":"product","2":"type-product","3":"status-publish","4":"has-post-thumbnail","6":"product_cat-dominican-republic","7":"product_tag-excursion","8":"product_tag-tour","10":"first","11":"instock","12":"sale","13":"shipping-taxable","14":"product-type-external"},"_links":{"self":[{"href":"https:\/\/sabanadelamartours.com\/de\/wp-json\/wp\/v2\/product\/14381","targetHints":{"allow":["GET"]}}],"collection":[{"href":"https:\/\/sabanadelamartours.com\/de\/wp-json\/wp\/v2\/product"}],"about":[{"href":"https:\/\/sabanadelamartours.com\/de\/wp-json\/wp\/v2\/types\/product"}],"version-history":[{"count":1,"href":"https:\/\/sabanadelamartours.com\/de\/wp-json\/wp\/v2\/product\/14381\/revisions"}],"predecessor-version":[{"id":19025,"href":"https:\/\/sabanadelamartours.com\/de\/wp-json\/wp\/v2\/product\/14381\/revisions\/19025"}],"wp:featuredmedia":[{"embeddable":true,"href":"https:\/\/sabanadelamartours.com\/de\/wp-json\/wp\/v2\/media\/14603"}],"wp:attachment":[{"href":"https:\/\/sabanadelamartours.com\/de\/wp-json\/wp\/v2\/media?parent=14381"}],"wp:term":[{"taxonomy":"product_brand","embeddable":true,"href":"https:\/\/sabanadelamartours.com\/de\/wp-json\/wp\/v2\/product_brand?post=14381"},{"taxonomy":"product_cat","embeddable":true,"href":"https:\/\/sabanadelamartours.com\/de\/wp-json\/wp\/v2\/product_cat?post=14381"},{"taxonomy":"product_tag","embeddable":true,"href":"https:\/\/sabanadelamartours.com\/de\/wp-json\/wp\/v2\/product_tag?post=14381"}],"curies":[{"name":"wp","href":"https:\/\/api.w.org\/{rel}","templated":true}]}}