{"id":14390,"date":"2025-12-18T12:14:31","date_gmt":"2025-12-18T12:14:31","guid":{"rendered":"https:\/\/sabanadelamartours.com\/?post_type=product&#038;p=14390"},"modified":"2026-01-07T13:13:36","modified_gmt":"2026-01-07T13:13:36","slug":"-285","status":"publish","type":"product","link":"https:\/\/sabanadelamartours.com\/de\/tour\/-285\/","title":{"rendered":"Santo Domingo: Historische Stadtrundfahrt"},"content":{"rendered":"<p>Hier wurde die erste Kathedrale gebaut, der erste Bischof geweiht, der erste Gouverneur residiert und das erste Krankenhaus er\u00f6ffnet. Die Stadt verf\u00fcgt \u00fcber zahlreiche kulturelle und architektonische Sehensw\u00fcrdigkeiten, wie es sie sonst nirgendwo auf der Insel Hispaniola gibt.<\/p>\n<p>Der Rundgang beginnt im historischen Kolonialviertel der Stadt, das von der Unesco zum Weltkulturerbe erkl\u00e4rt wurde. Der Ausflug eignet sich perfekt f\u00fcr alle, die mehr \u00fcber die historischen Urspr\u00fcnge der Neuen Welt erfahren m\u00f6chten. W\u00e4hrend des Spaziergangs k\u00f6nnen Sie die erste Kathedrale, die erste Universit\u00e4t, die Festung und den Justizpalast besichtigen. Spazieren Sie durch die Calle Las Damas, die erste Kopfsteinpflasterstra\u00dfe, und sehen Sie das erste Krankenhaus, die erste Schiffswerft und den ersten Vizek\u00f6nigspalast des amerikanischen Kontinents. Erkunden Sie einige der wichtigsten Museen, Pl\u00e4tze und Sehensw\u00fcrdigkeiten und nutzen Sie die Gelegenheit, einzigartige Fotos zu machen.<\/p>","protected":false},"excerpt":{"rendered":"<div data-track=\"overview\" data-v-83a2b402=\"\">\n<section id=\"activity-overview\" class=\"activity-overview\" data-component=\"overview\" data-v-83a2b402=\"\" data-v-f3236c42=\"\">\n<p class=\"activity-overview__content\" data-test-id=\"activity-overview-content\" data-v-f3236c42=\"\">Erkunden Sie die historischen Sehensw\u00fcrdigkeiten von Santo Domingo, der ersten europ\u00e4ischen Stadt auf dem amerikanischen Kontinent. Besuchen Sie die Zona Colonial und ihre kulturellen Attraktionen.<\/p>\n<\/section>\n<\/div>\n<div data-track=\"key-details\" data-v-83a2b402=\"\"><\/div>","protected":false},"featured_media":14615,"template":"","meta":[],"product_brand":[],"product_cat":[97],"product_tag":[101,102],"class_list":{"0":"post-14390","1":"product","2":"type-product","3":"status-publish","4":"has-post-thumbnail","6":"product_cat-dominican-republic","7":"product_tag-excursion","8":"product_tag-tour","10":"first","11":"instock","12":"sale","13":"shipping-taxable","14":"product-type-external"},"_links":{"self":[{"href":"https:\/\/sabanadelamartours.com\/de\/wp-json\/wp\/v2\/product\/14390","targetHints":{"allow":["GET"]}}],"collection":[{"href":"https:\/\/sabanadelamartours.com\/de\/wp-json\/wp\/v2\/product"}],"about":[{"href":"https:\/\/sabanadelamartours.com\/de\/wp-json\/wp\/v2\/types\/product"}],"version-history":[{"count":1,"href":"https:\/\/sabanadelamartours.com\/de\/wp-json\/wp\/v2\/product\/14390\/revisions"}],"predecessor-version":[{"id":18645,"href":"https:\/\/sabanadelamartours.com\/de\/wp-json\/wp\/v2\/product\/14390\/revisions\/18645"}],"wp:featuredmedia":[{"embeddable":true,"href":"https:\/\/sabanadelamartours.com\/de\/wp-json\/wp\/v2\/media\/14615"}],"wp:attachment":[{"href":"https:\/\/sabanadelamartours.com\/de\/wp-json\/wp\/v2\/media?parent=14390"}],"wp:term":[{"taxonomy":"product_brand","embeddable":true,"href":"https:\/\/sabanadelamartours.com\/de\/wp-json\/wp\/v2\/product_brand?post=14390"},{"taxonomy":"product_cat","embeddable":true,"href":"https:\/\/sabanadelamartours.com\/de\/wp-json\/wp\/v2\/product_cat?post=14390"},{"taxonomy":"product_tag","embeddable":true,"href":"https:\/\/sabanadelamartours.com\/de\/wp-json\/wp\/v2\/product_tag?post=14390"}],"curies":[{"name":"wp","href":"https:\/\/api.w.org\/{rel}","templated":true}]}}