{"id":14402,"date":"2025-12-18T12:14:59","date_gmt":"2025-12-18T12:14:59","guid":{"rendered":"https:\/\/sabanadelamartours.com\/?post_type=product&#038;p=14402"},"modified":"2026-02-11T04:49:17","modified_gmt":"2026-02-11T04:49:17","slug":"-287","status":"publish","type":"product","link":"https:\/\/sabanadelamartours.com\/de\/tour\/-287\/","title":{"rendered":"Tauchtour in Puerto Plata Hotel\/Landung"},"content":{"rendered":"<p>Tauchen in Puerto Plata ist ein einzigartiges Naturerlebnis unter Wasser. Puerto Plata ist ein gro\u00dfartiges Ziel f\u00fcr \u00d6kotourismus und bietet Tauchern ein vielf\u00e4ltiges marines \u00d6kosystem, das es zu erkunden gilt. Entlang der Nordk\u00fcste bieten Korallenriffe, G\u00e4rten von Meereslebewesen und majest\u00e4tische Steilw\u00e4nde eine Vielzahl von Tauchpl\u00e4tzen f\u00fcr Taucher aller Niveaus.<\/p>\n<div class=\"toggle-content__content toggle-content__content--expanded toggle-content__content--packable\" data-v-59485d64=\"\">\n<div data-test-id=\"activity-full-description-text\" data-v-5835c99c=\"\">Wir holen Sie von Ihrem Resort\/Kreuzfahrtschiff ab und bringen Sie zu unserer Tauchbasis in Puerto Plata in der Bucht von Sosua, dem Herzen der Unterwassersch\u00f6nheit. Von dort aus haben wir Zugang zu den besten Tauchpl\u00e4tzen entlang der Nordk\u00fcste. Die Steilwandtauchg\u00e4nge bieten Schwimmtr\u00f6ge, \u00dcberh\u00e4nge, Tunnel und die gr\u00f6\u00dferen Fische des Atlantiks, wie Barrakudas und Zackenbarsche. Die G\u00e4rten bieten einen gro\u00dfz\u00fcgigen Brutplatz f\u00fcr viele tropische Fische und eine erstaunliche Vielfalt an Arten kann beobachtet werden. Die Riffe von Sosua sind die Heimat von Mur\u00e4nen, Seepferdchen, Tintenfischen, Hummern, Krebsen, Tintenfischen, Rochen und vielen anderen Meeresbewohnern des Atlantiks. Lassen Sie sich von uns dorthin bringen und teilen Sie unsere Leidenschaft f\u00fcr das Tauchen. Wir zeigen Ihnen das Beste, was Sosua zu bieten hat<\/div>\n<\/div>\n<div class=\"toggle-content__label-placeholder\" data-v-59485d64=\"\"><\/div>","protected":false},"excerpt":{"rendered":"<div data-track=\"overview\" data-v-83a2b402=\"\">\n<section id=\"activity-overview\" class=\"activity-overview\" data-component=\"overview\" data-v-83a2b402=\"\" data-v-f3236c42=\"\">\n<p class=\"activity-overview__content\" data-test-id=\"activity-overview-content\" data-v-f3236c42=\"\">Tauchen in Puerto Plata ist ein einzigartiges Naturerlebnis unter Wasser. Puerto Plata ist ein gro\u00dfartiges Ziel f\u00fcr \u00d6kotourismus und bietet Tauchern ein vielf\u00e4ltiges marines \u00d6kosystem, das es zu erkunden gilt.<\/p>\n<\/section>\n<\/div>\n<div data-track=\"key-details\" data-v-83a2b402=\"\"><\/div>","protected":false},"featured_media":13394,"template":"","meta":[],"product_brand":[],"product_cat":[97],"product_tag":[101,102],"class_list":{"0":"post-14402","1":"product","2":"type-product","3":"status-publish","4":"has-post-thumbnail","6":"product_cat-dominican-republic","7":"product_tag-excursion","8":"product_tag-tour","10":"first","11":"instock","12":"sale","13":"shipping-taxable","14":"product-type-external"},"_links":{"self":[{"href":"https:\/\/sabanadelamartours.com\/de\/wp-json\/wp\/v2\/product\/14402","targetHints":{"allow":["GET"]}}],"collection":[{"href":"https:\/\/sabanadelamartours.com\/de\/wp-json\/wp\/v2\/product"}],"about":[{"href":"https:\/\/sabanadelamartours.com\/de\/wp-json\/wp\/v2\/types\/product"}],"version-history":[{"count":1,"href":"https:\/\/sabanadelamartours.com\/de\/wp-json\/wp\/v2\/product\/14402\/revisions"}],"predecessor-version":[{"id":18944,"href":"https:\/\/sabanadelamartours.com\/de\/wp-json\/wp\/v2\/product\/14402\/revisions\/18944"}],"wp:featuredmedia":[{"embeddable":true,"href":"https:\/\/sabanadelamartours.com\/de\/wp-json\/wp\/v2\/media\/13394"}],"wp:attachment":[{"href":"https:\/\/sabanadelamartours.com\/de\/wp-json\/wp\/v2\/media?parent=14402"}],"wp:term":[{"taxonomy":"product_brand","embeddable":true,"href":"https:\/\/sabanadelamartours.com\/de\/wp-json\/wp\/v2\/product_brand?post=14402"},{"taxonomy":"product_cat","embeddable":true,"href":"https:\/\/sabanadelamartours.com\/de\/wp-json\/wp\/v2\/product_cat?post=14402"},{"taxonomy":"product_tag","embeddable":true,"href":"https:\/\/sabanadelamartours.com\/de\/wp-json\/wp\/v2\/product_tag?post=14402"}],"curies":[{"name":"wp","href":"https:\/\/api.w.org\/{rel}","templated":true}]}}