{"id":14426,"date":"2025-12-18T12:16:24","date_gmt":"2025-12-18T12:16:24","guid":{"rendered":"https:\/\/sabanadelamartours.com\/?post_type=product&#038;p=14426"},"modified":"2026-01-09T02:46:55","modified_gmt":"2026-01-09T02:46:55","slug":"-289","status":"publish","type":"product","link":"https:\/\/sabanadelamartours.com\/de\/tour\/-289\/","title":{"rendered":"Zip Line Playa Esmeralda mit dem Berg Redonda"},"content":{"rendered":"<p>Machen Sie sich bereit f\u00fcr einen Tag voller Aufregung, Sch\u00f6nheit und Abenteuer mit dieser spektakul\u00e4ren Tour, die Entspannung am Strand, Adrenalin auf der Seilrutsche und Panoramablick vom Berg kombiniert!<\/p>\n<p>Playa Esmeralda: Beginnen Sie Ihr Abenteuer an der bezaubernden Playa Esmeralda. Mit seinem wei\u00dfen Sand und kristallklarem Wasser ist er der perfekte Ort zum Entspannen, Schwimmen oder einfach nur zum Genie\u00dfen der idyllischen Umgebung. Nehmen Sie sich Zeit, um die nat\u00fcrliche Sch\u00f6nheit zu genie\u00dfen und neue Energie zu tanken, bevor Sie die Tour fortsetzen.<\/p>\n<p>Seilrutschen: Dann machen Sie sich bereit f\u00fcr einen Adrenalinsto\u00df bei einem aufregenden Ziplining-Erlebnis. Gleiten Sie durch die \u00fcppigen tropischen Landschaften und sp\u00fcren Sie den Nervenkitzel des Fliegens durch die Luft, w\u00e4hrend Sie einen atemberaubenden Blick auf die nat\u00fcrliche Umgebung genie\u00dfen. Ein Erlebnis, das Aufregung und Staunen vereint - perfekt f\u00fcr Abenteuerlustige!<\/p>\n<p>Monta\u00f1a Redonda: Schlie\u00dfen Sie Ihren Ausflug mit einem Besuch der Monta\u00f1a Redonda ab, wo Sie spektakul\u00e4re Aussichten erwarten. Genie\u00dfen Sie vom Gipfel aus einen 360-Grad-Panoramablick auf Str\u00e4nde, Berge und die \u00fcppige Vegetation. Es ist der ideale Ort, um unvergessliche Fotos zu machen und die nat\u00fcrliche Sch\u00f6nheit der Region zu genie\u00dfen.<\/p>\n<p>Mittagessen: Auf halber Strecke der Tour ist ein k\u00f6stliches Mittagessen inbegriffen. Genie\u00dfen Sie eine Auswahl an lokalen Gerichten, w\u00e4hrend Sie sich \u00fcber Ihre Erlebnisse austauschen und sich auf die n\u00e4chste Etappe des Abenteuers vorbereiten.<\/p>\n<p>Empfehlungen<\/p>\n<p>Tragen Sie bequeme, f\u00fcr Aktivit\u00e4ten im Freien geeignete Kleidung.<\/p>\n<p>Vergessen Sie nicht Sonnencreme, Sonnenbrille und ein Handtuch f\u00fcr den Strand.<\/p>\n<p>Achten Sie darauf, dass Sie ausreichend Fl\u00fcssigkeit zu sich nehmen und einen Hut zum Schutz vor der Sonne tragen.<\/p>\n<div class=\"toggle-content__content toggle-content__content--expanded toggle-content__content--packable\" data-v-59485d64=\"\">\n<div data-test-id=\"activity-full-description-text\" data-v-5835c99c=\"\">Diese Tour bietet eine perfekte Mischung aus Entspannung, Abenteuer und atemberaubenden Aussichten, die ein unvergessliches Erlebnis garantieren! Verpassen Sie es nicht!<\/div>\n<\/div>\n<div class=\"toggle-content__label-placeholder\" data-v-59485d64=\"\"><\/div>","protected":false},"excerpt":{"rendered":"<div data-track=\"overview\" data-v-83a2b402=\"\">\n<section id=\"activity-overview\" class=\"activity-overview\" data-component=\"overview\" data-v-83a2b402=\"\" data-v-f3236c42=\"\">\n<p class=\"activity-overview__content\" data-test-id=\"activity-overview-content\" data-v-f3236c42=\"\">Begeben Sie sich auf dieser Halbtagestour auf ein aufregendes Abenteuer, das paradiesische Str\u00e4nde, Adrenalin und atemberaubende Aussichten vereint!<\/p>\n<\/section>\n<\/div>\n<div data-track=\"key-details\" data-v-83a2b402=\"\"><\/div>","protected":false},"featured_media":14656,"template":"","meta":[],"product_brand":[],"product_cat":[97],"product_tag":[101,102],"class_list":{"0":"post-14426","1":"product","2":"type-product","3":"status-publish","4":"has-post-thumbnail","6":"product_cat-dominican-republic","7":"product_tag-excursion","8":"product_tag-tour","10":"first","11":"instock","12":"shipping-taxable","13":"product-type-external"},"_links":{"self":[{"href":"https:\/\/sabanadelamartours.com\/de\/wp-json\/wp\/v2\/product\/14426","targetHints":{"allow":["GET"]}}],"collection":[{"href":"https:\/\/sabanadelamartours.com\/de\/wp-json\/wp\/v2\/product"}],"about":[{"href":"https:\/\/sabanadelamartours.com\/de\/wp-json\/wp\/v2\/types\/product"}],"version-history":[{"count":1,"href":"https:\/\/sabanadelamartours.com\/de\/wp-json\/wp\/v2\/product\/14426\/revisions"}],"predecessor-version":[{"id":18646,"href":"https:\/\/sabanadelamartours.com\/de\/wp-json\/wp\/v2\/product\/14426\/revisions\/18646"}],"wp:featuredmedia":[{"embeddable":true,"href":"https:\/\/sabanadelamartours.com\/de\/wp-json\/wp\/v2\/media\/14656"}],"wp:attachment":[{"href":"https:\/\/sabanadelamartours.com\/de\/wp-json\/wp\/v2\/media?parent=14426"}],"wp:term":[{"taxonomy":"product_brand","embeddable":true,"href":"https:\/\/sabanadelamartours.com\/de\/wp-json\/wp\/v2\/product_brand?post=14426"},{"taxonomy":"product_cat","embeddable":true,"href":"https:\/\/sabanadelamartours.com\/de\/wp-json\/wp\/v2\/product_cat?post=14426"},{"taxonomy":"product_tag","embeddable":true,"href":"https:\/\/sabanadelamartours.com\/de\/wp-json\/wp\/v2\/product_tag?post=14426"}],"curies":[{"name":"wp","href":"https:\/\/api.w.org\/{rel}","templated":true}]}}