{"id":14453,"date":"2025-12-18T12:18:05","date_gmt":"2025-12-18T12:18:05","guid":{"rendered":"https:\/\/sabanadelamartours.com\/?post_type=product&#038;p=14453"},"modified":"2026-02-11T04:51:30","modified_gmt":"2026-02-11T04:51:30","slug":"-291","status":"publish","type":"product","link":"https:\/\/sabanadelamartours.com\/de\/tour\/-291\/","title":{"rendered":"Santo Domingo: Das Beste von Santo Domingo Stadtrundfahrt"},"content":{"rendered":"<p>Zusammen mit einem professionellen F\u00fchrer besuchen Sie die sch\u00f6nsten Orte der Stadt. Sie werden die Gelegenheit haben, die Stadt zu erkunden und dabei faszinierende Fakten und Legenden zu h\u00f6ren. Das Volk der Tsachila von Santo Domingo war es, das in den 1960er Jahren Touristen aus der ganzen Welt anlockte. Was machte das Volk der Tsachila so besonders? Was war so einzigartig und charmant an ihrem Lebensstil? Welche Bedeutung steckte hinter den roten Z\u00f6pfen? Sie werden \u00fcberrascht sein, wie viele Geschichten sich in den Stra\u00dfen, Geb\u00e4uden und Ecken von Santo Domingo verbergen. Ihr charmanter Fremdenf\u00fchrer wird Ihnen erz\u00e4hlen, was das Besondere und Einzigartige am Leben in dieser Stadt ist. Perfekt f\u00fcr alle, die die Stadt zum ersten Mal besuchen und das Beste aus ihr herausholen wollen!<\/p>\n<p>Au\u00dferdem k\u00f6nnen Sie die folgenden Attraktionen erleben:<\/p>\n<p>- Fortaleza Ozama<\/p>\n<p>- Nuestra Se\u00f1ora de la Encarnaci\u00f3n<\/p>\n<p>- Columbus-Park<\/p>\n<p>- Pantheon des Vaterlandes<\/p>\n<p>- Museum der K\u00f6nigsh\u00e4user<\/p>","protected":false},"excerpt":{"rendered":"<div data-track=\"overview\" data-v-83a2b402=\"\">\n<section id=\"activity-overview\" class=\"activity-overview\" data-component=\"overview\" data-v-83a2b402=\"\" data-v-f3236c42=\"\">\n<p class=\"activity-overview__content\" data-test-id=\"activity-overview-content\" data-v-f3236c42=\"\">Sehen Sie das Beste von Santo Domingo und erfahren Sie mehr \u00fcber die reiche Geschichte und Kultur der Hauptstadt der Dominikanischen Republik, w\u00e4hrend Sie die Stadt mit einem \u00f6rtlichen F\u00fchrer erkunden.<\/p>\n<\/section>\n<\/div>\n<div data-track=\"key-details\" data-v-83a2b402=\"\"><\/div>","protected":false},"featured_media":13435,"template":"","meta":[],"product_brand":[],"product_cat":[97],"product_tag":[101,102],"class_list":{"0":"post-14453","1":"product","2":"type-product","3":"status-publish","4":"has-post-thumbnail","6":"product_cat-dominican-republic","7":"product_tag-excursion","8":"product_tag-tour","10":"first","11":"instock","12":"shipping-taxable","13":"product-type-external"},"_links":{"self":[{"href":"https:\/\/sabanadelamartours.com\/de\/wp-json\/wp\/v2\/product\/14453","targetHints":{"allow":["GET"]}}],"collection":[{"href":"https:\/\/sabanadelamartours.com\/de\/wp-json\/wp\/v2\/product"}],"about":[{"href":"https:\/\/sabanadelamartours.com\/de\/wp-json\/wp\/v2\/types\/product"}],"version-history":[{"count":1,"href":"https:\/\/sabanadelamartours.com\/de\/wp-json\/wp\/v2\/product\/14453\/revisions"}],"predecessor-version":[{"id":18946,"href":"https:\/\/sabanadelamartours.com\/de\/wp-json\/wp\/v2\/product\/14453\/revisions\/18946"}],"wp:featuredmedia":[{"embeddable":true,"href":"https:\/\/sabanadelamartours.com\/de\/wp-json\/wp\/v2\/media\/13435"}],"wp:attachment":[{"href":"https:\/\/sabanadelamartours.com\/de\/wp-json\/wp\/v2\/media?parent=14453"}],"wp:term":[{"taxonomy":"product_brand","embeddable":true,"href":"https:\/\/sabanadelamartours.com\/de\/wp-json\/wp\/v2\/product_brand?post=14453"},{"taxonomy":"product_cat","embeddable":true,"href":"https:\/\/sabanadelamartours.com\/de\/wp-json\/wp\/v2\/product_cat?post=14453"},{"taxonomy":"product_tag","embeddable":true,"href":"https:\/\/sabanadelamartours.com\/de\/wp-json\/wp\/v2\/product_tag?post=14453"}],"curies":[{"name":"wp","href":"https:\/\/api.w.org\/{rel}","templated":true}]}}