{"id":14541,"date":"2025-12-18T12:22:01","date_gmt":"2025-12-18T12:22:01","guid":{"rendered":"https:\/\/sabanadelamartours.com\/?post_type=product&#038;p=14541"},"modified":"2026-01-09T02:57:09","modified_gmt":"2026-01-09T02:57:09","slug":"catalina-island-tagesausflug-grosartiges-schnorcheln","status":"publish","type":"product","link":"https:\/\/sabanadelamartours.com\/de\/tour\/catalina-island-tagesausflug-grosartiges-schnorcheln\/","title":{"rendered":"Catalina Island DayTrip + Schnorcheln"},"content":{"rendered":"<p>Wir fahren in den fr\u00fchen Morgenstunden von den Hotels in Punta Cana und Bayahibe, Busse mit Komfort und Klimaanlage, um die wundersch\u00f6ne Stadt La Romana zu erreichen. Bei der Ankunft am Hafen in der Multihull all den Spa\u00df unserer F\u00fchrer wird uns zu einem der sch\u00f6nsten Korallenriffe in der Dominikanischen Republik zu nehmen, dort k\u00f6nnen Sie Tauchen und Schnorcheln gehen, wenn Sie m\u00f6chten<\/p>\n<p>Dann geht es weiter nach Catalina Island, um ein erfrischendes Bad zu nehmen, und wer m\u00f6chte, kann auch schnorcheln. Wir essen ein reichhaltiges Mittagsbuffet und trinken dabei ein paar leckere Getr\u00e4nke.<\/p>\n<div class=\"toggle-content__content toggle-content__content--expanded toggle-content__content--packable\" data-v-59485d64=\"\">\n<div data-test-id=\"activity-full-description-text\" data-v-5835c99c=\"\">Am Nachmittag fahren Sie mit dem Katamaran zur\u00fcck zum Hafen von La Romana und kehren zum Hotel zur\u00fcck.<\/div>\n<\/div>\n<div class=\"toggle-content__label-placeholder\" data-v-59485d64=\"\"><\/div>","protected":false},"excerpt":{"rendered":"<div data-track=\"overview\" data-v-83a2b402=\"\">\n<section id=\"activity-overview\" class=\"activity-overview\" data-component=\"overview\" data-v-83a2b402=\"\" data-v-f3236c42=\"\">\n<p class=\"activity-overview__content\" data-test-id=\"activity-overview-content\" data-v-f3236c42=\"\">Wir fahren in den fr\u00fchen Morgenstunden von den Hotels in Punta Cana und Bayahibe mit komfortablen und klimatisierten Bussen ab, um die wundersch\u00f6ne Stadt La Romana zu erreichen.<\/p>\n<\/section>\n<\/div>\n<div data-track=\"key-details\" data-v-83a2b402=\"\"><\/div>","protected":false},"featured_media":14774,"template":"","meta":[],"product_brand":[],"product_cat":[97],"product_tag":[101,102],"class_list":{"0":"post-14541","1":"product","2":"type-product","3":"status-publish","4":"has-post-thumbnail","6":"product_cat-dominican-republic","7":"product_tag-excursion","8":"product_tag-tour","10":"first","11":"instock","12":"shipping-taxable","13":"product-type-external"},"_links":{"self":[{"href":"https:\/\/sabanadelamartours.com\/de\/wp-json\/wp\/v2\/product\/14541","targetHints":{"allow":["GET"]}}],"collection":[{"href":"https:\/\/sabanadelamartours.com\/de\/wp-json\/wp\/v2\/product"}],"about":[{"href":"https:\/\/sabanadelamartours.com\/de\/wp-json\/wp\/v2\/types\/product"}],"version-history":[{"count":1,"href":"https:\/\/sabanadelamartours.com\/de\/wp-json\/wp\/v2\/product\/14541\/revisions"}],"predecessor-version":[{"id":18651,"href":"https:\/\/sabanadelamartours.com\/de\/wp-json\/wp\/v2\/product\/14541\/revisions\/18651"}],"wp:featuredmedia":[{"embeddable":true,"href":"https:\/\/sabanadelamartours.com\/de\/wp-json\/wp\/v2\/media\/14774"}],"wp:attachment":[{"href":"https:\/\/sabanadelamartours.com\/de\/wp-json\/wp\/v2\/media?parent=14541"}],"wp:term":[{"taxonomy":"product_brand","embeddable":true,"href":"https:\/\/sabanadelamartours.com\/de\/wp-json\/wp\/v2\/product_brand?post=14541"},{"taxonomy":"product_cat","embeddable":true,"href":"https:\/\/sabanadelamartours.com\/de\/wp-json\/wp\/v2\/product_cat?post=14541"},{"taxonomy":"product_tag","embeddable":true,"href":"https:\/\/sabanadelamartours.com\/de\/wp-json\/wp\/v2\/product_tag?post=14541"}],"curies":[{"name":"wp","href":"https:\/\/api.w.org\/{rel}","templated":true}]}}